{"id":6943,"date":"2022-07-17T09:28:47","date_gmt":"2022-07-17T08:28:47","guid":{"rendered":"https:\/\/vesnajanko.eu\/?page_id=6943"},"modified":"2024-10-07T12:24:17","modified_gmt":"2024-10-07T11:24:17","slug":"zemljina-revolucija-ili-ophodnja","status":"publish","type":"page","link":"https:\/\/vesnajanko.eu\/?page_id=6943","title":{"rendered":"Zemljina revolucija ili ophodnja"},"content":{"rendered":"\n<p class=\"has-background has-small-font-size\" style=\"background-color:#fcb90066\">\u2013 opisuje revoluciju Zemlje, navodi trajanje i posljedice revolucije i nagnutosti Zemljine osi te njihov utjecaj na klimu<\/p>\n\n\n\n<p class=\"has-small-font-size\">Stranice ud\u017ebenika: 22. &#8211; 24.<\/p>\n\n\n\n<p>Za\u0161to se smjenjuju godi\u0161nja doba?<\/p>\n\n\n\n<hr class=\"wp-block-separator has-css-opacity\"\/>\n\n\n\n<p>Rad u aplikaciji Nearpod.com<\/p>\n\n\n\n<p class=\"has-pale-ocean-gradient-background has-background\"><a href=\"https:\/\/docs.google.com\/presentation\/d\/e\/2PACX-1vRCgIDIbK9UgdwIf6aPSkPm-Nv-gGDjRTzh2SrLVxtkKHILzDUk9bDxtYH1y3ryNoLf3f7ntmw_I0QJ\/pub?start=false&amp;loop=false&amp;delayms=3000\" data-type=\"link\" data-id=\"https:\/\/docs.google.com\/presentation\/d\/e\/2PACX-1vRCgIDIbK9UgdwIf6aPSkPm-Nv-gGDjRTzh2SrLVxtkKHILzDUk9bDxtYH1y3ryNoLf3f7ntmw_I0QJ\/pub?start=false&amp;loop=false&amp;delayms=3000\" target=\"_blank\" rel=\"noreferrer noopener\">Pogledaj prezentaciju ovdje<\/a>.<\/p>\n\n\n\n<iframe loading=\"lazy\" src=\"https:\/\/docs.google.com\/presentation\/d\/e\/2PACX-1vRy18fYtYuEq8XXHr_eRjOMXRj-ciAvrO0a0mnjNE7rn45RQf3CceisyQdr14VjMvIqLZfVxf8x9NQ4\/embed?start=false&#038;loop=false&#038;delayms=3000\" frameborder=\"0\" width=\"960\" height=\"569\" allowfullscreen=\"true\" mozallowfullscreen=\"true\" webkitallowfullscreen=\"true\"><\/iframe>\n\n\n\n<div style=\"height:41px\" aria-hidden=\"true\" class=\"wp-block-spacer\"><\/div>\n\n\n\n<p><a href=\"https:\/\/www.youtube.com\/watch?v=taHTA7S_JGk\" target=\"_blank\" rel=\"noreferrer noopener\">geography seasons &#8211; YouTube<\/a><\/p>\n\n\n\n<hr class=\"wp-block-separator has-css-opacity\"\/>\n\n\n\n<p class=\"has-pale-cyan-blue-background-color has-background has-medium-font-size\"><strong>Geobilje\u017enica:<\/strong><\/p>\n\n\n\n<p class=\"has-text-align-center\"><span style=\"text-decoration: underline;\">Zemljina revolucija ili ophodnja<\/span><\/p>\n\n\n\n<p>Zemljina revolucija (ophodnja) \u2013&nbsp;<strong>okretanje Zemlje oko Sunca<\/strong>.<\/p>\n\n\n\n<p>Zemlja se okrene jednom oko Sunca za&nbsp;<strong>365 dana i 6 sati<\/strong>.<\/p>\n\n\n\n<p>Radi lak\u0161eg ra\u010dunanja vremena u kalendaru dodaje se jedan dan svakih \u010detiri godina \u2013&nbsp;<strong>prijestupna godina<\/strong>.<\/p>\n\n\n\n<ul class=\"wp-block-list\">\n<li>6 sati * 4 godine = 24 sata = 1 dan,&nbsp;zato prijestupna godina ima 366 dana<\/li>\n<\/ul>\n\n\n\n<p><strong>Zemljina os je nagnuta<\/strong>&nbsp;na ravninu ophodnje, a posljedice su:<\/p>\n\n\n\n<ul class=\"wp-block-list\">\n<li>razli\u010dito trajanje dana i no\u0107i<\/li>\n\n\n\n<li>izmjena godi\u0161njih doba<\/li>\n<\/ul>\n\n\n\n<div style=\"height:40px\" aria-hidden=\"true\" class=\"wp-block-spacer\"><\/div>\n","protected":false},"excerpt":{"rendered":"<p>\u2013 opisuje revoluciju Zemlje, navodi trajanje i posljedice revolucije i nagnutosti Zemljine osi te njihov utjecaj na klimu Stranice ud\u017ebenika: 22. &#8211; 24. Za\u0161to se smjenjuju godi\u0161nja doba? Rad u aplikaciji Nearpod.com Pogledaj prezentaciju ovdje. geography seasons &#8211; YouTube Geobilje\u017enica: Zemljina revolucija ili ophodnja Zemljina revolucija (ophodnja) \u2013&nbsp;okretanje Zemlje oko&#8230; <a href=\"https:\/\/vesnajanko.eu\/?page_id=6943\" class=\"readmore\">Vi\u0161e<span class=\"screen-reader-text\">&#8220;Zemljina revolucija ili ophodnja&#8221;<\/span><\/a><\/p>\n","protected":false},"author":1,"featured_media":0,"parent":5082,"menu_order":3,"comment_status":"closed","ping_status":"closed","template":"templates\/page-full-width.php","meta":{"footnotes":""},"class_list":["post-6943","page","type-page","status-publish","hentry"],"_links":{"self":[{"href":"https:\/\/vesnajanko.eu\/index.php?rest_route=\/wp\/v2\/pages\/6943","targetHints":{"allow":["GET"]}}],"collection":[{"href":"https:\/\/vesnajanko.eu\/index.php?rest_route=\/wp\/v2\/pages"}],"about":[{"href":"https:\/\/vesnajanko.eu\/index.php?rest_route=\/wp\/v2\/types\/page"}],"author":[{"embeddable":true,"href":"https:\/\/vesnajanko.eu\/index.php?rest_route=\/wp\/v2\/users\/1"}],"replies":[{"embeddable":true,"href":"https:\/\/vesnajanko.eu\/index.php?rest_route=%2Fwp%2Fv2%2Fcomments&post=6943"}],"version-history":[{"count":11,"href":"https:\/\/vesnajanko.eu\/index.php?rest_route=\/wp\/v2\/pages\/6943\/revisions"}],"predecessor-version":[{"id":9359,"href":"https:\/\/vesnajanko.eu\/index.php?rest_route=\/wp\/v2\/pages\/6943\/revisions\/9359"}],"up":[{"embeddable":true,"href":"https:\/\/vesnajanko.eu\/index.php?rest_route=\/wp\/v2\/pages\/5082"}],"wp:attachment":[{"href":"https:\/\/vesnajanko.eu\/index.php?rest_route=%2Fwp%2Fv2%2Fmedia&parent=6943"}],"curies":[{"name":"wp","href":"https:\/\/api.w.org\/{rel}","templated":true}]}}