{"id":689,"date":"2015-10-22T16:03:10","date_gmt":"2015-10-22T16:03:10","guid":{"rendered":"https:\/\/vesnajanko.eu\/?page_id=689"},"modified":"2024-11-24T17:31:14","modified_gmt":"2024-11-24T16:31:14","slug":"6-12-gdje-je-azija","status":"publish","type":"page","link":"https:\/\/vesnajanko.eu\/?page_id=689","title":{"rendered":"Geografski smje\u0161taj i polo\u017eaj, granice i obale Azije"},"content":{"rendered":"\n<p class=\"has-text-align-right\"><a href=\"https:\/\/www.scribblemaps.com\/maps\/view\/Azija\/Azija\" target=\"_blank\" rel=\"noopener noreferrer\"><br><input class=\"button\" type=\"button\" value=\"Karta Azije\"><br><\/a><\/p>\n\n\n\n<p><strong>Uvod<\/strong><\/p>\n\n\n\n<p><a href=\"https:\/\/docs.google.com\/presentation\/d\/e\/2PACX-1vRnbS2lkRwu1kcUOYsxHBJnwsNrnVbPO19xWTmiofHcbRH9BpvmGwt79wDFYPE5zqYt6sGwY5yscoPe\/pub?start=false&amp;loop=false&amp;delayms=3000\" target=\"_blank\" rel=\"noopener noreferrer\">Azija je rekorder<\/a><\/p>\n\n\n\n<hr class=\"wp-block-separator has-css-opacity\"\/>\n\n\n\n<p><strong>Glavni dio sata<\/strong><\/p>\n\n\n\n<iframe loading=\"lazy\" src=\"https:\/\/docs.google.com\/presentation\/d\/e\/2PACX-1vSlfWud6Rae-LfKopjZX2UmuSAAOYepMShZ5wnaSuVrEYd1AyTpb72lIrZuLJXCIgY4kT-cZyO3eFpJ\/embed?start=false&#038;loop=false&#038;delayms=3000\" frameborder=\"0\" width=\"960\" height=\"569\" allowfullscreen=\"true\" mozallowfullscreen=\"true\" webkitallowfullscreen=\"true\"><\/iframe>\n\n\n\n<hr class=\"wp-block-separator has-css-opacity\"\/>\n\n\n\n<p><strong>Zavr\u0161ni dio sata<\/strong><br><a href=\"http:\/\/www.purposegames.com\/game\/azija-mora-otoci-i-poluotoci\" target=\"_blank\" rel=\"noopener noreferrer\">Vje\u017eba na karti<\/a><\/p>\n\n\n\n<hr class=\"wp-block-separator has-css-opacity\"\/>\n\n\n\n<p class=\"has-pale-cyan-blue-background-color has-background has-medium-font-size\"><strong>Geobilje\u0161ke<\/strong><\/p>\n\n\n\n<p class=\"has-text-align-center\"><span style=\"text-decoration: underline;\">Geografski smje\u0161taj i polo\u017eaj Azije, granice i obale Azije<\/span><\/p>\n\n\n\n<ul class=\"wp-block-list\">\n<li>najve\u0107i (44 mil. km<sup>2<\/sup>) i najnaseljeniji kontinent<\/li>\n\n\n\n<li>dio Starog svijeta<\/li>\n\n\n\n<li>u sve \u010detiri Zemljine polutke,&nbsp;<strong>najvi\u0161e u sjevernoj i isto\u010dnoj Zemljinoj polutki<\/strong><\/li>\n\n\n\n<li>dio Euroazije (Europa i Azija),&nbsp;<strong>granica rijeka i gorje Ural<\/strong><\/li>\n\n\n\n<li>veliki broj otoka i poluotoka \u2013&nbsp;<strong>razvedene obale<\/strong><\/li>\n\n\n\n<li>morski prolazi i tjesnaci \u2013 Sueski kanal, Bospor, Dardaneli, Malajski prolaz<\/li>\n<\/ul>\n","protected":false},"excerpt":{"rendered":"<p>Uvod Azija je rekorder Glavni dio sata Zavr\u0161ni dio sataVje\u017eba na karti Geobilje\u0161ke Geografski smje\u0161taj i polo\u017eaj Azije, granice i obale Azije<\/p>\n","protected":false},"author":1,"featured_media":0,"parent":7242,"menu_order":1,"comment_status":"closed","ping_status":"closed","template":"templates\/page-full-width.php","meta":{"footnotes":""},"class_list":["post-689","page","type-page","status-publish","hentry"],"_links":{"self":[{"href":"https:\/\/vesnajanko.eu\/index.php?rest_route=\/wp\/v2\/pages\/689","targetHints":{"allow":["GET"]}}],"collection":[{"href":"https:\/\/vesnajanko.eu\/index.php?rest_route=\/wp\/v2\/pages"}],"about":[{"href":"https:\/\/vesnajanko.eu\/index.php?rest_route=\/wp\/v2\/types\/page"}],"author":[{"embeddable":true,"href":"https:\/\/vesnajanko.eu\/index.php?rest_route=\/wp\/v2\/users\/1"}],"replies":[{"embeddable":true,"href":"https:\/\/vesnajanko.eu\/index.php?rest_route=%2Fwp%2Fv2%2Fcomments&post=689"}],"version-history":[{"count":28,"href":"https:\/\/vesnajanko.eu\/index.php?rest_route=\/wp\/v2\/pages\/689\/revisions"}],"predecessor-version":[{"id":9527,"href":"https:\/\/vesnajanko.eu\/index.php?rest_route=\/wp\/v2\/pages\/689\/revisions\/9527"}],"up":[{"embeddable":true,"href":"https:\/\/vesnajanko.eu\/index.php?rest_route=\/wp\/v2\/pages\/7242"}],"wp:attachment":[{"href":"https:\/\/vesnajanko.eu\/index.php?rest_route=%2Fwp%2Fv2%2Fmedia&parent=689"}],"curies":[{"name":"wp","href":"https:\/\/api.w.org\/{rel}","templated":true}]}}