{"id":6823,"date":"2022-05-12T18:52:26","date_gmt":"2022-05-12T17:52:26","guid":{"rendered":"https:\/\/vesnajanko.eu\/?page_id=6823"},"modified":"2025-09-23T08:15:13","modified_gmt":"2025-09-23T07:15:13","slug":"vrijeme-i-klima-temperatura-zraka-tlak-zraka","status":"publish","type":"page","link":"https:\/\/vesnajanko.eu\/?page_id=6823","title":{"rendered":"Vrijeme i klima, temperatura zraka, tlak zraka"},"content":{"rendered":"\n<p class=\"has-large-font-size\"><strong>Vrijeme i klima<\/strong><\/p>\n\n\n\n<p class=\"has-background\" style=\"background-color:#fcb90066;font-size:10px\">\u2013 opisuje atmosferu te polo\u017eaj i va\u017enost troposfere<br>\u2013 opisuje vrijeme subjektivno i objektivno<br>\u2013 obja\u0161njava najva\u017enije klimatske elemente*<br>\u2013 obrazla\u017ee va\u017enost prikupljanja podataka o vremenu i va\u017enost vremenske prognoze <br>\u2013 opisuje da se zrak zagrijava od podloge te s tim povezuje pad temperature u troposferi s porastom nadmorske visine<br>\u2013 opisuje da se topli zrak (zagrijan od podloge) uzdi\u017ee, a hladan spu\u0161ta<br>\u2013 povezuje tlak zraka s nastankom vjetra i stabilno\u0161\u0107u vremena, opisuje ciklonu i anticiklonu<\/p>\n\n\n\n<p><a rel=\"noreferrer noopener\" href=\"https:\/\/youtu.be\/O7I7IgFv5NU\" target=\"_blank\">Pogledaj video zapis ovdje<\/a>.<br>Koje je zanimanje gospodina Zorana Vakule? \u010cime se on bavi?<\/p>\n\n\n\n<hr class=\"wp-block-separator has-css-opacity\"\/>\n\n\n\n<p class=\"has-pale-ocean-gradient-background has-background\"><a href=\"https:\/\/docs.google.com\/presentation\/d\/e\/2PACX-1vQbflEQ5J2alNRdWbIckbsBB_qWdKKLFYgkH1PUuXRVk_gEH1axLJei1aBZ4lyoFIWASUCPGwjYeBui\/pub?start=false&amp;loop=false&amp;delayms=3000\" data-type=\"link\" data-id=\"https:\/\/docs.google.com\/presentation\/d\/e\/2PACX-1vQbflEQ5J2alNRdWbIckbsBB_qWdKKLFYgkH1PUuXRVk_gEH1axLJei1aBZ4lyoFIWASUCPGwjYeBui\/pub?start=false&amp;loop=false&amp;delayms=3000\" target=\"_blank\" rel=\"noreferrer noopener\">Pogledaj prezentaciju ovdje<\/a>.<\/p>\n\n\n\n<iframe loading=\"lazy\" src=\"https:\/\/docs.google.com\/presentation\/d\/1mQ5iLYoy5pHoj_R6bpcd3I6CQR3FNQsdvgzo1R4qTJc\/embed?start=false&#038;loop=false&#038;delayms=60000\" frameborder=\"0\" width=\"960\" height=\"569\" allowfullscreen=\"true\" mozallowfullscreen=\"true\" webkitallowfullscreen=\"true\"><\/iframe>\n\n\n\n<p>Vrednovanje u\u010deni\u010dkog rada.<\/p>\n\n\n\n<p class=\"has-blush-light-purple-gradient-background has-background\"><a href=\"https:\/\/www.e-sfera.hr\/dodatni-digitalni-sadrzaji\/f625fa85-ce3c-4fc5-8a9b-1446574ded3d\/\" target=\"_blank\" rel=\"noreferrer noopener\"><strong>Za GeoGenijalce &#8211; eSfera<\/strong><\/a><\/p>\n\n\n\n<hr class=\"wp-block-separator has-css-opacity\"\/>\n\n\n\n<p class=\"has-pale-cyan-blue-background-color has-background\"><strong>Geobilje\u0161ke<\/strong>&#8211; bilje\u0161ke za u\u010denike<\/p>\n\n\n\n<p class=\"has-text-align-center\"><strong>Vrijeme i klima<\/strong><\/p>\n\n\n\n<ul class=\"wp-block-list\">\n<li><a href=\"https:\/\/hr.wikipedia.org\/wiki\/Atmosfera\" target=\"_blank\" rel=\"noreferrer noopener\"><strong>atmosfera<\/strong><\/a>&nbsp;\u2013 Zemljin zra\u010dni omota\u010d (78% du\u0161ik, 21% kisik)&nbsp;<\/li>\n\n\n\n<li><strong>troposfera<\/strong>&nbsp;\u2013 najni\u017ei sloj atmosfere, va\u017ean sloj za \u017eivot&nbsp;<\/li>\n\n\n\n<li><strong>vrijeme<\/strong>&nbsp;\u2013 trenutno stanje u atmosferi nad nekim mjestom&nbsp;<\/li>\n\n\n\n<li><strong>klima<\/strong>&nbsp;\u2013 prosje\u010dno stanje u atmosferi nad nekim mjestom&nbsp;<\/li>\n<\/ul>\n\n\n\n<!--nextpage-->\n\n\n\n<p class=\"has-large-font-size\">Temperatura i tlak zraka<\/p>\n\n\n\n<p class=\"has-pale-ocean-gradient-background has-background\">Pogledaj prezentaciju<\/p>\n\n\n\n<iframe loading=\"lazy\" src=\"https:\/\/docs.google.com\/presentation\/d\/e\/2PACX-1vTe6AMcjtw6otCt-reWT-XE0CiQYzzRxbh8vY_YPihdmTJLdxkhEnARf6PLIWg1g0_8-EcUENOzioD_\/pubembed?start=false&#038;loop=false&#038;delayms=3000\" frameborder=\"0\" width=\"960\" height=\"569\" allowfullscreen=\"true\" mozallowfullscreen=\"true\" webkitallowfullscreen=\"true\"><\/iframe>\n\n\n\n<p class=\"has-pale-cyan-blue-background-color has-background\"><strong>Geobilje\u0161ke<\/strong> (bilje\u0161ke za u\u010denike)<\/p>\n\n\n\n<p class=\"has-text-align-center\">Temperatura i tlak zraka<\/p>\n\n\n\n<ul class=\"wp-block-list\">\n<li><strong>temperatura zraka<\/strong>:\n<ul class=\"wp-block-list\">\n<li>Sun\u010devo zagrijavanje povr\u0161ine Zemlje<\/li>\n\n\n\n<li>ovisi o dobu dana, nadmorskoj visini, podlozi&nbsp;<\/li>\n\n\n\n<li>mjeri se termometrom (\u00b0C \u2013 stupnjevi Celzijusa)&nbsp;<\/li>\n<\/ul>\n<\/li>\n\n\n\n<li><strong>tlak zraka<\/strong>:\n<ul class=\"wp-block-list\">\n<li>pritisak atmosfere na Zemljinu povr\u0161inu&nbsp;<\/li>\n\n\n\n<li>mjeri se barometrom (hPa&nbsp;\u2013&nbsp;hektopaskali)&nbsp;<\/li>\n\n\n\n<li><strong>vjetar<\/strong>&nbsp;\u2013 strujanje zraka iz prostora visokog tlaka u prostor niskog tlaka zraka&nbsp;<\/li>\n<\/ul>\n<\/li>\n<\/ul>\n\n\n\n<ul class=\"wp-block-list\">\n<li><strong>ciklona<\/strong>&nbsp;\u2013 podru\u010dje niskog tlaka, nestabilno vrijeme&nbsp;<\/li>\n\n\n\n<li><strong>anticiklona<\/strong>&nbsp;\u2013 podru\u010dje visokog tlaka, stabilno vrijeme&nbsp;<\/li>\n<\/ul>\n\n\n\n<div style=\"height:53px\" aria-hidden=\"true\" class=\"wp-block-spacer\"><\/div>\n\n\n\n<!--nextpage-->\n\n\n\n<p class=\"has-medium-font-size\"><strong>Vrijeme i klima, temperatura zraka, tlak zraka &#8211; ponavljanje<\/strong><\/p>\n\n\n\n<p class=\"has-background has-medium-font-size\" style=\"background:linear-gradient(56deg,rgb(202,248,128) 0%,rgb(113,206,126) 100%)\"><a href=\"https:\/\/docs.google.com\/document\/d\/e\/2PACX-1vSXqKlfaFUnQwflXLSnJ6leON6m9J5tBZwk3PpAi8xhT9qu7CoopYwCrFRfbb3Kcq0CvdUSHoGKKsTA\/pub\" target=\"_blank\" rel=\"noreferrer noopener\"><strong>Doma\u0107a zada\u0107a: Pra\u0107enje vremenske prognoze<\/strong><\/a><br>20(+1), 19, 18 = odli\u010dan<br>17, 16 = vrlo dobar<br>15, 14 = dobar<br>13, 12, 11, 10 = dovoljan<br>od 0 do 9 = nedovoljan<\/p>\n\n\n\n<iframe loading=\"lazy\" style=\"max-width:100%\" src=\"https:\/\/wordwall.net\/hr\/embed\/457abf72058b401aa74047416150e992?themeId=1&#038;templateId=5&#038;fontStackId=0\" width=\"640\" height=\"480\" frameborder=\"0\" allowfullscreen><\/iframe>\n","protected":false},"excerpt":{"rendered":"<p>Vrijeme i klima \u2013 opisuje atmosferu te polo\u017eaj i va\u017enost troposfere\u2013 opisuje vrijeme subjektivno i objektivno\u2013 obja\u0161njava najva\u017enije klimatske elemente*\u2013 obrazla\u017ee va\u017enost prikupljanja podataka o vremenu i va\u017enost vremenske prognoze \u2013 opisuje da se zrak zagrijava od podloge te s tim povezuje pad temperature u troposferi s porastom nadmorske visine\u2013&#8230; <a href=\"https:\/\/vesnajanko.eu\/?page_id=6823\" class=\"readmore\">Vi\u0161e<span class=\"screen-reader-text\">&#8220;Vrijeme i klima, temperatura zraka, tlak zraka&#8221;<\/span><\/a><\/p>\n","protected":false},"author":1,"featured_media":0,"parent":5082,"menu_order":1,"comment_status":"closed","ping_status":"closed","template":"templates\/page-full-width.php","meta":{"footnotes":""},"class_list":["post-6823","page","type-page","status-publish","hentry"],"_links":{"self":[{"href":"https:\/\/vesnajanko.eu\/index.php?rest_route=\/wp\/v2\/pages\/6823","targetHints":{"allow":["GET"]}}],"collection":[{"href":"https:\/\/vesnajanko.eu\/index.php?rest_route=\/wp\/v2\/pages"}],"about":[{"href":"https:\/\/vesnajanko.eu\/index.php?rest_route=\/wp\/v2\/types\/page"}],"author":[{"embeddable":true,"href":"https:\/\/vesnajanko.eu\/index.php?rest_route=\/wp\/v2\/users\/1"}],"replies":[{"embeddable":true,"href":"https:\/\/vesnajanko.eu\/index.php?rest_route=%2Fwp%2Fv2%2Fcomments&post=6823"}],"version-history":[{"count":33,"href":"https:\/\/vesnajanko.eu\/index.php?rest_route=\/wp\/v2\/pages\/6823\/revisions"}],"predecessor-version":[{"id":10094,"href":"https:\/\/vesnajanko.eu\/index.php?rest_route=\/wp\/v2\/pages\/6823\/revisions\/10094"}],"up":[{"embeddable":true,"href":"https:\/\/vesnajanko.eu\/index.php?rest_route=\/wp\/v2\/pages\/5082"}],"wp:attachment":[{"href":"https:\/\/vesnajanko.eu\/index.php?rest_route=%2Fwp%2Fv2%2Fmedia&parent=6823"}],"curies":[{"name":"wp","href":"https:\/\/api.w.org\/{rel}","templated":true}]}}