{"id":6810,"date":"2022-05-07T12:05:22","date_gmt":"2022-05-07T11:05:22","guid":{"rendered":"https:\/\/vesnajanko.eu\/?page_id=6810"},"modified":"2025-03-31T15:39:39","modified_gmt":"2025-03-31T14:39:39","slug":"prirodno-i-drustveno-geografska-obiljezja-zapadne-europe","status":"publish","type":"page","link":"https:\/\/vesnajanko.eu\/?page_id=6810","title":{"rendered":"Prirodno-geografska obilje\u017eja Zapadne Europe"},"content":{"rendered":"\n<iframe loading=\"lazy\" src=\"https:\/\/docs.google.com\/presentation\/d\/e\/2PACX-1vS4bXFm9eTjmCJ-7i-QJBBSh5rV5uED4Pwh_zLdA9-w3PYwQadIkjnngwPAffD3wCtef8wsujiVnOtK\/embed?start=false&#038;loop=false&#038;delayms=3000\" frameborder=\"0\" width=\"960\" height=\"569\" allowfullscreen=\"true\" mozallowfullscreen=\"true\" webkitallowfullscreen=\"true\"><\/iframe>\n\n\n\n<div style=\"height:39px\" aria-hidden=\"true\" class=\"wp-block-spacer\"><\/div>\n\n\n\n<p class=\"has-pale-cyan-blue-background-color has-background has-medium-font-size\">Geobilje\u017enica<\/p>\n\n\n\n<p><a href=\"https:\/\/docs.google.com\/document\/d\/e\/2PACX-1vRLHrPTmKVgC4OU3HVcNzBgL_FF5pXlU1NRsJBakgKp2RTaxdCQhwUiXIGtw2eQR4jxU47R9jz2fw57\/pub\" target=\"_blank\" rel=\"noreferrer noopener\">Prirodno-geografska obilje\u017eja Zapadne Europe<\/a><\/p>\n\n\n\n<p><a href=\"https:\/\/docs.google.com\/document\/d\/e\/2PACX-1vQ2zZtuRMHeXpLHp2MacBoTxDzkXA_HIInEO0_j8gRbzWVZKxN4v1oJU8nZy7WrZjn3aH8l0pqO-mse\/pub\" target=\"_blank\" rel=\"noreferrer noopener\">Dru\u0161tveno-geografska obilje\u017eja Zapadne Europe<\/a><\/p>\n","protected":false},"excerpt":{"rendered":"<p>Geobilje\u017enica Prirodno-geografska obilje\u017eja Zapadne Europe Dru\u0161tveno-geografska obilje\u017eja Zapadne Europe<\/p>\n","protected":false},"author":1,"featured_media":0,"parent":6797,"menu_order":0,"comment_status":"closed","ping_status":"closed","template":"templates\/page-full-width.php","meta":{"footnotes":""},"class_list":["post-6810","page","type-page","status-publish","hentry"],"_links":{"self":[{"href":"https:\/\/vesnajanko.eu\/index.php?rest_route=\/wp\/v2\/pages\/6810","targetHints":{"allow":["GET"]}}],"collection":[{"href":"https:\/\/vesnajanko.eu\/index.php?rest_route=\/wp\/v2\/pages"}],"about":[{"href":"https:\/\/vesnajanko.eu\/index.php?rest_route=\/wp\/v2\/types\/page"}],"author":[{"embeddable":true,"href":"https:\/\/vesnajanko.eu\/index.php?rest_route=\/wp\/v2\/users\/1"}],"replies":[{"embeddable":true,"href":"https:\/\/vesnajanko.eu\/index.php?rest_route=%2Fwp%2Fv2%2Fcomments&post=6810"}],"version-history":[{"count":13,"href":"https:\/\/vesnajanko.eu\/index.php?rest_route=\/wp\/v2\/pages\/6810\/revisions"}],"predecessor-version":[{"id":9752,"href":"https:\/\/vesnajanko.eu\/index.php?rest_route=\/wp\/v2\/pages\/6810\/revisions\/9752"}],"up":[{"embeddable":true,"href":"https:\/\/vesnajanko.eu\/index.php?rest_route=\/wp\/v2\/pages\/6797"}],"wp:attachment":[{"href":"https:\/\/vesnajanko.eu\/index.php?rest_route=%2Fwp%2Fv2%2Fmedia&parent=6810"}],"curies":[{"name":"wp","href":"https:\/\/api.w.org\/{rel}","templated":true}]}}