{"id":6797,"date":"2022-05-07T10:02:19","date_gmt":"2022-05-07T09:02:19","guid":{"rendered":"https:\/\/vesnajanko.eu\/?page_id=6797"},"modified":"2026-04-08T18:31:48","modified_gmt":"2026-04-08T17:31:48","slug":"7-5-regije-visokog-drustveno-gospodarskog-napretkazapadna-i-sjeverna-europa","status":"publish","type":"page","link":"https:\/\/vesnajanko.eu\/?page_id=6797","title":{"rendered":"7.4. Jugoisto\u010dna i Zapadna Europa"},"content":{"rendered":"\n<p class=\"has-cyan-bluish-gray-background-color has-background has-small-font-size\">ikt C.3.3. U\u010denik samostalno ili uz manju pomo\u0107 u\u010ditelja procjenjuje i odabire potrebne me\u0111u prona\u0111enim informacijama.<br>osr A.2.3. Razvija osobne potencijale.<br>uku B.3.4. 4. Samovrednovanje\/ samoprocjena: U\u010denik samovrednuje proces u\u010denja i svoje rezultate, procjenjuje ostvareni napredak te na temelju toga planira budu\u0107e u\u010denje.<\/p>\n\n\n\n<p class=\"has-medium-font-size\">U ud\u017ebeniku 136. &#8211; 183. stranice.<\/p>\n\n\n\n<figure class=\"wp-block-table is-style-stripes\"><table><thead><tr><th>Rbr. sata<\/th><th>Podteme (lekcije)<\/th><th>Plan<\/th><\/tr><\/thead><tbody><tr><td><\/td><td><a href=\"https:\/\/vesnajanko.eu\/?page_id=4745\">Prirodno i dru\u0161tveno-geografska obilje\u017eja Jugoisto\u010dne Europe<\/a><\/td><td><\/td><\/tr><tr><td><\/td><td><a href=\"https:\/\/vesnajanko.eu\/?page_id=1288\">Bosna i Hercegovina<\/a><\/td><td><\/td><\/tr><tr><td><\/td><td><strong>Jugoisto\u010dna Europa &#8211; ponavljanje<\/strong> i vje\u017eba na karti (<a href=\"https:\/\/vesnajanko.eu\/?page_id=7493\" data-type=\"page\" data-id=\"7493\">Geopitalica<\/a>)<br><a href=\"https:\/\/vesnajanko.eu\/?page_id=6810\" data-type=\"page\" data-id=\"6810\">Prirodno-geografska obilje\u017eja Zapadne Europe<\/a><\/td><td><\/td><\/tr><tr><td><\/td><td><a href=\"https:\/\/vesnajanko.eu\/?page_id=9769\">Dru\u0161tveno-geografska obilje\u017eja Zapadne Europe<\/a><br><a href=\"https:\/\/vesnajanko.eu\/?page_id=9829\">Geografska obilje\u017eja Zapadne Europe &#8211; ponavljanje<\/a><\/td><td>7.4.-11.4.&#8217;25.<\/td><\/tr><tr><td><\/td><td><a href=\"https:\/\/vesnajanko.eu\/?page_id=5414\">Ujedinjeno Kraljevstvo &#8211; geografska obilje\u017eja<\/a><br><a href=\"https:\/\/vesnajanko.eu\/?page_id=2893\">Ujedinjeno Kraljevstvo &#8211; regionalna obilje\u017eja<\/a><\/td><td><\/td><\/tr><tr><td><\/td><td><a href=\"https:\/\/vesnajanko.eu\/?page_id=825\">Francuska<\/a><\/td><td><\/td><\/tr><tr><td><\/td><td><strong>Jugoisto\u010dna i Zapadna Europa &#8211; ponavljanje i provjera<\/strong><\/td><td><\/td><\/tr><tr><td><\/td><td><\/td><td><\/td><\/tr><\/tbody><\/table><\/figure>\n\n\n\n<div style=\"height:36px\" aria-hidden=\"true\" class=\"wp-block-spacer\"><\/div>\n\n\n\n<div style=\"height:57px\" aria-hidden=\"true\" class=\"wp-block-spacer\"><\/div>\n\n\n\n<p class=\"has-light-green-cyan-background-color has-background has-medium-font-size\">Geografsko znanje (geoznanje) \u2013 sa\u017eetak teme<\/p>\n\n\n\n<p>Odaberi jedan od ponu\u0111enih zadataka:<br>1. Prona\u0111i tri (3) sli\u010dnosti i tri (3) razlike izme\u0111u Jugoisto\u010dne i Zapadne Europe.<br>2. Izradi umnu mapu Jugoisto\u010dne ili Zapadne Europe.<\/p>\n\n\n\n<p class=\"has-light-green-cyan-background-color has-background has-medium-font-size\">Geografija i \u017eivot (geo\u017eivot) \u2013 kratko istra\u017eivanje i sastavak<\/p>\n\n\n\n<p>Odaberi jedan od ponu\u0111enih zadataka:<br>1. Koja su tri (3) tvoja omiljena jela iz Jugoisto\u010dne Europe. Iz kojih su dr\u017eava? Opi\u0161i ih. Ovo je ponu\u0111ena poveznica <a href=\"https:\/\/www.tasteatlas.com\/\" target=\"_blank\" rel=\"noreferrer noopener\">OVDJE<\/a>.<br>2. Koja bi tri (3) grada iz Zapadne Europe rado posjetio-la ili si ve\u0107 posjetio-la. Opi\u0161i ih.<\/p>\n\n\n\n<p class=\"has-luminous-vivid-amber-background-color has-background has-medium-font-size\">Samovrednovanje<\/p>\n\n\n\n<figure class=\"wp-block-table\"><table><tbody><tr><td><strong>Procijeni svoje\u2026<\/strong><\/td><td>1, 2, 3<\/td><\/tr><tr><td>nau\u010deno znanje za ovu temu<\/td><td><\/td><\/tr><tr><td>aktivnosti na nastavi<\/td><td><\/td><\/tr><tr><td>pona\u0161anje na nastavi<\/td><td>.<\/td><\/tr><\/tbody><\/table><\/figure>\n","protected":false},"excerpt":{"rendered":"<p>ikt C.3.3. U\u010denik samostalno ili uz manju pomo\u0107 u\u010ditelja procjenjuje i odabire potrebne me\u0111u prona\u0111enim informacijama.osr A.2.3. Razvija osobne potencijale.uku B.3.4. 4. Samovrednovanje\/ samoprocjena: U\u010denik samovrednuje proces u\u010denja i svoje rezultate, procjenjuje ostvareni napredak te na temelju toga planira budu\u0107e u\u010denje. U ud\u017ebeniku 136. &#8211; 183. stranice. Rbr. sata Podteme&#8230; <a href=\"https:\/\/vesnajanko.eu\/?page_id=6797\" class=\"readmore\">Vi\u0161e<span class=\"screen-reader-text\">&#8220;7.4. Jugoisto\u010dna i Zapadna Europa&#8221;<\/span><\/a><\/p>\n","protected":false},"author":1,"featured_media":0,"parent":6278,"menu_order":0,"comment_status":"closed","ping_status":"closed","template":"templates\/page-full-width.php","meta":{"footnotes":""},"class_list":["post-6797","page","type-page","status-publish","hentry"],"_links":{"self":[{"href":"https:\/\/vesnajanko.eu\/index.php?rest_route=\/wp\/v2\/pages\/6797","targetHints":{"allow":["GET"]}}],"collection":[{"href":"https:\/\/vesnajanko.eu\/index.php?rest_route=\/wp\/v2\/pages"}],"about":[{"href":"https:\/\/vesnajanko.eu\/index.php?rest_route=\/wp\/v2\/types\/page"}],"author":[{"embeddable":true,"href":"https:\/\/vesnajanko.eu\/index.php?rest_route=\/wp\/v2\/users\/1"}],"replies":[{"embeddable":true,"href":"https:\/\/vesnajanko.eu\/index.php?rest_route=%2Fwp%2Fv2%2Fcomments&post=6797"}],"version-history":[{"count":56,"href":"https:\/\/vesnajanko.eu\/index.php?rest_route=\/wp\/v2\/pages\/6797\/revisions"}],"predecessor-version":[{"id":10251,"href":"https:\/\/vesnajanko.eu\/index.php?rest_route=\/wp\/v2\/pages\/6797\/revisions\/10251"}],"up":[{"embeddable":true,"href":"https:\/\/vesnajanko.eu\/index.php?rest_route=\/wp\/v2\/pages\/6278"}],"wp:attachment":[{"href":"https:\/\/vesnajanko.eu\/index.php?rest_route=%2Fwp%2Fv2%2Fmedia&parent=6797"}],"curies":[{"name":"wp","href":"https:\/\/api.w.org\/{rel}","templated":true}]}}