{"id":6792,"date":"2022-05-05T08:21:39","date_gmt":"2022-05-05T07:21:39","guid":{"rendered":"https:\/\/vesnajanko.eu\/?page_id=6792"},"modified":"2026-05-01T07:43:48","modified_gmt":"2026-05-01T06:43:48","slug":"geopomocnik","status":"publish","type":"page","link":"https:\/\/vesnajanko.eu\/?page_id=6792","title":{"rendered":"Geopomo\u0107nik"},"content":{"rendered":"\n<p class=\"has-large-font-size\"><strong>5. razred<\/strong><\/p>\n\n\n\n<p class=\"has-text-color has-background has-medium-font-size\" style=\"color:#0a5e8f;background-color:#dce1e5\"><strong>Zadaci i vje\u017ebe za lak\u0161e u\u010denje Geografije.<\/strong><\/p>\n\n\n\n<div class=\"wp-block-buttons is-horizontal is-content-justification-center is-layout-flex wp-container-core-buttons-is-layout-ddb39544 wp-block-buttons-is-layout-flex\">\n<div class=\"wp-block-button\"><a class=\"wp-block-button__link has-black-color has-pale-cyan-blue-background-color has-text-color has-background wp-element-button\" href=\"https:\/\/vesnajanko.eu\/?page_id=6792\"><strong>5. razred<\/strong><\/a><\/div>\n\n\n\n<div class=\"wp-block-button\"><a class=\"wp-block-button__link has-black-color has-pale-cyan-blue-background-color has-text-color has-background wp-element-button\" href=\"https:\/\/vesnajanko.eu\/?page_id=6792&amp;page=2\"><strong>6. razred<\/strong><\/a><\/div>\n\n\n\n<div class=\"wp-block-button\"><a class=\"wp-block-button__link has-black-color has-pale-cyan-blue-background-color has-text-color has-background wp-element-button\" href=\"https:\/\/vesnajanko.eu\/?page_id=6792&amp;page=3\"><strong>7. razred<\/strong><\/a><\/div>\n\n\n\n<div class=\"wp-block-button\"><a class=\"wp-block-button__link has-black-color has-pale-cyan-blue-background-color has-text-color has-background wp-element-button\" href=\"https:\/\/vesnajanko.eu\/?page_id=6792&amp;page=4\"><strong>8. razred<\/strong><\/a><\/div>\n<\/div>\n\n\n\n<p class=\"has-text-align-left has-white-background-color has-background\"><a rel=\"noreferrer noopener\" href=\"http:\/\/www.purposegames.com\/game\/strane-svijeta-game\" target=\"_blank\">Strane svijeta na kompasu<\/a><\/p>\n\n\n\n<p class=\"has-white-background-color has-background\"><a href=\"https:\/\/www.purposegames.com\/game\/svijet-za-prijatelje-game\" target=\"_blank\" rel=\"noreferrer noopener\">Kontinenti i oceani<\/a><\/p>\n\n\n\n<!--nextpage-->\n\n\n\n<p class=\"has-large-font-size\"><strong>6. razred<\/strong><\/p>\n\n\n\n<p class=\"has-text-color has-background has-medium-font-size\" style=\"color:#0a5e8f;background-color:#e0eaee\"><strong>Zadaci i vje\u017ebe za lak\u0161e u\u010denje Geografije.<\/strong><\/p>\n\n\n\n<div class=\"wp-block-buttons is-horizontal is-content-justification-center is-layout-flex wp-container-core-buttons-is-layout-ddb39544 wp-block-buttons-is-layout-flex\">\n<div class=\"wp-block-button\"><a class=\"wp-block-button__link has-black-color has-pale-cyan-blue-background-color has-text-color has-background wp-element-button\" href=\"https:\/\/vesnajanko.eu\/?page_id=6792\"><strong>5. razred<\/strong><\/a><\/div>\n\n\n\n<div class=\"wp-block-button\"><a class=\"wp-block-button__link has-black-color has-pale-cyan-blue-background-color has-text-color has-background wp-element-button\" href=\"https:\/\/vesnajanko.eu\/?page_id=6792&amp;page=2\"><strong>6. razred<\/strong><\/a><\/div>\n\n\n\n<div class=\"wp-block-button\"><a class=\"wp-block-button__link has-black-color has-pale-cyan-blue-background-color has-text-color has-background wp-element-button\" href=\"https:\/\/vesnajanko.eu\/?page_id=6792&amp;page=3\"><strong>7. razred<\/strong><\/a><\/div>\n\n\n\n<div class=\"wp-block-button\"><a class=\"wp-block-button__link has-black-color has-pale-cyan-blue-background-color has-text-color has-background wp-element-button\" href=\"https:\/\/vesnajanko.eu\/?page_id=6792&amp;page=4\"><strong>8. razred<\/strong><\/a><\/div>\n<\/div>\n\n\n\n<div style=\"height:41px\" aria-hidden=\"true\" class=\"wp-block-spacer\"><\/div>\n\n\n\n<p><a href=\"https:\/\/forms.gle\/Uyh2ctkhc9CLEQ6v8\" target=\"_blank\" rel=\"noreferrer noopener\">Stanovni\u0161tvo svijeta i Hrvatske<\/a><\/p>\n\n\n\n<p class=\"has-white-background-color has-background\"><a rel=\"noreferrer noopener\" href=\"https:\/\/wordwall.net\/hr\/resource\/14378096\" target=\"_blank\">Karta gradova Hrvatske<\/a><\/p>\n\n\n\n<p><a href=\"https:\/\/forms.gle\/4rPqrmNGJKRotsBCA\" target=\"_blank\" rel=\"noreferrer noopener\">Suvremena Hrvatska<\/a><\/p>\n\n\n\n<!--nextpage-->\n\n\n\n<p class=\"has-large-font-size\"><strong>7. razred<\/strong><\/p>\n\n\n\n<p class=\"has-light-green-cyan-background-color has-text-color has-background has-medium-font-size\" style=\"color:#0a5e8f\"><strong>Zadaci i vje\u017ebe za lak\u0161e u\u010denje Geografije.<\/strong><\/p>\n\n\n\n<div class=\"wp-block-buttons is-horizontal is-content-justification-center is-layout-flex wp-container-core-buttons-is-layout-ddb39544 wp-block-buttons-is-layout-flex\">\n<div class=\"wp-block-button\"><a class=\"wp-block-button__link has-black-color has-pale-cyan-blue-background-color has-text-color has-background wp-element-button\" href=\"https:\/\/vesnajanko.eu\/?page_id=6792\"><strong>5. razred<\/strong><\/a><\/div>\n\n\n\n<div class=\"wp-block-button\"><a class=\"wp-block-button__link has-black-color has-pale-cyan-blue-background-color has-text-color has-background wp-element-button\" href=\"https:\/\/vesnajanko.eu\/?page_id=6792&amp;page=2\"><strong>6. razred<\/strong><\/a><\/div>\n\n\n\n<div class=\"wp-block-button\"><a class=\"wp-block-button__link has-black-color has-pale-cyan-blue-background-color has-text-color has-background wp-element-button\" href=\"https:\/\/vesnajanko.eu\/?page_id=6792&amp;page=3\"><strong>7. razred<\/strong><\/a><\/div>\n\n\n\n<div class=\"wp-block-button\"><a class=\"wp-block-button__link has-black-color has-pale-cyan-blue-background-color has-text-color has-background wp-element-button\" href=\"https:\/\/vesnajanko.eu\/?page_id=6792&amp;page=4\"><strong>8. razred<\/strong><\/a><\/div>\n<\/div>\n\n\n\n<div style=\"height:26px\" aria-hidden=\"true\" class=\"wp-block-spacer\"><\/div>\n\n\n\n<p><a href=\"https:\/\/forms.gle\/QdChhTYUWC4qvucj7\" target=\"_blank\" rel=\"noreferrer noopener\">1. TEST: Op\u0107a i prirodno-geografska obilje\u017eja Europe<\/a><\/p>\n\n\n\n<p class=\"has-text-align-left\"><a href=\"https:\/\/www.purposegames.com\/game\/c8900dc149\" target=\"_blank\" rel=\"noreferrer noopener\">Karta Europe<\/a><\/p>\n\n\n\n<p><a href=\"https:\/\/www.purposegames.com\/game\/drzave-europe-za-prijatelje\" target=\"_blank\" rel=\"noreferrer noopener\">Dr\u017eave Europe na karti<\/a><\/p>\n\n\n\n<p><a href=\"https:\/\/forms.gle\/4k2etE83gEtnB8KfA\" target=\"_blank\" rel=\"noreferrer noopener\">2. TEST: Dru\u0161tveno-geografska obilje\u017eja Europe<\/a><\/p>\n\n\n\n<p><a rel=\"noreferrer noopener\" href=\"https:\/\/forms.gle\/JJBmFENUpCPC8yHr8\" target=\"_blank\">Srednja i Ju\u017ena Europa<\/a><\/p>\n\n\n\n<p class=\"has-white-background-color has-background\"><a href=\"https:\/\/www.purposegames.com\/game\/srednja-europa-za-prijatelje-game\" target=\"_blank\" rel=\"noreferrer noopener\">Karta Srednje Europe<\/a><\/p>\n\n\n\n<p class=\"has-white-background-color has-background\"><a href=\"https:\/\/www.purposegames.com\/game\/c86f1178e3\" target=\"_blank\" rel=\"noreferrer noopener\">Karta Ju\u017ene Europe<\/a><\/p>\n\n\n\n<p class=\"has-very-light-gray-to-cyan-bluish-gray-gradient-background has-background has-medium-font-size\"><a href=\"https:\/\/forms.gle\/KCmdxMdv4rBPSuGGA\" target=\"_blank\" rel=\"noreferrer noopener\">Jugoisto\u010dna i Zapadna Europa<\/a> &#8211; ovaj test se pi\u0161e u svibnju 2026.<\/p>\n\n\n\n<p><a rel=\"noreferrer noopener\" href=\"https:\/\/forms.gle\/yB6aoLoEgNyReFzM9\" target=\"_blank\">Jugoisto\u010dna i Isto\u010dna Europa<\/a><\/p>\n\n\n\n<p class=\"has-text-align-left has-white-background-color has-background\"><a href=\"https:\/\/www.purposegames.com\/game\/jugoistocna-za-prijatelje-game\" target=\"_blank\" rel=\"noreferrer noopener\">Karta Jugoisto\u010dne Europe<\/a><\/p>\n\n\n\n<p><a rel=\"noreferrer noopener\" href=\"https:\/\/forms.gle\/C5huKaG4pAgGBRDD6\" target=\"_blank\">Zapadna i Sjeverna Europa<\/a><\/p>\n\n\n\n<p class=\"has-white-background-color has-background\"><a href=\"https:\/\/www.purposegames.com\/game\/zapadna-europa-za-prijatelje-game\" target=\"_blank\" rel=\"noreferrer noopener\">Karta Zapadne Europe<\/a><\/p>\n\n\n\n<p class=\"has-white-background-color has-background\"><a href=\"https:\/\/www.purposegames.com\/game\/sjeverna-europa-za-prijatelje-game\" target=\"_blank\" rel=\"noreferrer noopener\">Karta Sjeverne Europe<\/a><\/p>\n\n\n\n<!--nextpage-->\n\n\n\n<p class=\"has-large-font-size\"><strong>8. razred<\/strong><\/p>\n\n\n\n<p class=\"has-light-green-cyan-background-color has-text-color has-background has-medium-font-size\" style=\"color:#0a5e8f\"><strong>Zadaci i vje\u017ebe za lak\u0161e u\u010denje Geografije.<\/strong><\/p>\n\n\n\n<div class=\"wp-block-buttons is-horizontal is-content-justification-center is-layout-flex wp-container-core-buttons-is-layout-ddb39544 wp-block-buttons-is-layout-flex\">\n<div class=\"wp-block-button\"><a class=\"wp-block-button__link has-black-color has-pale-cyan-blue-background-color has-text-color has-background wp-element-button\" href=\"https:\/\/vesnajanko.eu\/?page_id=6792\"><strong>5. razred<\/strong><\/a><\/div>\n\n\n\n<div class=\"wp-block-button\"><a class=\"wp-block-button__link has-black-color has-pale-cyan-blue-background-color has-text-color has-background wp-element-button\" href=\"https:\/\/vesnajanko.eu\/?page_id=6792&amp;page=2\"><strong>6. razred<\/strong><\/a><\/div>\n\n\n\n<div class=\"wp-block-button\"><a class=\"wp-block-button__link has-black-color has-pale-cyan-blue-background-color has-text-color has-background wp-element-button\" href=\"https:\/\/vesnajanko.eu\/?page_id=6792&amp;page=3\"><strong>7. razred<\/strong><\/a><\/div>\n\n\n\n<div class=\"wp-block-button\"><a class=\"wp-block-button__link has-black-color has-pale-cyan-blue-background-color has-text-color has-background wp-element-button\" href=\"https:\/\/vesnajanko.eu\/?page_id=6792&amp;page=4\"><strong>8. razred<\/strong><\/a><\/div>\n<\/div>\n\n\n\n<div style=\"height:29px\" aria-hidden=\"true\" class=\"wp-block-spacer\"><\/div>\n\n\n\n<p><a rel=\"noreferrer noopener\" href=\"https:\/\/forms.gle\/WvLEw9xuFxwih7Rf9\" target=\"_blank\">Geografske karte i orijentacija<\/a><\/p>\n\n\n\n<p class=\"has-white-background-color has-background\"><a href=\"https:\/\/www.purposegames.com\/game\/geomreza-za-prijatelje\" target=\"_blank\" rel=\"noreferrer noopener\">Geografska mre\u017ea<\/a><\/p>\n\n\n\n<p><a rel=\"noreferrer noopener\" href=\"https:\/\/forms.gle\/M5dqwqYcSsqjFYhH8\" target=\"_blank\">Prirodno-geografska obilje\u017eja Hrvatske <\/a><\/p>\n\n\n\n<p class=\"has-white-background-color has-background\"><a href=\"https:\/\/wordwall.net\/hr\/resource\/8703384\" target=\"_blank\" rel=\"noreferrer noopener\">Karta Hrvatske<\/a><\/p>\n\n\n\n<p><a rel=\"noreferrer noopener\" href=\"https:\/\/forms.gle\/7uLqANkHX3KcyTQo9\" target=\"_blank\">Primorska Hrvatska<\/a><\/p>\n\n\n\n<p class=\"has-white-background-color has-background\"><a href=\"https:\/\/www.purposegames.com\/game\/primorska-za-prijatelje-game\" target=\"_blank\" rel=\"noreferrer noopener\">Karta Primorske Hrvatske<\/a><\/p>\n\n\n\n<p><a rel=\"noreferrer noopener\" href=\"https:\/\/wordwall.net\/hr\/resource\/17395041\" target=\"_blank\">Gorska i Nizinska Hrvatska<\/a><\/p>\n\n\n\n<p class=\"has-white-background-color has-background\"><a href=\"https:\/\/wordwall.net\/hr\/resource\/14377758\" target=\"_blank\" rel=\"noreferrer noopener\">Karta Gorske Hrvatske<\/a><\/p>\n","protected":false},"excerpt":{"rendered":"<p>5. razred Zadaci i vje\u017ebe za lak\u0161e u\u010denje Geografije. Strane svijeta na kompasu Kontinenti i oceani<\/p>\n","protected":false},"author":1,"featured_media":0,"parent":0,"menu_order":0,"comment_status":"closed","ping_status":"closed","template":"","meta":{"footnotes":""},"class_list":["post-6792","page","type-page","status-publish","hentry"],"_links":{"self":[{"href":"https:\/\/vesnajanko.eu\/index.php?rest_route=\/wp\/v2\/pages\/6792","targetHints":{"allow":["GET"]}}],"collection":[{"href":"https:\/\/vesnajanko.eu\/index.php?rest_route=\/wp\/v2\/pages"}],"about":[{"href":"https:\/\/vesnajanko.eu\/index.php?rest_route=\/wp\/v2\/types\/page"}],"author":[{"embeddable":true,"href":"https:\/\/vesnajanko.eu\/index.php?rest_route=\/wp\/v2\/users\/1"}],"replies":[{"embeddable":true,"href":"https:\/\/vesnajanko.eu\/index.php?rest_route=%2Fwp%2Fv2%2Fcomments&post=6792"}],"version-history":[{"count":45,"href":"https:\/\/vesnajanko.eu\/index.php?rest_route=\/wp\/v2\/pages\/6792\/revisions"}],"predecessor-version":[{"id":10262,"href":"https:\/\/vesnajanko.eu\/index.php?rest_route=\/wp\/v2\/pages\/6792\/revisions\/10262"}],"wp:attachment":[{"href":"https:\/\/vesnajanko.eu\/index.php?rest_route=%2Fwp%2Fv2%2Fmedia&parent=6792"}],"curies":[{"name":"wp","href":"https:\/\/api.w.org\/{rel}","templated":true}]}}