{"id":6763,"date":"2022-04-12T16:55:02","date_gmt":"2022-04-12T15:55:02","guid":{"rendered":"https:\/\/vesnajanko.eu\/?page_id=6763"},"modified":"2025-05-25T16:58:58","modified_gmt":"2025-05-25T15:58:58","slug":"prirodna-i-drustvena-obiljezja-istocne-europe","status":"publish","type":"page","link":"https:\/\/vesnajanko.eu\/?page_id=6763","title":{"rendered":"Prirodno i dru\u0161tveno-geografska obilje\u017eja Isto\u010dne Europe"},"content":{"rendered":"\n<p class=\"has-luminous-dusk-gradient-background has-background has-medium-font-size\"><a href=\"https:\/\/docs.google.com\/presentation\/d\/e\/2PACX-1vRhusTGLXaLZXXgTW1q--OUMXMbVj3rbz6PFJXVd1HRmPARdiaS7KBdlrEO-PsOmGor6VE8u2chNjFg\/pub?start=false&amp;loop=false&amp;delayms=3000\" target=\"_blank\" rel=\"noreferrer noopener\">Pogledaj prezentaciju<\/a><\/p>\n\n\n\n<p>Dr\u017eave: Ruska Federacija, Ukrajina, Bjelorusija, Moldavija<\/p>\n\n\n\n<p><strong>Prirodno-geografska obilje\u017eja Isto\u010dne Europe<\/strong><\/p>\n\n\n\n<ul class=\"wp-block-list\">\n<li>najve\u0107a regija Europe<\/li>\n\n\n\n<li>prevladavaju nizine (Isto\u010dnoeuropska nizina); prastari reljef: Balti\u010dki i Ukrajinski \u0161tit, Ruska platforma; stari reljef: Ural; mladi reljef: Kavkaz, Isto\u010dni Karpati, Krimska gora<\/li>\n\n\n\n<li>na klimu utje\u010de geografska \u0161irina i kontinentalnost; prevladava snje\u017eno-\u0161umska klima<\/li>\n\n\n\n<li>teku najdulje rijeke Europe: Volga, Dnjepar, Don<\/li>\n\n\n\n<li>Ladoga i Onega najve\u0107a jezera Europe cijelom svojom povr\u0161inom<\/li>\n<\/ul>\n\n\n\n<div style=\"height:54px\" aria-hidden=\"true\" class=\"wp-block-spacer\"><\/div>\n\n\n\n<hr class=\"wp-block-separator has-alpha-channel-opacity\"\/>\n\n\n\n<p class=\"has-pale-ocean-gradient-background has-background has-medium-font-size\"><a href=\"https:\/\/docs.google.com\/presentation\/d\/e\/2PACX-1vTFmma4wolc3YuaWk3Lel7alKbJqW-7atMnpbcR7kZwbOq9PAkW7w9J_i638rI4uX0AMJcZUKH5TupT\/pub?start=false&amp;loop=false&amp;delayms=3000\" target=\"_blank\" rel=\"noreferrer noopener\">Pogledaj prezentaciju<\/a>.<\/p>\n\n\n\n<p><strong>Dru\u0161tveno-geografska obilje\u017eja Isto\u010dne Europe<\/strong><\/p>\n\n\n\n<ul class=\"wp-block-list\">\n<li>regija rijetko naseljena (Moldavija najgu\u0161\u0107e, Ruska Federacija najrje\u0111e)<\/li>\n\n\n\n<li>slo\u017eeni etni\u010dki, jezi\u010dni i vjerski sastav stanovni\u0161tva<\/li>\n\n\n\n<li>prirodni pad stanovni\u0161tva i emigracija<\/li>\n\n\n\n<li>velika prirodna bogatstva &#8211; srednje razvijene dr\u017eave<\/li>\n\n\n\n<li>veliku va\u017enost imaju sekundarne djelatnosti (industrija, energetika i rudarstvo), najvi\u0161e zaposlenih u tercijarnim djelatnostima (trgovina, promet), primarne djelatnosti jo\u0161 uvijek va\u017ene u Moldaviji<\/li>\n<\/ul>\n","protected":false},"excerpt":{"rendered":"<p>Pogledaj prezentaciju Dr\u017eave: Ruska Federacija, Ukrajina, Bjelorusija, Moldavija Prirodno-geografska obilje\u017eja Isto\u010dne Europe Pogledaj prezentaciju. Dru\u0161tveno-geografska obilje\u017eja Isto\u010dne Europe<\/p>\n","protected":false},"author":1,"featured_media":0,"parent":6278,"menu_order":0,"comment_status":"closed","ping_status":"closed","template":"","meta":{"footnotes":""},"class_list":["post-6763","page","type-page","status-publish","hentry"],"_links":{"self":[{"href":"https:\/\/vesnajanko.eu\/index.php?rest_route=\/wp\/v2\/pages\/6763","targetHints":{"allow":["GET"]}}],"collection":[{"href":"https:\/\/vesnajanko.eu\/index.php?rest_route=\/wp\/v2\/pages"}],"about":[{"href":"https:\/\/vesnajanko.eu\/index.php?rest_route=\/wp\/v2\/types\/page"}],"author":[{"embeddable":true,"href":"https:\/\/vesnajanko.eu\/index.php?rest_route=\/wp\/v2\/users\/1"}],"replies":[{"embeddable":true,"href":"https:\/\/vesnajanko.eu\/index.php?rest_route=%2Fwp%2Fv2%2Fcomments&post=6763"}],"version-history":[{"count":13,"href":"https:\/\/vesnajanko.eu\/index.php?rest_route=\/wp\/v2\/pages\/6763\/revisions"}],"predecessor-version":[{"id":10029,"href":"https:\/\/vesnajanko.eu\/index.php?rest_route=\/wp\/v2\/pages\/6763\/revisions\/10029"}],"up":[{"embeddable":true,"href":"https:\/\/vesnajanko.eu\/index.php?rest_route=\/wp\/v2\/pages\/6278"}],"wp:attachment":[{"href":"https:\/\/vesnajanko.eu\/index.php?rest_route=%2Fwp%2Fv2%2Fmedia&parent=6763"}],"curies":[{"name":"wp","href":"https:\/\/api.w.org\/{rel}","templated":true}]}}