{"id":666,"date":"2015-10-18T18:18:56","date_gmt":"2015-10-18T18:18:56","guid":{"rendered":"https:\/\/vesnajanko.eu\/?page_id=666"},"modified":"2024-10-13T16:00:00","modified_gmt":"2024-10-13T15:00:00","slug":"7-09-klimatski-faktori-i-elementi","status":"publish","type":"page","link":"https:\/\/vesnajanko.eu\/?page_id=666","title":{"rendered":"Klima i vegetacija Europe"},"content":{"rendered":"\n<p>Stranice u ud\u017ebeniku: 34. &#8211; 38.<\/p>\n\n\n\n<h4 class=\"wp-block-heading\">Uvod<\/h4>\n\n\n\n<p>Pogledaj <a href=\"https:\/\/youtu.be\/ebsgjdma9Rg\" target=\"_blank\" rel=\"noopener noreferrer\">vremensku prognozu<\/a> (objavio: crometo, HRT).<\/p>\n\n\n\n<ul class=\"wp-block-list\">\n<li>Koje elemente vremena spominje meteorolog?<\/li>\n<\/ul>\n\n\n\n<hr class=\"wp-block-separator has-css-opacity\"\/>\n\n\n\n<h4 class=\"wp-block-heading\">Obrada<\/h4>\n\n\n\n<p class=\"has-pale-ocean-gradient-background has-background\"><a href=\"https:\/\/docs.google.com\/presentation\/d\/e\/2PACX-1vTzrikJnnfx9HdJFSp4j26ozt42VZnvtzt1yckosFf8pLaYQOls-hgtu3bv6cBTaUlh5vE1MPdvXaIP\/pub?start=false&amp;loop=false&amp;delayms=3000\" data-type=\"link\" data-id=\"https:\/\/docs.google.com\/presentation\/d\/e\/2PACX-1vTzrikJnnfx9HdJFSp4j26ozt42VZnvtzt1yckosFf8pLaYQOls-hgtu3bv6cBTaUlh5vE1MPdvXaIP\/pub?start=false&amp;loop=false&amp;delayms=3000\" target=\"_blank\" rel=\"noreferrer noopener\">Pogledaj prezentaciju ovdje<\/a>.<\/p>\n\n\n\n<iframe loading=\"lazy\" src=\"https:\/\/docs.google.com\/presentation\/d\/e\/2PACX-1vTzrikJnnfx9HdJFSp4j26ozt42VZnvtzt1yckosFf8pLaYQOls-hgtu3bv6cBTaUlh5vE1MPdvXaIP\/embed?start=false&#038;loop=false&#038;delayms=3000\" frameborder=\"0\" width=\"960\" height=\"569\" allowfullscreen=\"true\" mozallowfullscreen=\"true\" webkitallowfullscreen=\"true\"><\/iframe>\n\n\n\n<hr class=\"wp-block-separator has-css-opacity\"\/>\n\n\n\n<p><span style=\"text-decoration: underline;\">Ponavljanje<\/span><\/p>\n\n\n\n<p>Kviz <a href=\"https:\/\/play.kahoot.it\/#\/k\/5e703d06-be0c-4873-a121-8ea90e4238bb\" target=\"_blank\" rel=\"noopener noreferrer\">Kahoot.<\/a><\/p>\n\n\n\n<hr class=\"wp-block-separator has-css-opacity\"\/>\n\n\n\n<h4 class=\"wp-block-heading has-pale-cyan-blue-background-color has-background\">Geobilje\u0161ke<\/h4>\n\n\n\n<p class=\"has-text-align-center\"><span style=\"text-decoration: underline;\">Klima i vegetacija Europe<\/span><\/p>\n\n\n\n<p>-najve\u0107i dio Europe \u2013 u sjevernom umjerenom pojasu<br>-raspored mora i kopna &#8211; maritimnost<br>-morske struje &#8211; Golfska struja<br>-reljef (smjer pru\u017eanja, visina)<\/p>\n\n\n\n<ol class=\"wp-block-list\">\n<li><strong>umjereno topla vla\u017ena klima<\/strong>&nbsp;\u2013 biljne zajednice:&nbsp;listopadne i mje\u0161ovite \u0161ume<\/li>\n\n\n\n<li><strong>vla\u017ena snje\u017eno-\u0161umska klima<\/strong>&nbsp;\u2013 biljne zajednice:&nbsp;listopadne \u0161ume, mje\u0161ovite \u0161ume, tajga &#8211; vazdazelena \u0161uma<\/li>\n\n\n\n<li><strong>sredozemna ili mediteranska klima<\/strong>&nbsp;\u2013 biljne zajednice:&nbsp;vazdazelene biljke, makija<\/li>\n\n\n\n<li><strong>klima<\/strong> <strong>tundre<\/strong>&nbsp;\u2013 biljne zajednice:&nbsp;tundra &#8211; li\u0161ajevi, mahovine, nisko raslinje<\/li>\n\n\n\n<li><strong>stepska klima<\/strong>&nbsp;\u2013 biljne zajednice:&nbsp;stepa \u2013 \u017eitorodno&nbsp;podru\u010dje<\/li>\n<\/ol>\n\n\n\n<p><\/p>\n","protected":false},"excerpt":{"rendered":"<p>Stranice u ud\u017ebeniku: 34. &#8211; 38. Uvod Pogledaj vremensku prognozu (objavio: crometo, HRT). Obrada Pogledaj prezentaciju ovdje. Ponavljanje Kviz Kahoot. Geobilje\u0161ke Klima i vegetacija Europe -najve\u0107i dio Europe \u2013 u sjevernom umjerenom pojasu-raspored mora i kopna &#8211; maritimnost-morske struje &#8211; Golfska struja-reljef (smjer pru\u017eanja, visina)<\/p>\n","protected":false},"author":1,"featured_media":0,"parent":12,"menu_order":0,"comment_status":"closed","ping_status":"closed","template":"templates\/page-full-width.php","meta":{"footnotes":""},"class_list":["post-666","page","type-page","status-publish","hentry"],"_links":{"self":[{"href":"https:\/\/vesnajanko.eu\/index.php?rest_route=\/wp\/v2\/pages\/666","targetHints":{"allow":["GET"]}}],"collection":[{"href":"https:\/\/vesnajanko.eu\/index.php?rest_route=\/wp\/v2\/pages"}],"about":[{"href":"https:\/\/vesnajanko.eu\/index.php?rest_route=\/wp\/v2\/types\/page"}],"author":[{"embeddable":true,"href":"https:\/\/vesnajanko.eu\/index.php?rest_route=\/wp\/v2\/users\/1"}],"replies":[{"embeddable":true,"href":"https:\/\/vesnajanko.eu\/index.php?rest_route=%2Fwp%2Fv2%2Fcomments&post=666"}],"version-history":[{"count":29,"href":"https:\/\/vesnajanko.eu\/index.php?rest_route=\/wp\/v2\/pages\/666\/revisions"}],"predecessor-version":[{"id":9383,"href":"https:\/\/vesnajanko.eu\/index.php?rest_route=\/wp\/v2\/pages\/666\/revisions\/9383"}],"up":[{"embeddable":true,"href":"https:\/\/vesnajanko.eu\/index.php?rest_route=\/wp\/v2\/pages\/12"}],"wp:attachment":[{"href":"https:\/\/vesnajanko.eu\/index.php?rest_route=%2Fwp%2Fv2%2Fmedia&parent=666"}],"curies":[{"name":"wp","href":"https:\/\/api.w.org\/{rel}","templated":true}]}}