{"id":6543,"date":"2021-11-10T12:11:40","date_gmt":"2021-11-10T11:11:40","guid":{"rendered":"https:\/\/vesnajanko.eu\/?page_id=6543"},"modified":"2024-11-05T13:39:35","modified_gmt":"2024-11-05T12:39:35","slug":"prostorno-kretanje-stanovnistva","status":"publish","type":"page","link":"https:\/\/vesnajanko.eu\/?page_id=6543","title":{"rendered":"Prostorno kretanje stanovni\u0161tva"},"content":{"rendered":"\n<p class=\"has-pale-ocean-gradient-background has-background\"><a href=\"https:\/\/docs.google.com\/forms\/d\/e\/1FAIpQLSfwFPuZxRgmMa87jc4N6s_wbkccGL3Jg5jZFKlr3sxvoOQV6A\/viewform?usp=sharing\" target=\"_blank\" rel=\"noreferrer noopener\">Radni zadaci uz ud\u017ebenik 53. &#8211; 57. str.<\/a><\/p>\n\n\n\n<p>Kviz zadaci: <br><a rel=\"noreferrer noopener\" href=\"https:\/\/wordwall.net\/play\/24776\/246\/880\" target=\"_blank\">Valovi iseljavanja iz Europe<\/a><\/p>\n\n\n\n<p><a href=\"https:\/\/wordwall.net\/play\/24776\/846\/752\" target=\"_blank\" rel=\"noreferrer noopener\">Kamo su iselili Europljani?<\/a><\/p>\n\n\n\n<p><a href=\"https:\/\/wordwall.net\/play\/24829\/318\/415\" target=\"_blank\" rel=\"noreferrer noopener\">Preseljavanja u Europi i u Europu<\/a><\/p>\n\n\n\n<hr class=\"wp-block-separator has-css-opacity\"\/>\n\n\n\n<p class=\"has-pale-cyan-blue-background-color has-background\"><strong>Geobilje\u017enica:<\/strong><\/p>\n\n\n\n<p class=\"has-text-align-center\"><span style=\"text-decoration: underline;\">Prostorno kretanje stanovni\u0161tva<\/span><\/p>\n\n\n\n<p>-iseljavanja u Novi svijet po\u010dinju nakon geografskih otkri\u0107a do kraja 20. st. &#8211; \u010detiri vala iseljavanja<br>-unutar Europe iseljavanje najve\u0107e od 60.-tih do 80.-tih godina 20. st. &#8211; s juga, jugoistoka i istoka u Srednju, Zapadnu i Sjevernu Europu<br>-dolaze stanovnici iz slabije razvijenih zemalja Afrike i Azije u razvijene europske dr\u017eave<br>-najvi\u0161e stranih radnika je u Njema\u010dkoj, \u0160vicarskoj, Ujedinjenom Kraljevstvu, \u0160vedskoj, Austriji i Francuskoj<\/p>\n","protected":false},"excerpt":{"rendered":"<p>Radni zadaci uz ud\u017ebenik 53. &#8211; 57. str. Kviz zadaci: Valovi iseljavanja iz Europe Kamo su iselili Europljani? Preseljavanja u Europi i u Europu Geobilje\u017enica: Prostorno kretanje stanovni\u0161tva -iseljavanja u Novi svijet po\u010dinju nakon geografskih otkri\u0107a do kraja 20. st. &#8211; \u010detiri vala iseljavanja-unutar Europe iseljavanje najve\u0107e od 60.-tih do&#8230; <a href=\"https:\/\/vesnajanko.eu\/?page_id=6543\" class=\"readmore\">Vi\u0161e<span class=\"screen-reader-text\">&#8220;Prostorno kretanje stanovni\u0161tva&#8221;<\/span><\/a><\/p>\n","protected":false},"author":1,"featured_media":0,"parent":6278,"menu_order":0,"comment_status":"closed","ping_status":"closed","template":"","meta":{"footnotes":""},"class_list":["post-6543","page","type-page","status-publish","hentry"],"_links":{"self":[{"href":"https:\/\/vesnajanko.eu\/index.php?rest_route=\/wp\/v2\/pages\/6543","targetHints":{"allow":["GET"]}}],"collection":[{"href":"https:\/\/vesnajanko.eu\/index.php?rest_route=\/wp\/v2\/pages"}],"about":[{"href":"https:\/\/vesnajanko.eu\/index.php?rest_route=\/wp\/v2\/types\/page"}],"author":[{"embeddable":true,"href":"https:\/\/vesnajanko.eu\/index.php?rest_route=\/wp\/v2\/users\/1"}],"replies":[{"embeddable":true,"href":"https:\/\/vesnajanko.eu\/index.php?rest_route=%2Fwp%2Fv2%2Fcomments&post=6543"}],"version-history":[{"count":15,"href":"https:\/\/vesnajanko.eu\/index.php?rest_route=\/wp\/v2\/pages\/6543\/revisions"}],"predecessor-version":[{"id":9462,"href":"https:\/\/vesnajanko.eu\/index.php?rest_route=\/wp\/v2\/pages\/6543\/revisions\/9462"}],"up":[{"embeddable":true,"href":"https:\/\/vesnajanko.eu\/index.php?rest_route=\/wp\/v2\/pages\/6278"}],"wp:attachment":[{"href":"https:\/\/vesnajanko.eu\/index.php?rest_route=%2Fwp%2Fv2%2Fmedia&parent=6543"}],"curies":[{"name":"wp","href":"https:\/\/api.w.org\/{rel}","templated":true}]}}