{"id":6463,"date":"2021-10-25T16:05:15","date_gmt":"2021-10-25T15:05:15","guid":{"rendered":"https:\/\/vesnajanko.eu\/?page_id=6463"},"modified":"2025-12-16T17:37:53","modified_gmt":"2025-12-16T16:37:53","slug":"7-2-kako-se-zivi-i-radi-u-europi","status":"publish","type":"page","link":"https:\/\/vesnajanko.eu\/?page_id=6463","title":{"rendered":"7.2. Dru\u0161tveno-geografska obilje\u017eja Europe"},"content":{"rendered":"\n<p class=\"has-pale-cyan-blue-background-color has-background has-small-font-size\"><span class='tooltipsall tooltipsincontent classtoolTips6'>GEO O\u0160 A.B.7.2.<\/span> U\u010denik obja\u0161njava nastanak politi\u010dke karte Europe, procese integriranja te va\u017enost suradnje i po\u0161tovanja razli\u010ditosti.<br><span class='tooltipsall tooltipsincontent classtoolTips7'>GEO O\u0160 A.B.7.3.<\/span> U\u010denik obrazla\u017ee nastanak, razvoj i zna\u010denje Europske unije u Europi i svijetu te utjecaj institucija EU-a na pojedinca i dr\u017eave.<br><span class='tooltipsall tooltipsincontent classtoolTips8'>GEO O\u0160 A.B.7.4.<\/span> U\u010denik obja\u0161njava demografske i gospodarske posebnosti europskih dr\u017eava na temelju prikupljenih i obra\u0111enih podataka.<br><span class='tooltipsall tooltipsincontent classtoolTips5'>GEO O\u0160 A.B.7.1.<\/span> U\u010denik obja\u0161njava geografski smje\u0161taj i utjecaj geografskoga polo\u017eaja na razvijenost Europe te opisuje utjecaj Europljana na druge dijelove svijeta.<br><span class='tooltipsall tooltipsincontent classtoolTips13'>GEO O\u0160 B.A.7.1.<\/span> U\u010denik analizira prirodno-geografska obilje\u017eja Europe i obja\u0161njava njihov utjecaj na naseljenost i gospodarske aktivnosti. <\/p>\n\n\n\n<p class=\"has-background has-small-font-size\" style=\"background-color:#abb7c296\">goo A.3.4. Promi\u010de pravo na obrazovanje i pravo na rad.<br>goo A.3.5. Promi\u010de ravnopravnost spolova.<br>odr A.3.4. Obja\u0161njava povezanost ekonomskih aktivnosti sa stanjem u okoli\u0161u i dru\u0161tvu.<br>ikt A.3.1. U\u010denik samostalno odabire odgovaraju\u0107u digitalnu tehnologiju.<br>uku B.3.2. 2. Pra\u0107enje: Uz povremeni poticaj i samostalno u\u010denik prati u\u010dinkovitost u\u010denja i svoje napredovanje tijekom u\u010denja.<\/p>\n\n\n\n<p class=\"has-medium-font-size\">U ud\u017ebeniku 39. &#8211; 89. stranice.<\/p>\n\n\n\n<figure class=\"wp-block-table is-style-stripes\"><table><thead><tr><th>Redni br. <br>sata<\/th><th class=\"has-text-align-left\" data-align=\"left\">Podteme (lekcije)<\/th><th>plan<\/th><\/tr><\/thead><tbody><tr><td>13.<br>14.<\/td><td class=\"has-text-align-left\" data-align=\"left\"><a href=\"https:\/\/vesnajanko.eu\/?page_id=744\">Narodi i dr\u017eave Europe<\/a>; <br><a href=\"https:\/\/vesnajanko.eu\/?page_id=744&amp;page=2\">Gusto\u0107a naseljenosti<\/a> &#8211; zadatak za geografske vje\u0161tine<\/td><td><\/td><\/tr><tr><td>15.<br>16.<\/td><td class=\"has-text-align-left\" data-align=\"left\"><a href=\"https:\/\/vesnajanko.eu\/?page_id=750\">Stanovni\u0161tvo Europe<\/a> <br>(Prirodno kretanje i biolo\u0161ka struktura; <br><a href=\"https:\/\/vesnajanko.eu\/?page_id=750&amp;page=2\">Gospodarska, etni\u010dka, vjerska i jezi\u010dna struktura<\/a>)<\/td><td><\/td><\/tr><tr><td>17.<br>18.<\/td><td class=\"has-text-align-left\" data-align=\"left\"><a href=\"https:\/\/vesnajanko.eu\/?page_id=6543\">Prostorno kretanje stanovni\u0161tva<\/a><br>Stanovni\u0161tvo Europe &#8211; ponavljanje<\/td><td><\/td><\/tr><tr><td>19.<br>20.<\/td><td class=\"has-text-align-left\" data-align=\"left\">Gospodarstvo Europe: <br>&#8212;<a href=\"https:\/\/vesnajanko.eu\/?page_id=7613\">Primarne djelatnosti<\/a><br>&#8212;<a href=\"https:\/\/vesnajanko.eu\/?page_id=7613&amp;page=2\">Industrijalizacija i tercijarizacija<\/a><\/td><td><\/td><\/tr><tr><td>21.<br>22.<\/td><td class=\"has-text-align-left\" data-align=\"left\">&#8212;<a href=\"https:\/\/vesnajanko.eu\/?page_id=7613&amp;page=3\">Prometno povezivanje Europe<\/a><br><a href=\"https:\/\/wordwall.net\/play\/82860\/299\/246\" target=\"_blank\" rel=\"noreferrer noopener\">Gospodarstvo Europe &#8211; ponavljanje<\/a><\/td><td><\/td><\/tr><tr><td><\/td><td class=\"has-text-align-left\" data-align=\"left\"><a href=\"https:\/\/vesnajanko.eu\/?page_id=3291\">Razlike u razvijenosti<\/a><br><a href=\"https:\/\/vesnajanko.eu\/?page_id=3291&amp;page=2\">Gradovi i gradski na\u010din \u017eivota<\/a><\/td><td><\/td><\/tr><tr><td><\/td><td class=\"has-text-align-left\" data-align=\"left\"><a href=\"https:\/\/vesnajanko.eu\/?page_id=1370\">Europske integracije i organizacije<br>Europska unija i njezina uloga u svijetu<\/a><\/td><td><\/td><\/tr><tr><td><\/td><td class=\"has-text-align-left\" data-align=\"left\">Dru\u0161tveno-geografska obilje\u017eja Europe &#8211; <strong><a href=\"https:\/\/quizlet.com\/1123654238\/drustveno-geografska-obiljezja-europe-flash-cards\/?i=16191&amp;x=1jqt\" target=\"_blank\" rel=\"noreferrer noopener\">ponavljanje<\/a><\/strong> i provjera<\/td><td><\/td><\/tr><\/tbody><\/table><\/figure>\n\n\n\n<p class=\"has-light-green-cyan-background-color has-background has-medium-font-size\">Geografsko znanje (geoznanje) &#8211; sa\u017eetak nau\u010denog iz teme<\/p>\n\n\n\n<p>Odaberi <strong>jedan (1)<\/strong> od ponu\u0111enih zadataka:<br>1. Izdvoji po \u010detiri (4) va\u017enih \u010dinjenica za:<br>a) stanovni\u0161tvo Europe<br>b) gospodarstvo Europe<br>c) Europsku uniju<br>Zna\u010di, ukupno je 12 \u010dinjenica.<br>2. Izradi umnu mapu u kojoj \u0107e biti sredi\u0161nji pojam <strong>stanovni\u0161tvo i gospodarstvo Europe<\/strong>. <\/p>\n\n\n\n<p class=\"has-light-green-cyan-background-color has-background has-medium-font-size\">Geografija i \u017eivot (geo\u017eivot) &#8211; kratki sastavak<\/p>\n\n\n\n<p>Odaberi <strong>jedan (1)<\/strong> od ponu\u0111enih zadataka:<br>1. Anketiraj osobe iz svoga okru\u017eenja koje su prednosti, a koji nedostaci ulaska Hrvatske u Europsku uniju. Napi\u0161i o tome kratki izvje\u0161taj u 6 &#8211; 7 re\u010denica.<br>2. Istra\u017ei koji je najstariji europski grad. Napi\u0161i izvje\u0161taj u 6 &#8211; 7 re\u010denica.<br>3. Istra\u017ei koje su najsretnije europske dr\u017eave i zbog \u010dega. Usporedi s Hrvatskom. Napi\u0161i izvje\u0161taj u 6 &#8211; 7 re\u010denica.<\/p>\n\n\n\n<p class=\"has-background has-medium-font-size\" style=\"background-color:#fcb90070\">Samovrednovanje<\/p>\n\n\n\n<figure class=\"wp-block-table\"><table><tbody><tr><td><strong>Procijeni svoje\u2026<\/strong><\/td><td>1 2 3<\/td><\/tr><tr><td>nau\u010deno znanje za ovu temu<\/td><td><\/td><\/tr><tr><td>aktivnosti na nastavi<\/td><td><\/td><\/tr><tr><td>pona\u0161anje na nastavi<\/td><td>.<\/td><\/tr><\/tbody><\/table><\/figure>\n<script type=\"text\/javascript\"> toolTips('.classtoolTips5','U\u010denik obja\u0161njava geografski smje\u0161taj i utjecaj geografskoga polo\u017eaja na razvijenost Europe te opisuje utjecaj Europljana na druge dijelove svijeta.'); <\/script><script type=\"text\/javascript\"> toolTips('.classtoolTips6','U\u010denik obja\u0161njava nastanak politi\u010dke karte Europe, procese integriranja te va\u017enost suradnje i po\u0161tovanja razli\u010ditosti.'); <\/script><script type=\"text\/javascript\"> toolTips('.classtoolTips7','U\u010denik obrazla\u017ee nastanak, razvoj i zna\u010denje Europske unije u Europi i svijetu te utjecaj institucija EU-a na pojedinca i dr\u017eave.'); <\/script><script type=\"text\/javascript\"> toolTips('.classtoolTips8','U\u010denik obja\u0161njava demografske i gospodarske posebnosti europskih dr\u017eava na temelju prikupljenih i obra\u0111enih podataka.'); <\/script><script type=\"text\/javascript\"> toolTips('.classtoolTips13','U\u010denik analizira prirodno-geografska obilje\u017eja Europe i obja\u0161njava njihov utjecaj na naseljenost i gospodarske aktivnosti.'); <\/script>","protected":false},"excerpt":{"rendered":"<p>GEO O\u0160 A.B.7.2. U\u010denik obja\u0161njava nastanak politi\u010dke karte Europe, procese integriranja te va\u017enost suradnje i po\u0161tovanja razli\u010ditosti.GEO O\u0160 A.B.7.3. U\u010denik obrazla\u017ee nastanak, razvoj i zna\u010denje Europske unije u Europi i svijetu te utjecaj institucija EU-a na pojedinca i dr\u017eave.GEO O\u0160 A.B.7.4. U\u010denik obja\u0161njava demografske i gospodarske posebnosti europskih dr\u017eava na&#8230; <a href=\"https:\/\/vesnajanko.eu\/?page_id=6463\" class=\"readmore\">Vi\u0161e<span class=\"screen-reader-text\">&#8220;7.2. Dru\u0161tveno-geografska obilje\u017eja Europe&#8221;<\/span><\/a><\/p>\n","protected":false},"author":1,"featured_media":0,"parent":6278,"menu_order":0,"comment_status":"closed","ping_status":"closed","template":"","meta":{"footnotes":""},"class_list":["post-6463","page","type-page","status-publish","hentry"],"_links":{"self":[{"href":"https:\/\/vesnajanko.eu\/index.php?rest_route=\/wp\/v2\/pages\/6463","targetHints":{"allow":["GET"]}}],"collection":[{"href":"https:\/\/vesnajanko.eu\/index.php?rest_route=\/wp\/v2\/pages"}],"about":[{"href":"https:\/\/vesnajanko.eu\/index.php?rest_route=\/wp\/v2\/types\/page"}],"author":[{"embeddable":true,"href":"https:\/\/vesnajanko.eu\/index.php?rest_route=\/wp\/v2\/users\/1"}],"replies":[{"embeddable":true,"href":"https:\/\/vesnajanko.eu\/index.php?rest_route=%2Fwp%2Fv2%2Fcomments&post=6463"}],"version-history":[{"count":67,"href":"https:\/\/vesnajanko.eu\/index.php?rest_route=\/wp\/v2\/pages\/6463\/revisions"}],"predecessor-version":[{"id":10208,"href":"https:\/\/vesnajanko.eu\/index.php?rest_route=\/wp\/v2\/pages\/6463\/revisions\/10208"}],"up":[{"embeddable":true,"href":"https:\/\/vesnajanko.eu\/index.php?rest_route=\/wp\/v2\/pages\/6278"}],"wp:attachment":[{"href":"https:\/\/vesnajanko.eu\/index.php?rest_route=%2Fwp%2Fv2%2Fmedia&parent=6463"}],"curies":[{"name":"wp","href":"https:\/\/api.w.org\/{rel}","templated":true}]}}