{"id":6337,"date":"2021-09-20T09:22:30","date_gmt":"2021-09-20T08:22:30","guid":{"rendered":"https:\/\/vesnajanko.eu\/?page_id=6337"},"modified":"2025-10-01T06:51:06","modified_gmt":"2025-10-01T05:51:06","slug":"7-1-kakav-je-kontinent-europa","status":"publish","type":"page","link":"https:\/\/vesnajanko.eu\/?page_id=6337","title":{"rendered":"7.1. Op\u0107a i prirodno-geografska obilje\u017eja Europe"},"content":{"rendered":"\n<p><strong>Ishodi:<\/strong><\/p>\n\n\n\n<p class=\"has-pale-cyan-blue-background-color has-background has-small-font-size\"><span class='tooltipsall tooltipsincontent classtoolTips5'>GEO O\u0160 A.B.7.1.<\/span> U\u010denik obja\u0161njava geografski smje\u0161taj i utjecaj geografskoga polo\u017eaja na razvijenost Europe te opisuje<br>utjecaj Europljana na druge dijelove svijeta.<br><span class='tooltipsall tooltipsincontent classtoolTips6'>GEO O\u0160 A.B.7.2.<\/span> U\u010denik obja\u0161njava nastanak politi\u010dke karte Europe, procese integriranja te va\u017enost suradnje i po\u0161tovanja razli\u010ditosti.<br><span class='tooltipsall tooltipsincontent classtoolTips9'>GEO O\u0160 A.B.7.5.<\/span> U\u010denik analizira europske regije s obzirom na njihove posebnosti.<br><span class='tooltipsall tooltipsincontent classtoolTips11'>GEO O\u0160 A.B.7.7.<\/span> U\u010denik analizira utjecaj prirodno-geografskih i dru\u0161tveno-geografskih posebnosti na oblikovanje mediteranskoga kulturno-civilizacijskog kruga te njegov utjecaj na Hrvatsku i svijet.<br><span class='tooltipsall tooltipsincontent classtoolTips13'>GEO O\u0160 B.A.7.1.<\/span> U\u010denik analizira prirodno-geografska obilje\u017eja Europe i obja\u0161njava njihov utjecaj na naseljenost i gospodarske aktivnosti.<\/p>\n\n\n\n<p class=\"has-background has-small-font-size\" style=\"background-color:#abb7c291\">odr A.3.1. Obja\u0161njava osnovne sastavnice prirodne raznolikosti.<br>odr A.3.3. Razmatra uzroke ugro\u017eenosti prirode.<br>ikt A.3.1. U\u010denik samostalno odabire odgovaraju\u0107u digitalnu tehnologiju.<br>uku B.3.2. 2. Pra\u0107enje: Uz povremeni poticaj i samostalno u\u010denik prati u\u010dinkovitost u\u010denja i svoje napredovanje tijekom u\u010denja.<\/p>\n\n\n\n<p class=\"has-medium-font-size\">U ud\u017ebeniku 8. &#8211; 38. stranice.<\/p>\n\n\n\n<figure class=\"wp-block-table is-style-stripes\"><table><thead><tr><th>Redni broj sata \/ podteme (lekcije)<\/th><th>plan<\/th><\/tr><\/thead><tbody><tr><td>3. <a href=\"https:\/\/vesnajanko.eu\/?page_id=195\">Granice, geografski smje\u0161taj i polo\u017eaj;<\/a><br>4. <a href=\"https:\/\/vesnajanko.eu\/?page_id=195&amp;page=2\">Europske regije<\/a><\/td><td>17.-22. 9. &#8217;25<\/td><\/tr><tr><td>5. <a href=\"https:\/\/vesnajanko.eu\/?page_id=471\">Reljef Europe<\/a>; <br>6. <a href=\"https:\/\/vesnajanko.eu\/?page_id=509\">Ponavljanje sadr\u017eaja<\/a><\/td><td>24.-30. 9. &#8217;25<\/td><\/tr><tr><td>7. <a href=\"https:\/\/vesnajanko.eu\/?page_id=511\">Mora i obale<\/a>; <br>8. <a href=\"https:\/\/vesnajanko.eu\/?page_id=612\">Rijeke i jezera<\/a><\/td><td>1.10. -6.10. &#8217;25<\/td><\/tr><tr><td>9. Ponavljanje sadr\u017eaja<br>10. <a href=\"https:\/\/vesnajanko.eu\/?page_id=666\">Klima i vegetacija<\/a>; <\/td><td><\/td><\/tr><tr><td>11.\/12. <strong><a href=\"https:\/\/skole.loomen.carnet.hr\/course\/view.php?id=18827&amp;section=2\" data-type=\"link\" data-id=\"https:\/\/skole.loomen.carnet.hr\/course\/view.php?id=18827&amp;section=2\" target=\"_blank\" rel=\"noreferrer noopener\">Prirodno-geografska obilje\u017eja Europe<\/a><\/strong><br><strong><a href=\"https:\/\/skole.loomen.carnet.hr\/course\/view.php?id=18827&amp;section=2\" data-type=\"link\" data-id=\"https:\/\/skole.loomen.carnet.hr\/course\/view.php?id=18827&amp;section=2\" target=\"_blank\" rel=\"noreferrer noopener\"> &#8211; ponavljanje i provjera znanja<\/a><\/strong><\/td><td><\/td><\/tr><tr><td><\/td><td><\/td><\/tr><\/tbody><\/table><\/figure>\n\n\n\n<p class=\"has-light-green-cyan-background-color has-background has-medium-font-size\">Geografsko znanje (geoznanje)<\/p>\n\n\n\n<p>Odaberi <strong>jedan (1)<\/strong> od navedenih zadataka: <br>1. Izradi umnu mapu u \u010dijem sredi\u0161tu \u0107e biti pojam <strong>Europa<\/strong>, a grane \u0107e imati pojmove: geografski smje\u0161taj, geografski polo\u017eaj, regije, reljef, mora, vode na kopnu, klima.<br>2. Izradi tablicu u kojoj \u0107e\u0161 sa\u017eeto navesti klju\u010dne pojmove \u0161to si nau\u010dio\/la o geografskom smje\u0161taju i polo\u017eaju Europe, reljefu, morima, vodama na kopnu i klimi Europe.<\/p>\n\n\n\n<figure class=\"wp-block-table\"><table class=\"has-fixed-layout\"><tbody><tr><td><\/td><td>nau\u010dio \/ la sam<\/td><\/tr><tr><td>geografski smje\u0161taj <\/td><td><\/td><\/tr><tr><td>geografski polo\u017eaj<\/td><td><\/td><\/tr><tr><td>reljef<\/td><td><\/td><\/tr><tr><td>mora i obale<\/td><td><\/td><\/tr><tr><td>vode na kopnu<\/td><td><\/td><\/tr><tr><td>klime<\/td><td><\/td><\/tr><\/tbody><\/table><\/figure>\n\n\n\n<p class=\"has-light-green-cyan-background-color has-background has-medium-font-size\">Geografija i \u017eivot (geo\u017eivot)<\/p>\n\n\n\n<p>Prona\u0111i u \u010dasopisima ili internetu prirodno-geografsku zanimljivost (reljef, klima, rijeke, mora, biljni svijet) o Europi i opi\u0161i je.<\/p>\n\n\n\n<p class=\"has-luminous-vivid-amber-background-color has-background has-medium-font-size\">Samovrednovanje<\/p>\n\n\n\n<p>Precrtaj i ispuni tablicu:<\/p>\n\n\n\n<figure class=\"wp-block-table\"><table><tbody><tr><td><strong>Procijeni svoje\u2026<\/strong><\/td><td>1 2 3<\/td><\/tr><tr><td>nau\u010deno znanje za ovu temu<\/td><td><\/td><\/tr><tr><td>aktivnosti na nastavi<\/td><td><\/td><\/tr><tr><td>pona\u0161anje na nastavi<\/td><td>.<\/td><\/tr><\/tbody><\/table><\/figure>\n<script type=\"text\/javascript\"> toolTips('.classtoolTips5','U\u010denik obja\u0161njava geografski smje\u0161taj i utjecaj geografskoga polo\u017eaja na razvijenost Europe te opisuje utjecaj Europljana na druge dijelove svijeta.'); <\/script><script type=\"text\/javascript\"> toolTips('.classtoolTips6','U\u010denik obja\u0161njava nastanak politi\u010dke karte Europe, procese integriranja te va\u017enost suradnje i po\u0161tovanja razli\u010ditosti.'); <\/script><script type=\"text\/javascript\"> toolTips('.classtoolTips9','U\u010denik analizira europske regije s obzirom na njihove posebnosti.'); <\/script><script type=\"text\/javascript\"> toolTips('.classtoolTips11','U\u010denik analizira utjecaj prirodno-geografskih i dru\u0161tveno-geografskih posebnosti na oblikovanje mediteranskoga kulturno-civilizacijskog kruga te njegov utjecaj na Hrvatsku i svijet.'); <\/script><script type=\"text\/javascript\"> toolTips('.classtoolTips13','U\u010denik analizira prirodno-geografska obilje\u017eja Europe i obja\u0161njava njihov utjecaj na naseljenost i gospodarske aktivnosti.'); <\/script>","protected":false},"excerpt":{"rendered":"<p>Ishodi: GEO O\u0160 A.B.7.1. U\u010denik obja\u0161njava geografski smje\u0161taj i utjecaj geografskoga polo\u017eaja na razvijenost Europe te opisujeutjecaj Europljana na druge dijelove svijeta.GEO O\u0160 A.B.7.2. U\u010denik obja\u0161njava nastanak politi\u010dke karte Europe, procese integriranja te va\u017enost suradnje i po\u0161tovanja razli\u010ditosti.GEO O\u0160 A.B.7.5. U\u010denik analizira europske regije s obzirom na njihove posebnosti.GEO O\u0160&#8230; <a href=\"https:\/\/vesnajanko.eu\/?page_id=6337\" class=\"readmore\">Vi\u0161e<span class=\"screen-reader-text\">&#8220;7.1. Op\u0107a i prirodno-geografska obilje\u017eja Europe&#8221;<\/span><\/a><\/p>\n","protected":false},"author":1,"featured_media":0,"parent":6278,"menu_order":0,"comment_status":"closed","ping_status":"closed","template":"","meta":{"footnotes":""},"class_list":["post-6337","page","type-page","status-publish","hentry"],"_links":{"self":[{"href":"https:\/\/vesnajanko.eu\/index.php?rest_route=\/wp\/v2\/pages\/6337","targetHints":{"allow":["GET"]}}],"collection":[{"href":"https:\/\/vesnajanko.eu\/index.php?rest_route=\/wp\/v2\/pages"}],"about":[{"href":"https:\/\/vesnajanko.eu\/index.php?rest_route=\/wp\/v2\/types\/page"}],"author":[{"embeddable":true,"href":"https:\/\/vesnajanko.eu\/index.php?rest_route=\/wp\/v2\/users\/1"}],"replies":[{"embeddable":true,"href":"https:\/\/vesnajanko.eu\/index.php?rest_route=%2Fwp%2Fv2%2Fcomments&post=6337"}],"version-history":[{"count":53,"href":"https:\/\/vesnajanko.eu\/index.php?rest_route=\/wp\/v2\/pages\/6337\/revisions"}],"predecessor-version":[{"id":10113,"href":"https:\/\/vesnajanko.eu\/index.php?rest_route=\/wp\/v2\/pages\/6337\/revisions\/10113"}],"up":[{"embeddable":true,"href":"https:\/\/vesnajanko.eu\/index.php?rest_route=\/wp\/v2\/pages\/6278"}],"wp:attachment":[{"href":"https:\/\/vesnajanko.eu\/index.php?rest_route=%2Fwp%2Fv2%2Fmedia&parent=6337"}],"curies":[{"name":"wp","href":"https:\/\/api.w.org\/{rel}","templated":true}]}}