{"id":6278,"date":"2021-08-20T16:15:35","date_gmt":"2021-08-20T15:15:35","guid":{"rendered":"https:\/\/vesnajanko.eu\/?page_id=6278"},"modified":"2025-09-18T15:55:34","modified_gmt":"2025-09-18T14:55:34","slug":"geografija-7-2","status":"publish","type":"page","link":"https:\/\/vesnajanko.eu\/?page_id=6278","title":{"rendered":"Geografija 7"},"content":{"rendered":"\n<p class=\"has-black-color has-pale-cyan-blue-background-color has-text-color has-background has-medium-font-size\"><strong><a href=\"https:\/\/skole.loomen.carnet.hr\/course\/view.php?id=3800\" target=\"_blank\" rel=\"noreferrer noopener\">Loomen za 7. razred (Geo_7)<\/a><\/strong> &#8211; vje\u017ebe i provjere znanja<\/p>\n\n\n\n<p class=\"has-text-align-center\"><strong>Godi\u0161nji izvedbeni kurikulum<\/strong> za 7. razred<br>\u0160kolska godina 2025.\/26.<\/p>\n\n\n\n<figure class=\"wp-block-table is-style-stripes\"><table><thead><tr><th>Mjesec<\/th><th>broj sati<\/th><th>teme (cjeline)<\/th><th>ishodi<\/th><\/tr><\/thead><tbody><tr><td>IX. (2)<\/td><td>2<\/td><td>7.0. <a href=\"https:\/\/vesnajanko.eu\/?page_id=191\">Geografija u 7. razredu<\/a> <\/td><td><\/td><\/tr><tr><td>IX. (4), <br>X. (6)<\/td><td>10<\/td><td>7.1. <a href=\"https:\/\/vesnajanko.eu\/?page_id=6337\">Op\u0107a i prirodno-geografska obilje\u017eja Europe<\/a> <br>Kakav je kontinent Europa?<\/td><td><span class='tooltipsall tooltipsincontent classtoolTips5'>GEO O\u0160 A.B.7.1.<\/span><br><span class='tooltipsall tooltipsincontent classtoolTips6'>GEO O\u0160 A.B.7.2.<\/span><br><span class='tooltipsall tooltipsincontent classtoolTips9'>GEO O\u0160 A.B.7.5.<\/span><br><span class='tooltipsall tooltipsincontent classtoolTips11'>GEO O\u0160 A.B.7.7.<\/span><br><span class='tooltipsall tooltipsincontent classtoolTips13'>GEO O\u0160 B.A.7.1.<\/span><\/td><\/tr><tr><td>X. (4), <br>XI. (8), <br>XII. (4)<\/td><td>16<\/td><td>7.2. <a href=\"https:\/\/vesnajanko.eu\/?page_id=6463\">Dru\u0161tveno-geografska obilje\u017eja Europe<\/a> <br>Kako je \u017eivjeti i raditi u Europi?<\/td><td><span class='tooltipsall tooltipsincontent classtoolTips6'>GEO O\u0160 A.B.7.2.<\/span><br><span class='tooltipsall tooltipsincontent classtoolTips7'>GEO O\u0160 A.B.7.3.<\/span><br><span class='tooltipsall tooltipsincontent classtoolTips8'>GEO O\u0160 A.B.7.4.<\/span><br><span class='tooltipsall tooltipsincontent classtoolTips5'>GEO O\u0160 A.B.7.1.<\/span> <br><span class='tooltipsall tooltipsincontent classtoolTips13'>GEO O\u0160 B.A.7.1.<\/span><\/td><\/tr><tr><td>XII. (2),<br>I. (8), <br>II. (6), <br>III. (2)<\/td><td>18<\/td><td>7.3. <a href=\"https:\/\/vesnajanko.eu\/?page_id=7756\">Srednja i Ju\u017ena Europa<\/a><br>Regije kojima pripada Hrvatska<\/td><td><span class='tooltipsall tooltipsincontent classtoolTips9'>GEO O\u0160 A.B.7.5.<\/span><br><span class='tooltipsall tooltipsincontent classtoolTips10'>GEO O\u0160 A.B.7.6.<\/span><br><span class='tooltipsall tooltipsincontent classtoolTips11'>GEO O\u0160 A.B.7.7.<\/span><\/td><\/tr><tr><td>III. (6), <br>IV. (8)<\/td><td>14<\/td><td>7.4. <a href=\"https:\/\/vesnajanko.eu\/?page_id=6797\">Jugoisto\u010dna i Zapadna Europa<\/a><br><\/td><td><span class='tooltipsall tooltipsincontent classtoolTips9'>GEO O\u0160 A.B.7.5.<\/span><br><span class='tooltipsall tooltipsincontent classtoolTips12'>GEO O\u0160 A.B.7.8.<\/span><br><span class='tooltipsall tooltipsincontent classtoolTips14'>GEO O\u0160 B.A.7.2.<\/span>&nbsp;<\/td><\/tr><tr><td>V. (8),<br>VI. (2)<\/td><td>10 + 2<\/td><td>7.5. <a href=\"https:\/\/vesnajanko.eu\/?page_id=6729\">Sjeverna i Isto\u010dna Europa<\/a><br><\/td><td><span class='tooltipsall tooltipsincontent classtoolTips9'>GEO O\u0160 A.B.7.5.<\/span><br><span class='tooltipsall tooltipsincontent classtoolTips0'>GEO O\u0160 A.B.C.7.9.<\/span><br><span class='tooltipsall tooltipsincontent classtoolTips4'>GEO O\u0160 A.B.7.10.<\/span><\/td><\/tr><tr><td>ukupno<\/td><td>72<\/td><td><\/td><td><\/td><\/tr><\/tbody><\/table><figcaption class=\"wp-element-caption\">Vesna Janko, prof.<\/figcaption><\/figure>\n<script type=\"text\/javascript\"> toolTips('.classtoolTips0','U\u010denik analizira utjecaj prirodno-geografskih posebnosti na naseljenost i gospodarski razvoj dr\u017eava Sjeverne Europe te uspore\u0111uje balti\u010dke<br\/>s nordijskim dr\u017eavama Sjeverne Europe.'); <\/script><script type=\"text\/javascript\"> toolTips('.classtoolTips4','U\u010denik obja\u0161njava prirodno-geografske i dru\u0161tveno-geografske posebnosti Isto\u010dne Europe te analizira gospodarsku, vojnu i politi\u010dku ulogu Ruske Federacije u Europi i svijetu.'); <\/script><script type=\"text\/javascript\"> toolTips('.classtoolTips5','U\u010denik obja\u0161njava geografski smje\u0161taj i utjecaj geografskoga polo\u017eaja na razvijenost Europe te opisuje utjecaj Europljana na druge dijelove svijeta.'); <\/script><script type=\"text\/javascript\"> toolTips('.classtoolTips6','U\u010denik obja\u0161njava nastanak politi\u010dke karte Europe, procese integriranja te va\u017enost suradnje i po\u0161tovanja razli\u010ditosti.'); <\/script><script type=\"text\/javascript\"> toolTips('.classtoolTips7','U\u010denik obrazla\u017ee nastanak, razvoj i zna\u010denje Europske unije u Europi i svijetu te utjecaj institucija EU-a na pojedinca i dr\u017eave.'); <\/script><script type=\"text\/javascript\"> toolTips('.classtoolTips8','U\u010denik obja\u0161njava demografske i gospodarske posebnosti europskih dr\u017eava na temelju prikupljenih i obra\u0111enih podataka.'); <\/script><script type=\"text\/javascript\"> toolTips('.classtoolTips9','U\u010denik analizira europske regije s obzirom na njihove posebnosti.'); <\/script><script type=\"text\/javascript\"> toolTips('.classtoolTips10','U\u010denik analizira specifi\u010dne uvjete \u017eivota u velikim prirodnim regijama Srednje Europe te obja\u0161njava utjecaj povijesnih zbivanja na razli\u010dit stupanj gospodarskoga razvoja pojedinih dr\u017eava.'); <\/script><script type=\"text\/javascript\"> toolTips('.classtoolTips11','U\u010denik analizira utjecaj prirodno-geografskih i dru\u0161tveno-geografskih posebnosti na oblikovanje mediteranskoga kulturno-civilizacijskog kruga te njegov utjecaj na Hrvatsku i svijet.'); <\/script><script type=\"text\/javascript\"> toolTips('.classtoolTips12','U\u010denik analizira specifi\u010dne uvjete \u017eivota u dr\u017eavama Jugoisto\u010dne Europe te utjecaj povijesnih zbivanja na razli\u010dit stupanj gospodarskoga razvoja pojedinih dr\u017eava.'); <\/script><script type=\"text\/javascript\"> toolTips('.classtoolTips13','U\u010denik analizira prirodno-geografska obilje\u017eja Europe i obja\u0161njava njihov utjecaj na naseljenost i gospodarske aktivnosti.'); <\/script><script type=\"text\/javascript\"> toolTips('.classtoolTips14','U\u010denik analizira najva\u017enije \u010dimbenike koji utje\u010du na gospodarski razvoj i urbanizaciju dr\u017eava Zapadne Europe.'); <\/script>","protected":false},"excerpt":{"rendered":"<p>Loomen za 7. razred (Geo_7) &#8211; vje\u017ebe i provjere znanja Godi\u0161nji izvedbeni kurikulum za 7. razred\u0160kolska godina 2025.\/26. Mjesec broj sati teme (cjeline) ishodi IX. (2) 2 7.0. Geografija u 7. razredu IX. (4), X. (6) 10 7.1. Op\u0107a i prirodno-geografska obilje\u017eja Europe Kakav je kontinent Europa? GEO O\u0160 A.B.7.1.GEO&#8230; <a href=\"https:\/\/vesnajanko.eu\/?page_id=6278\" class=\"readmore\">Vi\u0161e<span class=\"screen-reader-text\">&#8220;Geografija 7&#8221;<\/span><\/a><\/p>\n","protected":false},"author":1,"featured_media":0,"parent":0,"menu_order":0,"comment_status":"closed","ping_status":"closed","template":"","meta":{"footnotes":""},"class_list":["post-6278","page","type-page","status-publish","hentry"],"_links":{"self":[{"href":"https:\/\/vesnajanko.eu\/index.php?rest_route=\/wp\/v2\/pages\/6278","targetHints":{"allow":["GET"]}}],"collection":[{"href":"https:\/\/vesnajanko.eu\/index.php?rest_route=\/wp\/v2\/pages"}],"about":[{"href":"https:\/\/vesnajanko.eu\/index.php?rest_route=\/wp\/v2\/types\/page"}],"author":[{"embeddable":true,"href":"https:\/\/vesnajanko.eu\/index.php?rest_route=\/wp\/v2\/users\/1"}],"replies":[{"embeddable":true,"href":"https:\/\/vesnajanko.eu\/index.php?rest_route=%2Fwp%2Fv2%2Fcomments&post=6278"}],"version-history":[{"count":64,"href":"https:\/\/vesnajanko.eu\/index.php?rest_route=\/wp\/v2\/pages\/6278\/revisions"}],"predecessor-version":[{"id":10087,"href":"https:\/\/vesnajanko.eu\/index.php?rest_route=\/wp\/v2\/pages\/6278\/revisions\/10087"}],"wp:attachment":[{"href":"https:\/\/vesnajanko.eu\/index.php?rest_route=%2Fwp%2Fv2%2Fmedia&parent=6278"}],"curies":[{"name":"wp","href":"https:\/\/api.w.org\/{rel}","templated":true}]}}