{"id":612,"date":"2015-10-05T18:39:57","date_gmt":"2015-10-05T18:39:57","guid":{"rendered":"https:\/\/vesnajanko.eu\/?page_id=612"},"modified":"2024-10-07T06:31:43","modified_gmt":"2024-10-07T05:31:43","slug":"7-09-obiljezja-i-znacenje-voda-na-kopnu","status":"publish","type":"page","link":"https:\/\/vesnajanko.eu\/?page_id=612","title":{"rendered":"Rijeke i jezera Europe"},"content":{"rendered":"\n<p><a rel=\"noreferrer noopener\" href=\"https:\/\/www.e-sfera.hr\/prelistaj-udzbenik\/5c2c976b-6e9f-4f67-9692-3a5fc7ba9918\" data-type=\"link\" data-id=\"https:\/\/www.e-sfera.hr\/prelistaj-udzbenik\/5c2c976b-6e9f-4f67-9692-3a5fc7ba9918\" target=\"_blank\">Ponavljanje: Gea 3 nastavni listi\u0107i, stranica 11., 1. zadatak<\/a><\/p>\n\n\n\n<p>Rad u aplikaciji Nearpod, pogledaj <strong>radni materijal<\/strong>.<\/p>\n\n\n\n<p class=\"has-pale-ocean-gradient-background has-background\"><a href=\"https:\/\/docs.google.com\/presentation\/d\/e\/2PACX-1vSPSnYFWaPhQ8oJ30Ygm6Hjo077bt7dEZnAIZW2W1BhEAYe1o-xtCNA76r5mp__gtqZ7lFJ8ReUoKFA\/pub?start=false&amp;loop=false&amp;delayms=3000\" data-type=\"link\" data-id=\"https:\/\/docs.google.com\/presentation\/d\/e\/2PACX-1vSPSnYFWaPhQ8oJ30Ygm6Hjo077bt7dEZnAIZW2W1BhEAYe1o-xtCNA76r5mp__gtqZ7lFJ8ReUoKFA\/pub?start=false&amp;loop=false&amp;delayms=3000\">Pogledaj prezentaciju ovdje<\/a>.<\/p>\n\n\n\n<iframe loading=\"lazy\" src=\"https:\/\/docs.google.com\/presentation\/d\/e\/2PACX-1vSA-eZarEvBERH9CfewzbqUQq5OrdykdqMIjrWVtsG15Dj-8tTgh8vEbOSG6Q5PRPpM9eH1JRi64ReI\/embed?start=false&#038;loop=false&#038;delayms=3000\" frameborder=\"0\" width=\"960\" height=\"569\" allowfullscreen=\"true\" mozallowfullscreen=\"true\" webkitallowfullscreen=\"true\"><\/iframe>\n\n\n\n<div style=\"height:55px\" aria-hidden=\"true\" class=\"wp-block-spacer\"><\/div>\n\n\n\n<p><a rel=\"noreferrer noopener\" href=\"https:\/\/www.purposegames.com\/game\/rijeke-i-jezera-europe-quiz\" data-type=\"link\" data-id=\"https:\/\/www.purposegames.com\/game\/rijeke-i-jezera-europe-quiz\" target=\"_blank\">Rijeke i jezera Europe<\/a> &#8211; vje\u017eba (autor: Sambarone)<br><a rel=\"noreferrer noopener\" href=\"https:\/\/wordwall.net\/play\/5192\/512\/979\" target=\"_blank\">Vode na kopnu u Europi<\/a> &#8211; kviz<\/p>\n\n\n\n<hr class=\"wp-block-separator has-css-opacity\"\/>\n\n\n\n<h4 class=\"wp-block-heading has-pale-cyan-blue-background-color has-background\">Geobilje\u0161ke<\/h4>\n\n\n\n<p class=\"has-text-align-center\"><span style=\"text-decoration: underline;\">Rijeke i jezera Europe<\/span><\/p>\n\n\n\n<ul class=\"wp-block-list\">\n<li><strong>elementi teku\u0107ica<\/strong>: izvor, korito, u\u0161\u0107e, vodostaj, lijeva i desna obala, porje\u010dje<\/li>\n\n\n\n<li><strong>rije\u010dni re\u017eimi<\/strong>&nbsp;(u Europi): ki\u0161ni, ki\u0161no-snje\u017eni, snje\u017eno-ki\u0161ni<\/li>\n\n\n\n<li><strong>sljevovi<\/strong>: atlantski, sredozemni, crnomorski, kaspijski<\/li>\n\n\n\n<li><strong>jezera<\/strong>:\n<ul class=\"wp-block-list\">\n<li>prirodna \u2013 ledenja\u010dka, tektonska, kr\u0161ka, rije\u010dna, vulkanska<\/li>\n\n\n\n<li>umjetna \u2013 akumulacijska, ribnjaci, rekreacijska<\/li>\n<\/ul>\n<\/li>\n<\/ul>\n","protected":false},"excerpt":{"rendered":"<p>Ponavljanje: Gea 3 nastavni listi\u0107i, stranica 11., 1. zadatak Rad u aplikaciji Nearpod, pogledaj radni materijal. Pogledaj prezentaciju ovdje. Rijeke i jezera Europe &#8211; vje\u017eba (autor: Sambarone)Vode na kopnu u Europi &#8211; kviz Geobilje\u0161ke Rijeke i jezera Europe<\/p>\n","protected":false},"author":1,"featured_media":0,"parent":6337,"menu_order":0,"comment_status":"closed","ping_status":"closed","template":"templates\/page-full-width.php","meta":{"footnotes":""},"class_list":["post-612","page","type-page","status-publish","hentry"],"_links":{"self":[{"href":"https:\/\/vesnajanko.eu\/index.php?rest_route=\/wp\/v2\/pages\/612","targetHints":{"allow":["GET"]}}],"collection":[{"href":"https:\/\/vesnajanko.eu\/index.php?rest_route=\/wp\/v2\/pages"}],"about":[{"href":"https:\/\/vesnajanko.eu\/index.php?rest_route=\/wp\/v2\/types\/page"}],"author":[{"embeddable":true,"href":"https:\/\/vesnajanko.eu\/index.php?rest_route=\/wp\/v2\/users\/1"}],"replies":[{"embeddable":true,"href":"https:\/\/vesnajanko.eu\/index.php?rest_route=%2Fwp%2Fv2%2Fcomments&post=612"}],"version-history":[{"count":33,"href":"https:\/\/vesnajanko.eu\/index.php?rest_route=\/wp\/v2\/pages\/612\/revisions"}],"predecessor-version":[{"id":9352,"href":"https:\/\/vesnajanko.eu\/index.php?rest_route=\/wp\/v2\/pages\/612\/revisions\/9352"}],"up":[{"embeddable":true,"href":"https:\/\/vesnajanko.eu\/index.php?rest_route=\/wp\/v2\/pages\/6337"}],"wp:attachment":[{"href":"https:\/\/vesnajanko.eu\/index.php?rest_route=%2Fwp%2Fv2%2Fmedia&parent=612"}],"curies":[{"name":"wp","href":"https:\/\/api.w.org\/{rel}","templated":true}]}}