{"id":5414,"date":"2020-12-03T16:34:42","date_gmt":"2020-12-03T15:34:42","guid":{"rendered":"https:\/\/vesnajanko.eu\/?page_id=5414"},"modified":"2025-04-13T10:14:42","modified_gmt":"2025-04-13T09:14:42","slug":"ujedinjeno-kraljevstvo-geografska-obiljezja","status":"publish","type":"page","link":"https:\/\/vesnajanko.eu\/?page_id=5414","title":{"rendered":"Ujedinjeno Kraljevstvo &#8211; geografska obilje\u017eja"},"content":{"rendered":"\n<p><a href=\"http:\/\/youtu.be\/R6Arg2L9f9w\" target=\"_blank\" rel=\"noreferrer noopener\">Pogledaj video<\/a>.<\/p>\n\n\n\n<p class=\"has-pale-ocean-gradient-background has-background has-medium-font-size\"><a href=\"https:\/\/vesnajanko.eu\/wp-content\/uploads\/2025\/04\/7_UjedinjenoKraljevstvo-rb.pdf\" target=\"_blank\" rel=\"noreferrer noopener\">Interaktivni zadatci<\/a><\/p>\n\n\n\n<iframe loading=\"lazy\" src=\"https:\/\/docs.google.com\/presentation\/d\/e\/2PACX-1vTpo49B1kN0rJbaU0sD3ImSPMcl6USBg5dmlXPLUC0Ny_FDV2OMbEqpr1wvY0HbaNrdgbaSUyMyh0On\/pubembed?start=false&#038;loop=false&#038;delayms=3000\" frameborder=\"0\" width=\"960\" height=\"749\" allowfullscreen=\"true\" mozallowfullscreen=\"true\" webkitallowfullscreen=\"true\"><\/iframe>\n\n\n\n<hr class=\"wp-block-separator has-css-opacity\"\/>\n\n\n\n<textarea rows=\"10\" cols=\"70\">Ovdje pi\u0161i odgovore.<\/textarea>\n\n\n\n<div style=\"height:50px\" aria-hidden=\"true\" class=\"wp-block-spacer\"><\/div>\n\n\n\n<p class=\"has-pale-cyan-blue-background-color has-background\"><a href=\"http:\/\/vesna-janko.from.hr\/?page_id=1255\" target=\"_blank\" rel=\"noreferrer noopener\"><strong>Geobilje\u0161ke<\/strong><\/a><\/p>\n\n\n\n<p class=\"has-text-align-center\">Ujedinjeno Kraljevstvo &#8211; geografska obilje\u017eja<\/p>\n\n\n\n<ul class=\"wp-block-list\">\n<li>otoci Velika Britanija, Sjeverna Irska i oto\u010dne skupine<\/li>\n\n\n\n<li><strong>polo\u017eaj&nbsp;<\/strong>uz Engleski kanal (La Manche) \u2013 razvoj prometa i trgovine, osvajanje kolonija, \u0161irenje engleskog jezika i kulture<\/li>\n\n\n\n<li><strong>reljef<\/strong>: gromadno gorje u \u0160kotskoj, Sjevernoj Irskoj i na sjeveru Engleske; nizina na jugoistoku<\/li>\n\n\n\n<li><strong>klima<\/strong>: umjereno topla vla\u017ena s toplim ljetima<\/li>\n\n\n\n<li>povoljna prirodna osnova \u2013 rana industrijalizacija<\/li>\n\n\n\n<li><strong>stanovni\u0161tvo:&nbsp;<\/strong>germanski i ostali indoeuropski jezici\n<ul class=\"wp-block-list\">\n<li>religije: protestanti, katolici, ostale vjere<\/li>\n\n\n\n<li>u pro\u0161losti emigracija \u2013 suvremeno doba \u2192 demografsko starenje \u2192 imigracija<\/li>\n<\/ul>\n<\/li>\n\n\n\n<li><strong>gradovi \u2013&nbsp;<\/strong>&nbsp;stambena funkcija seli se na rub gradova, sredi\u0161te gradova (city)<\/li>\n\n\n\n<li><strong>gospodarstvo \u2013&nbsp;<\/strong>&nbsp;visokorazvijena dr\u017eava, \u010dlanica G 7<\/li>\n<\/ul>\n","protected":false},"excerpt":{"rendered":"<p>Pogledaj video. Interaktivni zadatci Ovdje pi\u0161i odgovore. Geobilje\u0161ke Ujedinjeno Kraljevstvo &#8211; geografska obilje\u017eja<\/p>\n","protected":false},"author":1,"featured_media":0,"parent":12,"menu_order":0,"comment_status":"closed","ping_status":"closed","template":"templates\/page-full-width.php","meta":{"footnotes":""},"class_list":["post-5414","page","type-page","status-publish","hentry"],"_links":{"self":[{"href":"https:\/\/vesnajanko.eu\/index.php?rest_route=\/wp\/v2\/pages\/5414","targetHints":{"allow":["GET"]}}],"collection":[{"href":"https:\/\/vesnajanko.eu\/index.php?rest_route=\/wp\/v2\/pages"}],"about":[{"href":"https:\/\/vesnajanko.eu\/index.php?rest_route=\/wp\/v2\/types\/page"}],"author":[{"embeddable":true,"href":"https:\/\/vesnajanko.eu\/index.php?rest_route=\/wp\/v2\/users\/1"}],"replies":[{"embeddable":true,"href":"https:\/\/vesnajanko.eu\/index.php?rest_route=%2Fwp%2Fv2%2Fcomments&post=5414"}],"version-history":[{"count":19,"href":"https:\/\/vesnajanko.eu\/index.php?rest_route=\/wp\/v2\/pages\/5414\/revisions"}],"predecessor-version":[{"id":9866,"href":"https:\/\/vesnajanko.eu\/index.php?rest_route=\/wp\/v2\/pages\/5414\/revisions\/9866"}],"up":[{"embeddable":true,"href":"https:\/\/vesnajanko.eu\/index.php?rest_route=\/wp\/v2\/pages\/12"}],"wp:attachment":[{"href":"https:\/\/vesnajanko.eu\/index.php?rest_route=%2Fwp%2Fv2%2Fmedia&parent=5414"}],"curies":[{"name":"wp","href":"https:\/\/api.w.org\/{rel}","templated":true}]}}