{"id":5170,"date":"2020-09-30T12:30:27","date_gmt":"2020-09-30T11:30:27","guid":{"rendered":"https:\/\/vesnajanko.eu\/?page_id=5170"},"modified":"2025-08-24T18:43:13","modified_gmt":"2025-08-24T17:43:13","slug":"6-6-kako-mogu-ostvariti-svoja-prava","status":"publish","type":"page","link":"https:\/\/vesnajanko.eu\/?page_id=5170","title":{"rendered":"6.4. Suvremena Hrvatska i gospodarstvo"},"content":{"rendered":"\n<p class=\"has-large-font-size\">Kako mogu ostvariti svoja prava?<br>\u0160to \u0107u biti kada narastem?<\/p>\n\n\n\n<p class=\"has-pale-cyan-blue-background-color has-background has-small-font-size\"><span class='tooltipsall tooltipsincontent classtoolTips34'>GEO O\u0160 A.6.1.<\/span> U\u010denik obja\u0161njava stvaranje suvremene hrvatske dr\u017eave, opisuje politi\u010dko ure\u0111enje i upravno-teritorijalnu organizaciju Republike Hrvatske.<br><span class='tooltipsall tooltipsincontent classtoolTips24'>GEO O\u0160 B.A.6.4.<\/span> U\u010denik razlikuje ruralna i urbana naselja, prepoznaje funkcije i njihov prostorni raspored te obja\u0161njava hijerarhiju gradskih naselja na primjeru Hrvatske. <br><span class='tooltipsall tooltipsincontent classtoolTips26'>GEO O\u0160 C.B.6.2.<\/span> U\u010denik analizira podatke o gospodarskoj razvijenosti i procjenjuje stupanj razvijenosti dr\u017eave te obja\u0161njava va\u017enost uskla\u0111ivanja gospodarskoga<br>napretka i odr\u017eivoga razvoja Hrvatske.<\/p>\n\n\n\n<p class=\"has-medium-font-size\">U ud\u017ebeniku 104. &#8211; 143. stranice.<\/p>\n\n\n\n<figure class=\"wp-block-table is-style-stripes\"><table><thead><tr><th>Rb. <br>sata<\/th><th><strong>Podteme<\/strong> (lekcije)<\/th><th>plan<\/th><\/tr><\/thead><tbody><tr><td><\/td><td><a href=\"https:\/\/vesnajanko.eu\/?page_id=7041\">Hrvatska i njeno okru\u017eje<\/a>; <br><a href=\"https:\/\/vesnajanko.eu\/?page_id=7041&amp;page=2\">Suvremena dr\u017eava Hrvatska<\/a><\/td><td><\/td><\/tr><tr><td><\/td><td><a href=\"https:\/\/vesnajanko.eu\/?page_id=7044\">Ljudska prava i prava djece<\/a>; <br><a href=\"https:\/\/vesnajanko.eu\/?page_id=8085\">Suvremena Hrvatska i ljudska prava &#8211; ponavljanje<\/a><\/td><td><\/td><\/tr><tr><td><\/td><td><a href=\"https:\/\/vesnajanko.eu\/?page_id=7047\">Naselja &#8211; sela i gradovi<\/a><\/td><td><\/td><\/tr><tr><td><\/td><td><strong><a href=\"https:\/\/wordwall.net\/hr\/resource\/57609181\" target=\"_blank\" rel=\"noreferrer noopener\">Kako mogu ostvariti svoja prava<\/a>? -ponavljanje i provjera<\/strong><\/td><td><\/td><\/tr><tr><td><\/td><td><a href=\"https:\/\/vesnajanko.eu\/?page_id=7056\">Gospodarstvo i pokazatelji razvijenosti<\/a><\/td><td><\/td><\/tr><tr><td><\/td><td>Gospodarstvo &#8211; <a href=\"https:\/\/wordwall.net\/play\/89596\/083\/769\" target=\"_blank\" rel=\"noreferrer noopener\">ponavljanje 1<\/a> i <a href=\"https:\/\/wordwall.net\/play\/89599\/457\/548\" target=\"_blank\" rel=\"noreferrer noopener\">ponavljanje 2<\/a>;<br><a href=\"https:\/\/vesnajanko.eu\/?page_id=7059\">Primarne djelatnosti u Hrvatskoj<\/a><\/td><td><\/td><\/tr><tr><td><\/td><td><a href=\"https:\/\/vesnajanko.eu\/?page_id=7062\">Sekundarne djelatnosti u Hrvatskoj<\/a>;<br>Primarne i sekundarne djelatnosti &#8211; ponavljanje<\/td><td><\/td><\/tr><tr><td><\/td><td><a href=\"https:\/\/vesnajanko.eu\/?page_id=7066\">Tercijarne djelatnosti u Hrvatskoj<\/a><\/td><td><\/td><\/tr><tr><td><\/td><td><a href=\"https:\/\/vesnajanko.eu\/?page_id=9031\">Suvremena Hrvatska i gospodarstvo<\/a> -ponavljanje i provjera<\/td><td><\/td><\/tr><\/tbody><\/table><\/figure>\n\n\n\n<p class=\"has-light-green-cyan-background-color has-background has-medium-font-size\">Geografsko znanje (geoznanje) \u2013 sa\u017eetak nau\u010denog<\/p>\n\n\n\n<p>Napi\u0161i sa\u017eetak najva\u017enijeg \u0161to si nau\u010dio-la u ovoj temi. Izdvoji po dvije (2) va\u017ene \u010dinjenice za podteme:<br>a) suvremena Hrvatska i ljudska prava<br>b) naselja u Hrvatskoj<br>c) gospodarske djelatnosti<br>Ukupno treba\u0161 imati \u0161est (6) natuknica<\/p>\n\n\n\n<p class=\"has-light-green-cyan-background-color has-background has-medium-font-size\">Geografija i \u017eivot (geo\u017eivot) \u2013 kratki sastavak<\/p>\n\n\n\n<p>Odaberi jedan (1) od ponu\u0111enih zadataka:<br>1. Istra\u017ei pa opi\u0161i tri zanimljivosti o pro\u0161losti i sada\u0161njem radu Hrvatskog sabora.<br>2. Tko je dje\u010dji pravobranitelj? \u010cime se bavi ta osoba?<br>3. Odaberi jedno makroregionalno sredi\u0161te pa ga ukratko opi\u0161i (povijest, broj stanovnika, gospodarske djelatnosti, zanimljivosti).<br>4. \u0160to \u017eeli\u0161 biti kada naraste\u0161? Za\u0161to \u017eeli\u0161 to raditi? Koju \u0161kolu ili fakultet treba\u0161 zavr\u0161iti? Kojem sektoru i gospodarskoj djelatnosti pripada to zanimanje?<\/p>\n\n\n\n<p class=\"has-luminous-vivid-amber-background-color has-background has-medium-font-size\">Samovrednovanje<\/p>\n\n\n\n<figure class=\"wp-block-table\"><table><tbody><tr><td><strong>Procijeni svoje\u2026<\/strong><\/td><td>1, 2, 3<\/td><\/tr><tr><td>nau\u010deno znanje za ovu temu<\/td><td><\/td><\/tr><tr><td>aktivnosti na nastavi<\/td><td><\/td><\/tr><tr><td>pona\u0161anje na nastavi<\/td><td>.<\/td><\/tr><\/tbody><\/table><\/figure>\n<script type=\"text\/javascript\"> toolTips('.classtoolTips24','U\u010denik razlikuje ruralna i urbana naselja, prepoznaje funkcije i njihov prostorni raspored te obja\u0161njava hijerarhiju gradskih naselja na primjeru Hrvatske.'); <\/script><script type=\"text\/javascript\"> toolTips('.classtoolTips26','U\u010denik analizira podatke o gospodarskoj razvijenosti i procjenjuje stupanj razvijenosti dr\u017eave te obja\u0161njava va\u017enost uskla\u0111ivanja gospodarskoga napretka i odr\u017eivoga razvoja Hrvatske.'); <\/script><script type=\"text\/javascript\"> toolTips('.classtoolTips34','U\u010denik obja\u0161njava stvaranje suvremene hrvatske dr\u017eave, opisuje politi\u010dko ure\u0111enje i upravno-teritorijalnu organizaciju Republike Hrvatske.'); <\/script>","protected":false},"excerpt":{"rendered":"<p>Kako mogu ostvariti svoja prava?\u0160to \u0107u biti kada narastem? GEO O\u0160 A.6.1. U\u010denik obja\u0161njava stvaranje suvremene hrvatske dr\u017eave, opisuje politi\u010dko ure\u0111enje i upravno-teritorijalnu organizaciju Republike Hrvatske.GEO O\u0160 B.A.6.4. U\u010denik razlikuje ruralna i urbana naselja, prepoznaje funkcije i njihov prostorni raspored te obja\u0161njava hijerarhiju gradskih naselja na primjeru Hrvatske. GEO O\u0160&#8230; <a href=\"https:\/\/vesnajanko.eu\/?page_id=5170\" class=\"readmore\">Vi\u0161e<span class=\"screen-reader-text\">&#8220;6.4. Suvremena Hrvatska i gospodarstvo&#8221;<\/span><\/a><\/p>\n","protected":false},"author":1,"featured_media":0,"parent":4982,"menu_order":0,"comment_status":"closed","ping_status":"closed","template":"","meta":{"footnotes":""},"class_list":["post-5170","page","type-page","status-publish","hentry"],"_links":{"self":[{"href":"https:\/\/vesnajanko.eu\/index.php?rest_route=\/wp\/v2\/pages\/5170","targetHints":{"allow":["GET"]}}],"collection":[{"href":"https:\/\/vesnajanko.eu\/index.php?rest_route=\/wp\/v2\/pages"}],"about":[{"href":"https:\/\/vesnajanko.eu\/index.php?rest_route=\/wp\/v2\/types\/page"}],"author":[{"embeddable":true,"href":"https:\/\/vesnajanko.eu\/index.php?rest_route=\/wp\/v2\/users\/1"}],"replies":[{"embeddable":true,"href":"https:\/\/vesnajanko.eu\/index.php?rest_route=%2Fwp%2Fv2%2Fcomments&post=5170"}],"version-history":[{"count":67,"href":"https:\/\/vesnajanko.eu\/index.php?rest_route=\/wp\/v2\/pages\/5170\/revisions"}],"predecessor-version":[{"id":10039,"href":"https:\/\/vesnajanko.eu\/index.php?rest_route=\/wp\/v2\/pages\/5170\/revisions\/10039"}],"up":[{"embeddable":true,"href":"https:\/\/vesnajanko.eu\/index.php?rest_route=\/wp\/v2\/pages\/4982"}],"wp:attachment":[{"href":"https:\/\/vesnajanko.eu\/index.php?rest_route=%2Fwp%2Fv2%2Fmedia&parent=5170"}],"curies":[{"name":"wp","href":"https:\/\/api.w.org\/{rel}","templated":true}]}}