{"id":5167,"date":"2020-09-30T12:29:19","date_gmt":"2020-09-30T11:29:19","guid":{"rendered":"https:\/\/vesnajanko.eu\/?page_id=5167"},"modified":"2025-02-12T09:55:27","modified_gmt":"2025-02-12T08:55:27","slug":"6-5-kako-zive-moji-susjedi","status":"publish","type":"page","link":"https:\/\/vesnajanko.eu\/?page_id=5167","title":{"rendered":"6.3. Stanovni\u0161tvo svijeta i Hrvatske"},"content":{"rendered":"\n<p class=\"has-large-font-size\">Tko su moji susjedi?<\/p>\n\n\n\n<p class=\"has-pale-cyan-blue-background-color has-background has-small-font-size\"><span class='tooltipsall tooltipsincontent classtoolTips21'>GEO O\u0160 B.A.6.1.<\/span> U\u010denik interpretira podatke o broju i razmje\u0161taju stanovnika i gusto\u0107i naseljenosti na primjerima iz Hrvatske i svijeta.<br><span class='tooltipsall tooltipsincontent classtoolTips22'>GEO O\u0160 B.A.6.2.<\/span> U\u010denik analizira sastavnice op\u0107eg kretanja stanovni\u0161tva svijeta i Hrvatske te njenih prirodnih cjelina i \u017eupanija.<br><span class='tooltipsall tooltipsincontent classtoolTips23'>GEO O\u0160 B.A.6.3.<\/span> U\u010denik obja\u0161njava raznolikost svjetskog stanovni\u0161tva analiziraju\u0107i pojedine strukture, identificira probleme koji iz toga proizlaze te izgra\u0111uje pozitivan i tolerantan odnos prema drugim kulturnim zajednicama po\u0161tuju\u0107i raznolikosti.<\/p>\n\n\n\n<p class=\"has-cyan-bluish-gray-background-color has-background has-small-font-size\">odr A.3.1. Obja\u0161njava osnovne sastavnice prirodne raznolikosti. <br>odr B.3.1. Prosu\u0111uje kako razli\u010diti oblici djelovanja utje\u010du na odr\u017eivi razvoj. <br>odr C.3.1.&nbsp; Mo\u017ee objasniti kako stanje u okoli\u0161u utje\u010de na dobrobit. <br>odr C.3.2. Navodi primjere utjecaja ekonomije na dobrobit. <br>ikt A.3.2.&nbsp; U\u010denik se samostalno koristi raznim ure\u0111ajima i programima.<\/p>\n\n\n\n<p class=\"has-medium-font-size\">U ud\u017ebeniku 70. &#8211; 103. stranice.<\/p>\n\n\n\n<p><br><\/p>\n\n\n\n<figure class=\"wp-block-table is-style-stripes\"><table><thead><tr><th>Red. br.<br>sata<\/th><th>P<strong>odteme<\/strong> (lekcije)<\/th><th>plan<\/th><\/tr><\/thead><tbody><tr><td>30.<\/td><td><a href=\"https:\/\/vesnajanko.eu\/?page_id=7001\">Raznolikost svjetskog stanovni\u0161tva<\/a><\/td><td><\/td><\/tr><tr><td>31.\/32.<\/td><td><a href=\"https:\/\/vesnajanko.eu\/?page_id=7005\">Naseljenost svijeta i Hrvatske<\/a><\/td><td><\/td><\/tr><tr><td>33.<br>34.<\/td><td><a href=\"https:\/\/vesnajanko.eu\/?page_id=7014\">Raznolikost i naseljenost stanovni\u0161tva svijeta i Hrvatske &#8211; ponavljanje<\/a><br><a href=\"https:\/\/vesnajanko.eu\/?page_id=7018\">Prirodna promjena i biolo\u0161ka struktura stanovni\u0161tva svijeta i Hrvatske<\/a><\/td><td><\/td><\/tr><tr><td>35.\/36.<\/td><td><a href=\"https:\/\/vesnajanko.eu\/?page_id=7018\">Prirodna promjena i biolo\u0161ka struktura stanovni\u0161tva svijeta i Hrvatske<\/a><\/td><td><\/td><\/tr><tr><td>37.\/38.<\/td><td><a href=\"https:\/\/vesnajanko.eu\/?page_id=7021\">Prostorno kretanje stanovni\u0161tva svijeta i Hrvatske<\/a><\/td><td><\/td><\/tr><tr><td>39.<\/td><td><a href=\"https:\/\/vesnajanko.eu\/?page_id=7025\">Prirodno i prostorno kretanje stanovnika &#8211; ponavljanje<\/a><\/td><td><\/td><\/tr><tr><td>41.<br>42.<\/td><td><a href=\"https:\/\/vesnajanko.eu\/?page_id=7030\">Depopulacija stanovni\u0161tva Hrvatske; <\/a><br><a href=\"https:\/\/vesnajanko.eu\/?page_id=9621\">Narodnostna i vjerska struktura stanovni\u0161tva Hrvatske<\/a><\/td><td><\/td><\/tr><tr><td>43.\/44.<\/td><td><a href=\"https:\/\/skole.loomen.carnet.hr\/course\/view.php?id=18782&amp;section=5\" target=\"_blank\" rel=\"noreferrer noopener\"><strong>Stanovni\u0161tvo &#8211; ponavljanje i provjera znanja<\/strong><\/a><\/td><td><\/td><\/tr><\/tbody><\/table><\/figure>\n\n\n\n<p class=\"has-light-green-cyan-background-color has-background has-medium-font-size\">Geografsko znanje (geoznanje) \u2013 sa\u017eetak teme<\/p>\n\n\n\n<p>U obliku natuknica ukratko objasni sljede\u0107e pojmove: <strong>popis stanovnika, gusto\u0107a naseljenosti, prirodna promjena stanovnika, biolo\u0161ka struktura stanovnika, prostorna promjena stanovnika, vrste migracija<\/strong>.<\/p>\n\n\n\n<p class=\"has-light-green-cyan-background-color has-background has-medium-font-size\">Geografija i \u017eivot (geo\u017eivot) \u2013 kratki sastavak<\/p>\n\n\n\n<p>Odaberi <strong>jedan (1)<\/strong> od sljede\u0107ih zadataka:<br>1. Prona\u0111i broj stanovnika iz 2021. i povr\u0161inu <a href=\"https:\/\/hr.wikipedia.org\/wiki\/Hrvatske_%C5%BEupanije\" target=\"_blank\" rel=\"noreferrer noopener\">dviju hrvatskih \u017eupanija<\/a> te izra\u010dunaj gusto\u0107u naseljenosti. Usporedi rezultate pa razmisli koji su prirodni i dru\u0161tveni \u010dimbenici uvjetovali takvu naseljenost u tim \u017eupanijama.<br>2.  Odaberi jednu nacionalnu manjinu u Hrvatskoj i istra\u017ei njihovu brojnost, pro\u0161lost i znamenite osobe u Hrvatskoj.<br>3. Istra\u017ei u kojim dr\u017eavama su Hrvati nacionalna manjina te odaberi jednu od njih pa istra\u017ei njihovu brojnost, pro\u0161lost i kulturu, znamenite osobe i sli\u010dno.<\/p>\n\n\n\n<p class=\"has-luminous-vivid-amber-background-color has-background has-medium-font-size\">Samovrednovanje<\/p>\n\n\n\n<figure class=\"wp-block-table\"><table><tbody><tr><td><strong>Procijeni svoje\u2026<\/strong><\/td><td>1, 2, 3<\/td><\/tr><tr><td>nau\u010deno znanje za ovu temu<\/td><td><\/td><\/tr><tr><td>aktivnosti na nastavi<\/td><td><\/td><\/tr><tr><td>pona\u0161anje na nastavi<\/td><td>.<\/td><\/tr><\/tbody><\/table><\/figure>\n\n\n\n<p><\/p>\n<script type=\"text\/javascript\"> toolTips('.classtoolTips21','U\u010denik interpretira podatke o broju i razmje\u0161taju stanovnika i gusto\u0107i naseljenosti na primjerima iz Hrvatske i svijeta.'); <\/script><script type=\"text\/javascript\"> toolTips('.classtoolTips22','U\u010denik analizira sastavnice op\u0107ega kretanja stanovni\u0161tva svijeta i Hrvatske te njezinih prirodnih cjelina i \u017eupanija.'); <\/script><script type=\"text\/javascript\"> toolTips('.classtoolTips23','U\u010denik obja\u0161njava raznolikost svjetskoga stanovni\u0161tva analiziraju\u0107i pojedine strukture, identificira probleme koji iz toga proizlaze te izgra\u0111uje pozitivan i tolerantan odnos prema drugim kulturnim zajednicama po\u0161tuju\u0107i raznolikosti.'); <\/script>","protected":false},"excerpt":{"rendered":"<p>Tko su moji susjedi? GEO O\u0160 B.A.6.1. U\u010denik interpretira podatke o broju i razmje\u0161taju stanovnika i gusto\u0107i naseljenosti na primjerima iz Hrvatske i svijeta.GEO O\u0160 B.A.6.2. U\u010denik analizira sastavnice op\u0107eg kretanja stanovni\u0161tva svijeta i Hrvatske te njenih prirodnih cjelina i \u017eupanija.GEO O\u0160 B.A.6.3. U\u010denik obja\u0161njava raznolikost svjetskog stanovni\u0161tva analiziraju\u0107i pojedine&#8230; <a href=\"https:\/\/vesnajanko.eu\/?page_id=5167\" class=\"readmore\">Vi\u0161e<span class=\"screen-reader-text\">&#8220;6.3. Stanovni\u0161tvo svijeta i Hrvatske&#8221;<\/span><\/a><\/p>\n","protected":false},"author":1,"featured_media":0,"parent":4982,"menu_order":0,"comment_status":"closed","ping_status":"closed","template":"","meta":{"footnotes":""},"class_list":["post-5167","page","type-page","status-publish","hentry"],"_links":{"self":[{"href":"https:\/\/vesnajanko.eu\/index.php?rest_route=\/wp\/v2\/pages\/5167","targetHints":{"allow":["GET"]}}],"collection":[{"href":"https:\/\/vesnajanko.eu\/index.php?rest_route=\/wp\/v2\/pages"}],"about":[{"href":"https:\/\/vesnajanko.eu\/index.php?rest_route=\/wp\/v2\/types\/page"}],"author":[{"embeddable":true,"href":"https:\/\/vesnajanko.eu\/index.php?rest_route=\/wp\/v2\/users\/1"}],"replies":[{"embeddable":true,"href":"https:\/\/vesnajanko.eu\/index.php?rest_route=%2Fwp%2Fv2%2Fcomments&post=5167"}],"version-history":[{"count":118,"href":"https:\/\/vesnajanko.eu\/index.php?rest_route=\/wp\/v2\/pages\/5167\/revisions"}],"predecessor-version":[{"id":9623,"href":"https:\/\/vesnajanko.eu\/index.php?rest_route=\/wp\/v2\/pages\/5167\/revisions\/9623"}],"up":[{"embeddable":true,"href":"https:\/\/vesnajanko.eu\/index.php?rest_route=\/wp\/v2\/pages\/4982"}],"wp:attachment":[{"href":"https:\/\/vesnajanko.eu\/index.php?rest_route=%2Fwp%2Fv2%2Fmedia&parent=5167"}],"curies":[{"name":"wp","href":"https:\/\/api.w.org\/{rel}","templated":true}]}}