{"id":5164,"date":"2020-09-30T12:27:45","date_gmt":"2020-09-30T11:27:45","guid":{"rendered":"https:\/\/vesnajanko.eu\/?page_id=5164"},"modified":"2025-11-30T16:51:09","modified_gmt":"2025-11-30T15:51:09","slug":"6-4-kako-postati-superheroj","status":"publish","type":"page","link":"https:\/\/vesnajanko.eu\/?page_id=5164","title":{"rendered":"6.2. Prirodna bogatstva i o\u010duvanje okoli\u0161a"},"content":{"rendered":"\n<p class=\"has-large-font-size\">Kako postati ekoheroj?<\/p>\n\n\n\n<p class=\"has-pale-cyan-blue-background-color has-background has-small-font-size\"><span class='tooltipsall tooltipsincontent classtoolTips37'>GEO O\u0160 C.6.3.<\/span> U\u010denik obja\u0161njava me\u0111uovisnost klime, tla i \u017eivoga svijeta te utjecaj \u010dovjeka na promjenu bioraznolikosti na primjerima iz zavi\u010daja i Hrvatske.<br>GEO O\u0160 C.6.4. U\u010denik navodi i opisuje prirodna bogatstva, sirovine i izvore energije, navodi vrste one\u010di\u0161\u0107enja i mjere za\u0161tite te obja\u0161njava va\u017enost selektiranja otpada.<\/p>\n\n\n\n<p class=\"has-cyan-bluish-gray-background-color has-background has-small-font-size\">odr A.3.1. Obja\u0161njava osnovne sastavnice prirodne raznolikosti.<br>odr A.3.3. Razmatra uzroke ugro\u017eenosti prirode.<br>odr A.3.4. Obja\u0161njava povezanost ekonomskih aktivnosti sa stanjem u okoli\u0161u i dru\u0161tvu.<br>odr B.3.1. Prosu\u0111uje kako razli\u010diti oblici djelovanja utje\u010du na odr\u017eivi razvoj.<br>odr C.3.1.&nbsp; Mo\u017ee objasniti kako stanje u okoli\u0161u utje\u010de na dobrobit.<br>odr C.3.2. Navodi primjere utjecaja ekonomije na dobrobit.<br>ikt A.3.2.&nbsp; U\u010denik se samostalno koristi raznim ure\u0111ajima i programima.<\/p>\n\n\n\n<p class=\"has-medium-font-size\">U ud\u017ebeniku 55. &#8211; 69. stranice.<\/p>\n\n\n\n<figure class=\"wp-block-table is-style-stripes\"><table><thead><tr><th>Redni br.<br>sata<\/th><th>P<strong>odteme<\/strong> (lekcije)<\/th><th>plan<\/th><\/tr><\/thead><tbody><tr><td>21.\/22.<\/td><td><a href=\"https:\/\/vesnajanko.eu\/?page_id=6975\">Tlo i njegova va\u017enost<\/a><\/td><td><\/td><\/tr><tr><td>23.\/24.<\/td><td><a href=\"https:\/\/vesnajanko.eu\/?page_id=6985\">Prirodna bogatstva<\/a><\/td><td><\/td><\/tr><tr><td>25.\/26.<\/td><td><a href=\"https:\/\/vesnajanko.eu\/?page_id=6988\">Sirovine i izvori energije<\/a><\/td><td><\/td><\/tr><tr><td>27.\/28.<\/td><td><a href=\"https:\/\/vesnajanko.eu\/?page_id=6991\">O\u010duvanje okoli\u0161a<\/a><\/td><td><\/td><\/tr><tr><td><\/td><td><a href=\"https:\/\/docs.google.com\/document\/d\/e\/2PACX-1vTWoQNnpGI64Y0-Eep31_LGLc4dM8WxiNE3yAwvhALstFukhp-aCE9oKYsPRAkAHKBtA3m9_aCicLpf\/pub\" target=\"_blank\" rel=\"noreferrer noopener\"><strong>Projektni zadatak<\/strong><\/a> Doka\u017ei da si ekoheroj<\/td><td><\/td><\/tr><tr><td><\/td><td><\/td><td><\/td><\/tr><\/tbody><\/table><\/figure>\n\n\n\n<p class=\"has-light-green-cyan-background-color has-background has-medium-font-size\">Geografsko znanje (geoznanje) &#8211; sa\u017eetak teme<\/p>\n\n\n\n<p>Odaberi jedan (1) od ponu\u0111enih zadataka:<br>1. Izradi umnu mapu u kojoj \u0107e sredi\u0161nji pojam biti <strong>okoli\u0161<\/strong>.<br>2. Napi\u0161i natuknice s definicijama za ove pojmove: <strong>prirodno bogatstvo<\/strong>, <strong>sirovine<\/strong>, <strong>izvori energije<\/strong>, <strong>ekologija<\/strong>, <strong>recikliranje<\/strong>, <strong>bioraznolikost<\/strong>.<\/p>\n\n\n\n<p class=\"has-background has-medium-font-size\" style=\"background-color:#fcb90085\">Samovrednovanje<\/p>\n\n\n\n<figure class=\"wp-block-table\"><table><tbody><tr><td><strong>Procijeni svoje\u2026<\/strong><\/td><td>1 2 3<\/td><\/tr><tr><td>nau\u010deno znanje za ovu temu<\/td><td><\/td><\/tr><tr><td>aktivnosti na nastavi<\/td><td><\/td><\/tr><tr><td>pona\u0161anje na nastavi<\/td><td>.<\/td><\/tr><\/tbody><\/table><\/figure>\n<script type=\"text\/javascript\"> toolTips('.classtoolTips37','U\u010denik obja\u0161njava me\u0111uovisnost klime, tla i \u017eivoga svijeta te utjecaj \u010dovjeka na promjenu bioraznolikosti na primjerima iz zavi\u010daja i Hrvatske.'); <\/script>","protected":false},"excerpt":{"rendered":"<p>Kako postati ekoheroj? GEO O\u0160 C.6.3. U\u010denik obja\u0161njava me\u0111uovisnost klime, tla i \u017eivoga svijeta te utjecaj \u010dovjeka na promjenu bioraznolikosti na primjerima iz zavi\u010daja i Hrvatske.GEO O\u0160 C.6.4. U\u010denik navodi i opisuje prirodna bogatstva, sirovine i izvore energije, navodi vrste one\u010di\u0161\u0107enja i mjere za\u0161tite te obja\u0161njava va\u017enost selektiranja otpada. odr&#8230; <a href=\"https:\/\/vesnajanko.eu\/?page_id=5164\" class=\"readmore\">Vi\u0161e<span class=\"screen-reader-text\">&#8220;6.2. Prirodna bogatstva i o\u010duvanje okoli\u0161a&#8221;<\/span><\/a><\/p>\n","protected":false},"author":1,"featured_media":0,"parent":4982,"menu_order":0,"comment_status":"closed","ping_status":"closed","template":"","meta":{"footnotes":""},"class_list":["post-5164","page","type-page","status-publish","hentry"],"_links":{"self":[{"href":"https:\/\/vesnajanko.eu\/index.php?rest_route=\/wp\/v2\/pages\/5164","targetHints":{"allow":["GET"]}}],"collection":[{"href":"https:\/\/vesnajanko.eu\/index.php?rest_route=\/wp\/v2\/pages"}],"about":[{"href":"https:\/\/vesnajanko.eu\/index.php?rest_route=\/wp\/v2\/types\/page"}],"author":[{"embeddable":true,"href":"https:\/\/vesnajanko.eu\/index.php?rest_route=\/wp\/v2\/users\/1"}],"replies":[{"embeddable":true,"href":"https:\/\/vesnajanko.eu\/index.php?rest_route=%2Fwp%2Fv2%2Fcomments&post=5164"}],"version-history":[{"count":89,"href":"https:\/\/vesnajanko.eu\/index.php?rest_route=\/wp\/v2\/pages\/5164\/revisions"}],"predecessor-version":[{"id":10172,"href":"https:\/\/vesnajanko.eu\/index.php?rest_route=\/wp\/v2\/pages\/5164\/revisions\/10172"}],"up":[{"embeddable":true,"href":"https:\/\/vesnajanko.eu\/index.php?rest_route=\/wp\/v2\/pages\/4982"}],"wp:attachment":[{"href":"https:\/\/vesnajanko.eu\/index.php?rest_route=%2Fwp%2Fv2%2Fmedia&parent=5164"}],"curies":[{"name":"wp","href":"https:\/\/api.w.org\/{rel}","templated":true}]}}