{"id":513,"date":"2015-09-27T09:41:13","date_gmt":"2015-09-27T09:41:13","guid":{"rendered":"https:\/\/vesnajanko.eu\/?page_id=513"},"modified":"2024-10-14T15:10:45","modified_gmt":"2024-10-14T14:10:45","slug":"8-07","status":"publish","type":"page","link":"https:\/\/vesnajanko.eu\/?page_id=513","title":{"rendered":"GIS i karte na internetu"},"content":{"rendered":"\n<p><a rel=\"noopener noreferrer\" href=\"https:\/\/docs.google.com\/presentation\/d\/e\/2PACX-1vQ3aKXh41qjLzfw5Wdd0GS1vRgKOYZ3y2rreVWIjjdeDAJVeFBilbUkZyuPBpe9NzYy-7znfYqVgZov\/pub?start=false&amp;loop=false&amp;delayms=3000\" target=\"_blank\"><strong>Prezentacija<\/strong><\/a>, demonstracija i rad na kartama na internetu.<\/p>\n\n\n\n<iframe loading=\"lazy\" src=\"https:\/\/docs.google.com\/presentation\/d\/e\/2PACX-1vQ3aKXh41qjLzfw5Wdd0GS1vRgKOYZ3y2rreVWIjjdeDAJVeFBilbUkZyuPBpe9NzYy-7znfYqVgZov\/embed?start=false&amp;loop=false&amp;delayms=3000\" frameborder=\"0\" width=\"640\" height=\"389\" allowfullscreen=\"true\" mozallowfullscreen=\"true\" webkitallowfullscreen=\"true\"><\/iframe>\n\n\n\n<hr class=\"wp-block-separator has-css-opacity\"\/>\n\n\n\n<p><a href=\"https:\/\/imenik.tportal.hr\/\" target=\"_blank\" rel=\"noreferrer noopener\">imenik.tportal.hr \u2013 Najto\u010dniji telefonski imenik<\/a><\/p>\n\n\n\n<p><a href=\"http:\/\/geoportal.dgu.hr\" target=\"_blank\" rel=\"noreferrer noopener\">http:\/\/geoportal.dgu.hr<\/a><\/p>\n\n\n\n<p><a href=\"https:\/\/www.google.hr\/maps\" target=\"_blank\" rel=\"noreferrer noopener\">https:\/\/www.google.hr\/maps<\/a><\/p>\n\n\n\n<p><a href=\"https:\/\/www.bing.com\/maps\/\" target=\"_blank\" rel=\"noreferrer noopener\">https:\/\/www.bing.com\/maps\/<\/a><\/p>\n\n\n\n<p><a href=\"https:\/\/www.openstreetmap.org\/#map=7\/44.523\/16.460\" target=\"_blank\" rel=\"noreferrer noopener\">OpenStreetMap<\/a><\/p>\n\n\n\n<p class=\"has-cyan-bluish-gray-background-color has-background\"><a rel=\"noreferrer noopener\" href=\"http:\/\/mapmaker.nationalgeographic.org\/\" target=\"_blank\">http:\/\/mapmaker.nationalgeographic.org\/<\/a> <br>Istra\u017ei:<br>1. Na dodiru kojih litosfernih plo\u010da je najvi\u0161e velikih potresa? Koje slojeve ste koristili?<br>2. Kakva je me\u0111usobna povezanost gusto\u0107e naseljenosti i utjecaja \u010dovjeka na prirodu (Global Human Footprint)?  Koje slojeve ste koristili? <\/p>\n\n\n\n<p class=\"has-pale-cyan-blue-background-color has-background has-medium-font-size\"><strong>Geobilje\u0161ke<\/strong><\/p>\n\n\n\n<p><strong>Geografski informacijski sustav&nbsp;<\/strong>(GIS): ra\u010dunalni sustav za prikupljanje, spremanje, prikazivanje i analizu geografskih sadr\u017eaja<\/p>\n\n\n\n<ul class=\"wp-block-list\">\n<li>digitalna karta kojoj se pridru\u017euje sloj ili slojevi spojeni s bazama podataka<\/li>\n\n\n\n<li>sloj sadr\u017ei odre\u0111enu skupinu podataka, a mo\u017ee imati interaktivne objekte (to\u010dke, linije i poligone)<\/li>\n\n\n\n<li>preklapanjem slojeva stvaraju se tematske karte<\/li>\n\n\n\n<li>uklju\u010divanjem ili isklju\u010divanjem slojeva te klikom na objekte dobivamo \u017eeljene informacije<\/li>\n<\/ul>\n\n\n\n<p>GIS se koristi za:<\/p>\n\n\n\n<ul class=\"wp-block-list\">\n<li>znanstvena istra\u017eivanja<\/li>\n\n\n\n<li>planiranje i upravljanje resursima u prostoru (gradnja prometnica, za\u0161tita okoli\u0161a, planiranje putovanja\u2026)<\/li>\n\n\n\n<li>izradu tematskih karata<\/li>\n<\/ul>\n\n\n\n<p>na internetu se nalaze aplikacije za popularnu primjenu:<\/p>\n\n\n\n<ul class=\"wp-block-list\">\n<li><a href=\"https:\/\/www.google.hr\/maps\" target=\"_blank\" rel=\"noreferrer noopener\">Google karte<\/a><\/li>\n\n\n\n<li><a href=\"https:\/\/www.google.com\/intl\/hr\/earth\/\" target=\"_blank\" rel=\"noreferrer noopener\">Google Earth<\/a><\/li>\n\n\n\n<li><a href=\"https:\/\/www.bing.com\/maps\" target=\"_blank\" rel=\"noreferrer noopener\">Bing Maps<\/a><\/li>\n\n\n\n<li><a href=\"https:\/\/map.hak.hr\/\" target=\"_blank\" rel=\"noreferrer noopener\">HAK karte<\/a><\/li>\n\n\n\n<li><a href=\"http:\/\/mapmaker.nationalgeographic.org\/\" target=\"_blank\" rel=\"noreferrer noopener\">NatGeo MapMaker Interactive<\/a><\/li>\n\n\n\n<li><a href=\"https:\/\/www.openstreetmap.org\/#map=7\/44.523\/16.460\">OpenStreetMap<\/a><\/li>\n<\/ul>\n","protected":false},"excerpt":{"rendered":"<p>Prezentacija, demonstracija i rad na kartama na internetu. imenik.tportal.hr \u2013 Najto\u010dniji telefonski imenik http:\/\/geoportal.dgu.hr https:\/\/www.google.hr\/maps https:\/\/www.bing.com\/maps\/ OpenStreetMap http:\/\/mapmaker.nationalgeographic.org\/ Istra\u017ei:1. Na dodiru kojih litosfernih plo\u010da je najvi\u0161e velikih potresa? Koje slojeve ste koristili?2. Kakva je me\u0111usobna povezanost gusto\u0107e naseljenosti i utjecaja \u010dovjeka na prirodu (Global Human Footprint)? Koje slojeve ste koristili?&#8230; <a href=\"https:\/\/vesnajanko.eu\/?page_id=513\" class=\"readmore\">Vi\u0161e<span class=\"screen-reader-text\">&#8220;GIS i karte na internetu&#8221;<\/span><\/a><\/p>\n","protected":false},"author":1,"featured_media":0,"parent":7236,"menu_order":0,"comment_status":"closed","ping_status":"closed","template":"templates\/page-full-width.php","meta":{"footnotes":""},"class_list":["post-513","page","type-page","status-publish","hentry"],"_links":{"self":[{"href":"https:\/\/vesnajanko.eu\/index.php?rest_route=\/wp\/v2\/pages\/513","targetHints":{"allow":["GET"]}}],"collection":[{"href":"https:\/\/vesnajanko.eu\/index.php?rest_route=\/wp\/v2\/pages"}],"about":[{"href":"https:\/\/vesnajanko.eu\/index.php?rest_route=\/wp\/v2\/types\/page"}],"author":[{"embeddable":true,"href":"https:\/\/vesnajanko.eu\/index.php?rest_route=\/wp\/v2\/users\/1"}],"replies":[{"embeddable":true,"href":"https:\/\/vesnajanko.eu\/index.php?rest_route=%2Fwp%2Fv2%2Fcomments&post=513"}],"version-history":[{"count":30,"href":"https:\/\/vesnajanko.eu\/index.php?rest_route=\/wp\/v2\/pages\/513\/revisions"}],"predecessor-version":[{"id":9395,"href":"https:\/\/vesnajanko.eu\/index.php?rest_route=\/wp\/v2\/pages\/513\/revisions\/9395"}],"up":[{"embeddable":true,"href":"https:\/\/vesnajanko.eu\/index.php?rest_route=\/wp\/v2\/pages\/7236"}],"wp:attachment":[{"href":"https:\/\/vesnajanko.eu\/index.php?rest_route=%2Fwp%2Fv2%2Fmedia&parent=513"}],"curies":[{"name":"wp","href":"https:\/\/api.w.org\/{rel}","templated":true}]}}