{"id":5082,"date":"2020-09-13T17:53:04","date_gmt":"2020-09-13T16:53:04","guid":{"rendered":"https:\/\/vesnajanko.eu\/?page_id=5082"},"modified":"2025-10-19T10:19:21","modified_gmt":"2025-10-19T09:19:21","slug":"zasto-je-vazno-pratiti-vremensku-prognozu","status":"publish","type":"page","link":"https:\/\/vesnajanko.eu\/?page_id=5082","title":{"rendered":"6.1. Vrijeme i klima"},"content":{"rendered":"\n<p><strong>Ishodi:<\/strong><\/p>\n\n\n\n<details class=\"wp-block-details is-layout-flow wp-block-details-is-layout-flow\"><summary><span class='tooltipsall tooltipsincontent classtoolTips35'>GEO O\u0160 B.6.5.<\/span><\/summary>\n<ul class=\"wp-block-list\">\n<li>opisuje atmosferu te polo\u017eaj i va\u017enost troposfere<\/li>\n<\/ul>\n\n\n\n<ul class=\"wp-block-list\">\n<li>opisuje vrijeme subjektivno i objektivno<\/li>\n<\/ul>\n\n\n\n<ul class=\"wp-block-list\">\n<li>obja\u0161njava najva\u017enije klimatske elemente<\/li>\n<\/ul>\n\n\n\n<ul class=\"wp-block-list\">\n<li>obrazla\u017ee va\u017enost prikupljanja podataka o vremenu i va\u017enost vremenske prognoze<\/li>\n<\/ul>\n\n\n\n<ul class=\"wp-block-list\">\n<li>opisuje da se zrak zagrijava od podloge te s tim povezuje pad temperature u troposferi s porastom nadmorske visine<\/li>\n<\/ul>\n\n\n\n<ul class=\"wp-block-list\">\n<li>opisuje da se topli zrak (zagrijan od podloge) uzdi\u017ee, a hladan spu\u0161ta<\/li>\n<\/ul>\n\n\n\n<ul class=\"wp-block-list\">\n<li>povezuje tlak zraka s nastankom vjetra i stabilno\u0161\u0107u vremena, opisuje ciklonu i anticiklonu<\/li>\n<\/ul>\n\n\n\n<ul class=\"wp-block-list\">\n<li>opisuje planetarne vjetrove i njihova obilje\u017eja<\/li>\n<\/ul>\n\n\n\n<ul class=\"wp-block-list\">\n<li>razlikuje vrste padalina i opisuje njihov nastanak<\/li>\n<\/ul>\n<\/details>\n\n\n\n<details class=\"wp-block-details is-layout-flow wp-block-details-is-layout-flow\"><summary><span class='tooltipsall tooltipsincontent classtoolTips36'>GEO O\u0160 B.6.6.<\/span><\/summary>\n<ul class=\"wp-block-list\">\n<li>opisuje revoluciju Zemlje, navodi trajanje i posljedice revolucije i nagnutosti Zemljine osi te njihov utjecaj na klimu<\/li>\n<\/ul>\n\n\n\n<ul class=\"wp-block-list\">\n<li>analizira i uspore\u0111uje tipove klima u Hrvatskoj s pomo\u0107u klimatskih dijagrama i tematske karte<\/li>\n<\/ul>\n\n\n\n<ul class=\"wp-block-list\">\n<li>opisuje obilje\u017eja godi\u0161njih doba prostora u kojemu \u017eivi<\/li>\n<\/ul>\n\n\n\n<ul class=\"wp-block-list\">\n<li>pokazuje na geografskoj karti obratnice i polarnice<\/li>\n<\/ul>\n\n\n\n<ul class=\"wp-block-list\">\n<li>imenuje na crte\u017eu i odre\u0111uje na geografskoj karti i globusu toplinske pojaseve te navodi njihove specifi\u010dnosti i povezuje ih s klimatskim obilje\u017ejima<\/li>\n<\/ul>\n\n\n\n<ul class=\"wp-block-list\">\n<li>razlikuje vrijeme i klimu<\/li>\n<\/ul>\n\n\n\n<ul class=\"wp-block-list\">\n<li>obja\u0161njava utjecaj pojedinih klimatskih \u010dimbenika* na obilje\u017eja klime<\/li>\n<\/ul>\n\n\n\n<ul class=\"wp-block-list\">\n<li>o\u010ditava\/\u010dita klimatski dijagram<\/li>\n<\/ul>\n\n\n\n<ul class=\"wp-block-list\">\n<li>razlikuje klimatske razrede i na klimatskoj karti analizira njihov prostorni raspored<\/li>\n<\/ul>\n<\/details>\n\n\n\n<details class=\"wp-block-details is-layout-flow wp-block-details-is-layout-flow\"><summary><span class='tooltipsall tooltipsincontent classtoolTips37'>GEO O\u0160 C.6.3.<\/span><\/summary>\n<ul class=\"wp-block-list\">\n<li>navodi definiciju tla te navodi i opisuje naj\u010de\u0161\u0107e vrste tala u Hrvatskoj<\/li>\n<\/ul>\n\n\n\n<ul class=\"wp-block-list\">\n<li>obja\u0161njava me\u0111usobnu povezanost klime, tla, biljnoga i \u017eivotinjskoga svijeta na primjerima iz Hrvatske<\/li>\n<\/ul>\n\n\n\n<ul class=\"wp-block-list\">\n<li>obja\u0161njava na temelju terenskoga istra\u017eivanja u zavi\u010daju antropogeni utjecaj na tlo i \u017eivi svijet<\/li>\n<\/ul>\n\n\n\n<ul class=\"wp-block-list\">\n<li>navodi na\u010dine o\u010duvanja bioraznolikosti<\/li>\n<\/ul>\n<\/details>\n\n\n\n<details class=\"wp-block-details is-layout-flow wp-block-details-is-layout-flow\"><summary>Me\u0111upredmetne teme (klikni)<\/summary>\n<p>odr A.3.1. Obja\u0161njava osnovne sastavnice prirodne raznolikosti. <br>odr C.3.1.&nbsp; Mo\u017ee objasniti kako stanje u okoli\u0161u utje\u010de na dobrobit.<br>ikt A.3.2. U\u010denik se samostalno koristi raznim ure\u0111ajima i programima.<\/p>\n<\/details>\n\n\n\n<div style=\"height:36px\" aria-hidden=\"true\" class=\"wp-block-spacer\"><\/div>\n\n\n\n<p class=\"has-medium-font-size\">U ud\u017ebeniku 8. &#8211; 47. stranica.<\/p>\n\n\n\n<figure class=\"wp-block-table is-style-stripes\"><table><thead><tr><th>Tjedan (sat)<\/th><th><strong>Podteme<\/strong> (lekcije)<\/th><th>plan<\/th><\/tr><\/thead><tbody><tr><td><strong>2<\/strong>. (3.-4.)<\/td><td><a href=\"https:\/\/vesnajanko.eu\/?page_id=6823\">Vrijeme i klima<\/a><br><a href=\"https:\/\/vesnajanko.eu\/?page_id=6823&amp;page=2\">Temperatura i tlak zraka<\/a><\/td><td><\/td><\/tr><tr><td><strong>3<\/strong>. (5.-6.)<\/td><td><a href=\"https:\/\/vesnajanko.eu\/?page_id=6823&amp;page=3\">Vrijeme i klima, temperatura i tlak zraka &#8211; ponavljanje<\/a><br><a href=\"https:\/\/vesnajanko.eu\/?page_id=6939\">Vjetrovi, vlaga u zraku i naoblaka<\/a><\/td><td><\/td><\/tr><tr><td><strong>4<\/strong>. (7.-8.)<\/td><td><a href=\"https:\/\/vesnajanko.eu\/?page_id=6939&amp;page=2\">Vrste padalina<\/a><br><a href=\"https:\/\/vesnajanko.eu\/?page_id=8621\" data-type=\"link\" data-id=\"https:\/\/vesnajanko.eu\/?page_id=8621\">Vrijeme, klima, klimatski elementi &#8211; ponavljanje<\/a><\/td><td><\/td><\/tr><tr><td><strong>5<\/strong>. (9-10.)<\/td><td><a href=\"https:\/\/vesnajanko.eu\/?page_id=6943\">Zemljina revolucija ili ophodnja<\/a><br><a href=\"https:\/\/vesnajanko.eu\/?page_id=6946\">Godi\u0161nja doba, toplinski pojasevi<\/a><\/td><td><\/td><\/tr><tr><td><strong>6<\/strong>. (11.-12.)<\/td><td><a href=\"https:\/\/vesnajanko.eu\/?page_id=7493\">Zemljina revolucija, godi\u0161nja doba<\/a> &#8211; ponavljanje<br><a href=\"https:\/\/vesnajanko.eu\/?page_id=6958\">Klimatski \u010dimbenici<\/a><\/td><td><\/td><\/tr><tr><td>7. (13.-14.)<\/td><td><a href=\"https:\/\/vesnajanko.eu\/?page_id=6964\" data-type=\"link\" data-id=\"https:\/\/vesnajanko.eu\/?page_id=6964\">Klimatski dijagram<\/a><br><a href=\"https:\/\/vesnajanko.eu\/?page_id=6964&amp;page=2\">Klimatski razredi na Zemlji<\/a><\/td><td><\/td><\/tr><tr><td>8.<\/td><td>14.-16. Klimatski razredi na Zemlji<\/td><td><\/td><\/tr><tr><td>9.<\/td><td>17.\/18. <a href=\"https:\/\/vesnajanko.eu\/?page_id=6969\">Tipovi klima u Hrvatskoj<\/a><\/td><td><\/td><\/tr><tr><td>10.<\/td><td>19.\/20. <a href=\"https:\/\/skole.loomen.carnet.hr\/course\/view.php?id=18782&amp;section=3\" target=\"_blank\" rel=\"noreferrer noopener\"><strong>Ponavljanje i provjera<\/strong><\/a><\/td><td><\/td><\/tr><\/tbody><\/table><\/figure>\n\n\n\n<p class=\"has-light-green-cyan-background-color has-background has-medium-font-size\">Geografsko znanje (geoznanje)<\/p>\n\n\n\n<p>Odaberi <strong>jedan<\/strong> <strong>(1)<\/strong> od sljede\u0107ih zadataka:<br>1. Izradi umnu mapu u kojoj \u0107e sredi\u0161nji pojam biti <strong>klima<\/strong>, a u granama pojmovi: klimatski elementi, klimatski \u010dimbenici, razredi klime, biljni svijet. Nastavi granati ove pojmove i povezivati ih.<br>2. Odaberi <strong>\u0161est (6)<\/strong> klju\u010dnih pojmova vezanih za temu pa napi\u0161i njihove definicije.<\/p>\n\n\n\n<p class=\"has-light-green-cyan-background-color has-background has-medium-font-size\">Geografija i \u017eivot (geo\u017eivot)<\/p>\n\n\n\n<p>Odaberi <strong>jedan<\/strong> <strong>(1)<\/strong> od sljede\u0107ih zadataka:<br>1. Opi\u0161i situaciju iz svoga \u017eivota u kojoj ti je pra\u0107enje vremenske prognoze bilo veoma va\u017eno za neku aktivnost.<br>2. Prona\u0111i u \u010dasopisima ili internetu neku meteorolo\u0161ku zanimljivost pa je opi\u0161i. Na primjer, to mogu biti: bura, jugo, tornado, pustinje, vrste oblaka&#8230;<br>3. Objasni za\u0161to u Hrvatskoj ne rastu banane. I da li postoje \u0161anse da ipak rastu banane u Hrvatskoj?<\/p>\n\n\n\n<p class=\"has-luminous-vivid-amber-background-color has-background has-medium-font-size\">Samovrednovanje<\/p>\n\n\n\n<p>Precrtaj i ispuni tablicu:<\/p>\n\n\n\n<figure class=\"wp-block-table\"><table><tbody><tr><td><strong>Procijeni svoje&#8230;<\/strong><\/td><td>1 2 3<\/td><\/tr><tr><td>nau\u010deno znanje za ovu temu<\/td><td><\/td><\/tr><tr><td>aktivnosti na nastavi<\/td><td><\/td><\/tr><tr><td>pona\u0161anje na nastavi<\/td><td><\/td><\/tr><\/tbody><\/table><\/figure>\n<script type=\"text\/javascript\"> toolTips('.classtoolTips35','U\u010denik opisuje atmosferu i vrijeme, obja\u0161njava najva\u017enije klimatske elemente, prikuplja i analizira podatke o vremenu te obrazla\u017ee va\u017enost vremenske prognoze.'); <\/script><script type=\"text\/javascript\"> toolTips('.classtoolTips36','U\u010denik obja\u0161njava slo\u017eene utjecaje na obilje\u017eja klime, uspore\u0111uje klimatske dijagrame te \u010dita kartu klasifikacija klima.'); <\/script><script type=\"text\/javascript\"> toolTips('.classtoolTips37','U\u010denik obja\u0161njava me\u0111uovisnost klime, tla i \u017eivoga svijeta te utjecaj \u010dovjeka na promjenu bioraznolikosti na primjerima iz zavi\u010daja i Hrvatske.'); <\/script>","protected":false},"excerpt":{"rendered":"<p>Ishodi: U ud\u017ebeniku 8. &#8211; 47. stranica. Tjedan (sat) Podteme (lekcije) plan 2. (3.-4.) Vrijeme i klimaTemperatura i tlak zraka 3. (5.-6.) Vrijeme i klima, temperatura i tlak zraka &#8211; ponavljanjeVjetrovi, vlaga u zraku i naoblaka 4. (7.-8.) Vrste padalinaVrijeme, klima, klimatski elementi &#8211; ponavljanje 5. (9-10.) Zemljina revolucija ili&#8230; <a href=\"https:\/\/vesnajanko.eu\/?page_id=5082\" class=\"readmore\">Vi\u0161e<span class=\"screen-reader-text\">&#8220;6.1. Vrijeme i klima&#8221;<\/span><\/a><\/p>\n","protected":false},"author":1,"featured_media":0,"parent":4982,"menu_order":0,"comment_status":"closed","ping_status":"closed","template":"","meta":{"footnotes":""},"class_list":["post-5082","page","type-page","status-publish","hentry"],"_links":{"self":[{"href":"https:\/\/vesnajanko.eu\/index.php?rest_route=\/wp\/v2\/pages\/5082","targetHints":{"allow":["GET"]}}],"collection":[{"href":"https:\/\/vesnajanko.eu\/index.php?rest_route=\/wp\/v2\/pages"}],"about":[{"href":"https:\/\/vesnajanko.eu\/index.php?rest_route=\/wp\/v2\/types\/page"}],"author":[{"embeddable":true,"href":"https:\/\/vesnajanko.eu\/index.php?rest_route=\/wp\/v2\/users\/1"}],"replies":[{"embeddable":true,"href":"https:\/\/vesnajanko.eu\/index.php?rest_route=%2Fwp%2Fv2%2Fcomments&post=5082"}],"version-history":[{"count":162,"href":"https:\/\/vesnajanko.eu\/index.php?rest_route=\/wp\/v2\/pages\/5082\/revisions"}],"predecessor-version":[{"id":10136,"href":"https:\/\/vesnajanko.eu\/index.php?rest_route=\/wp\/v2\/pages\/5082\/revisions\/10136"}],"up":[{"embeddable":true,"href":"https:\/\/vesnajanko.eu\/index.php?rest_route=\/wp\/v2\/pages\/4982"}],"wp:attachment":[{"href":"https:\/\/vesnajanko.eu\/index.php?rest_route=%2Fwp%2Fv2%2Fmedia&parent=5082"}],"curies":[{"name":"wp","href":"https:\/\/api.w.org\/{rel}","templated":true}]}}