{"id":4982,"date":"2020-06-22T21:11:32","date_gmt":"2020-06-22T20:11:32","guid":{"rendered":"https:\/\/vesnajanko.eu\/?page_id=4982"},"modified":"2025-08-24T18:42:06","modified_gmt":"2025-08-24T17:42:06","slug":"geografija-6-2","status":"publish","type":"page","link":"https:\/\/vesnajanko.eu\/?page_id=4982","title":{"rendered":"Geografija 6"},"content":{"rendered":"\n<p class=\"has-pale-cyan-blue-background-color has-background has-medium-font-size\"><strong><a href=\"https:\/\/skole.loomen.carnet.hr\/course\/view.php?id=3794\" target=\"_blank\" rel=\"noreferrer noopener\">Loomen za 6. razred (Geo_6)<\/a><\/strong> &#8211; vje\u017ebe i provjere znanja<\/p>\n\n\n\n<p class=\"has-black-color has-pale-cyan-blue-background-color has-text-color has-background has-medium-font-size\"><strong><a href=\"https:\/\/nearpod.com\/student\/\" target=\"_blank\" rel=\"noreferrer noopener\">Prijava u Nearpod<\/a><\/strong><\/p>\n\n\n\n<p class=\"has-text-align-center\"><strong>Godi\u0161nji izvedbeni kurikulum<\/strong> za 6. razred<br>\u0160kolska godina 2025.\/26.<\/p>\n\n\n\n<figure class=\"wp-block-table is-style-stripes\"><table class=\"has-black-color has-text-color\"><thead><tr><th class=\"has-text-align-left\" data-align=\"left\">Mjesec \/tjedan<\/th><th>broj sati<\/th><th><strong>tem<\/strong>e (cjeline)<\/th><th><strong>ishodi<\/strong><\/th><\/tr><\/thead><tbody><tr><td class=\"has-text-align-left\" data-align=\"left\">IX. (1.)<\/td><td>2<\/td><td>6.0. <a href=\"https:\/\/vesnajanko.eu\/?page_id=78\">Geografija u 6. razredu<\/a> <\/td><td><\/td><\/tr><tr><td class=\"has-text-align-left\" data-align=\"left\">IX. (4), <br>X. (10), <br>XI. (4)<\/td><td>18<\/td><td>6.1. <a href=\"https:\/\/vesnajanko.eu\/?page_id=5082\">Vrijeme i klima<\/a> <br>Za\u0161to u Hrvatskoj ne rastu banane?<\/td><td><span class='tooltipsall tooltipsincontent classtoolTips35'>GEO O\u0160 B.6.5.<\/span><br><span class='tooltipsall tooltipsincontent classtoolTips36'>GEO O\u0160 B.6.6.<\/span><br><span class='tooltipsall tooltipsincontent classtoolTips37'>GEO O\u0160 C.6.3.<\/span><\/td><\/tr><tr><td class=\"has-text-align-left\" data-align=\"left\">XI. (4), <br>XII. (6)<\/td><td>10<\/td><td>6.2. <a href=\"https:\/\/vesnajanko.eu\/?page_id=5164\" data-type=\"page\" data-id=\"5164\">Prirodna bogatstva i o\u010duvanje okoli\u0161a<\/a> <br>Kako postati ekoheroj?<\/td><td><span class='tooltipsall tooltipsincontent classtoolTips37'>GEO O\u0160 C.6.3.<\/span><br>GEO O\u0160 C.6.4.<br><span class='tooltipsall tooltipsincontent classtoolTips28'>GEO O\u0160 B.6.7.*<\/span><\/td><\/tr><tr><td class=\"has-text-align-left\" data-align=\"left\">I. (8), <br>II. (6), <br>III. (4)<\/td><td>18<\/td><td>6.3. <a href=\"https:\/\/vesnajanko.eu\/?page_id=5167\" data-type=\"page\" data-id=\"5167\">Stanovni\u0161tvo svijeta i Hrvatske<\/a><br>Tko su moji susjedi?<\/td><td><span class='tooltipsall tooltipsincontent classtoolTips21'>GEO O\u0160 B.A.6.1.<\/span><br><span class='tooltipsall tooltipsincontent classtoolTips22'>GEO O\u0160 B.A.6.2.<\/span><br><span class='tooltipsall tooltipsincontent classtoolTips23'>GEO O\u0160 B.A.6.3.<\/span><\/td><\/tr><tr><td class=\"has-text-align-left\" data-align=\"left\">III. (4),<br>IV. (8), <br>V. (6)<\/td><td>18<\/td><td>6.4. <a href=\"https:\/\/vesnajanko.eu\/?page_id=5170\" data-type=\"page\" data-id=\"5170\">Suvremena Hrvatska i gospodarstvo<\/a> <br>Kako mogu ostvariti svoja prava?<br>\u0160to \u0107u biti kada narastem?<\/td><td><span class='tooltipsall tooltipsincontent classtoolTips34'>GEO O\u0160 A.6.1.<\/span><br><span class='tooltipsall tooltipsincontent classtoolTips24'>GEO O\u0160 B.A.6.4.<\/span><br><span class='tooltipsall tooltipsincontent classtoolTips26'>GEO O\u0160 C.B.6.2.<\/span><\/td><\/tr><tr><td class=\"has-text-align-left\" data-align=\"left\">V. (2),<br>VI. (4)<\/td><td>4 + 2<\/td><td>6.5. <a href=\"https:\/\/vesnajanko.eu\/?page_id=8258\" data-type=\"link\" data-id=\"https:\/\/vesnajanko.eu\/?page_id=8258\">Hrvatska ba\u0161tina<\/a><br>Za\u0161to na\u0161u domovinu zovemo Lijepa na\u0161a?<\/td><td><span class='tooltipsall tooltipsincontent classtoolTips25'>GEO O\u0160 C.A.6.1.<\/span><\/td><\/tr><tr><td class=\"has-text-align-left\" data-align=\"left\">ukupno<\/td><td>72<\/td><td><\/td><td><\/td><\/tr><\/tbody><\/table><figcaption class=\"wp-element-caption\">Vesna Janko, prof.<\/figcaption><\/figure>\n<script type=\"text\/javascript\"> toolTips('.classtoolTips21','U\u010denik interpretira podatke o broju i razmje\u0161taju stanovnika i gusto\u0107i naseljenosti na primjerima iz Hrvatske i svijeta.'); <\/script><script type=\"text\/javascript\"> toolTips('.classtoolTips22','U\u010denik analizira sastavnice op\u0107ega kretanja stanovni\u0161tva svijeta i Hrvatske te njezinih prirodnih cjelina i \u017eupanija.'); <\/script><script type=\"text\/javascript\"> toolTips('.classtoolTips23','U\u010denik obja\u0161njava raznolikost svjetskoga stanovni\u0161tva analiziraju\u0107i pojedine strukture, identificira probleme koji iz toga proizlaze te izgra\u0111uje pozitivan i tolerantan odnos prema drugim kulturnim zajednicama po\u0161tuju\u0107i raznolikosti.'); <\/script><script type=\"text\/javascript\"> toolTips('.classtoolTips24','U\u010denik razlikuje ruralna i urbana naselja, prepoznaje funkcije i njihov prostorni raspored te obja\u0161njava hijerarhiju gradskih naselja na primjeru Hrvatske.'); <\/script><script type=\"text\/javascript\"> toolTips('.classtoolTips25','U\u010denik razlikuje kategorije za\u0161tite prirode, navodi primjere za\u0161ti\u0107ene prirodne i kulturne ba\u0161tine u Hrvatskoj, obja\u0161njava va\u017enost za\u0161ti\u0107enih podru\u010dja i lokaliteta kao gospodarskoga potencijala i elementa identiteta te sudjeluje u aktivnostima \u010duvanja i adekvatnoga vrednovanja ba\u0161tine na lokalnoj, regionalnoj i nacionalnoj razini.'); <\/script><script type=\"text\/javascript\"> toolTips('.classtoolTips26','U\u010denik analizira podatke o gospodarskoj razvijenosti i procjenjuje stupanj razvijenosti dr\u017eave te obja\u0161njava va\u017enost uskla\u0111ivanja gospodarskoga napretka i odr\u017eivoga razvoja Hrvatske.'); <\/script><script type=\"text\/javascript\"> toolTips('.classtoolTips28','U\u010denik analizira prostorne organizacije i procese istra\u017eiva\u010dkim radom, kori\u0161tenjem geografske karte i IKT-a.'); <\/script><script type=\"text\/javascript\"> toolTips('.classtoolTips34','U\u010denik obja\u0161njava stvaranje suvremene hrvatske dr\u017eave, opisuje politi\u010dko ure\u0111enje i upravno-teritorijalnu organizaciju Republike Hrvatske.'); <\/script><script type=\"text\/javascript\"> toolTips('.classtoolTips35','U\u010denik opisuje atmosferu i vrijeme, obja\u0161njava najva\u017enije klimatske elemente, prikuplja i analizira podatke o vremenu te obrazla\u017ee va\u017enost vremenske prognoze.'); <\/script><script type=\"text\/javascript\"> toolTips('.classtoolTips36','U\u010denik obja\u0161njava slo\u017eene utjecaje na obilje\u017eja klime, uspore\u0111uje klimatske dijagrame te \u010dita kartu klasifikacija klima.'); <\/script><script type=\"text\/javascript\"> toolTips('.classtoolTips37','U\u010denik obja\u0161njava me\u0111uovisnost klime, tla i \u017eivoga svijeta te utjecaj \u010dovjeka na promjenu bioraznolikosti na primjerima iz zavi\u010daja i Hrvatske.'); <\/script>","protected":false},"excerpt":{"rendered":"<p>Loomen za 6. razred (Geo_6) &#8211; vje\u017ebe i provjere znanja Prijava u Nearpod Godi\u0161nji izvedbeni kurikulum za 6. razred\u0160kolska godina 2025.\/26. Mjesec \/tjedan broj sati teme (cjeline) ishodi IX. (1.) 2 6.0. Geografija u 6. razredu IX. (4), X. (10), XI. (4) 18 6.1. Vrijeme i klima Za\u0161to u Hrvatskoj&#8230; <a href=\"https:\/\/vesnajanko.eu\/?page_id=4982\" class=\"readmore\">Vi\u0161e<span class=\"screen-reader-text\">&#8220;Geografija 6&#8221;<\/span><\/a><\/p>\n","protected":false},"author":1,"featured_media":0,"parent":0,"menu_order":0,"comment_status":"closed","ping_status":"closed","template":"","meta":{"footnotes":""},"class_list":["post-4982","page","type-page","status-publish","hentry"],"_links":{"self":[{"href":"https:\/\/vesnajanko.eu\/index.php?rest_route=\/wp\/v2\/pages\/4982","targetHints":{"allow":["GET"]}}],"collection":[{"href":"https:\/\/vesnajanko.eu\/index.php?rest_route=\/wp\/v2\/pages"}],"about":[{"href":"https:\/\/vesnajanko.eu\/index.php?rest_route=\/wp\/v2\/types\/page"}],"author":[{"embeddable":true,"href":"https:\/\/vesnajanko.eu\/index.php?rest_route=\/wp\/v2\/users\/1"}],"replies":[{"embeddable":true,"href":"https:\/\/vesnajanko.eu\/index.php?rest_route=%2Fwp%2Fv2%2Fcomments&post=4982"}],"version-history":[{"count":130,"href":"https:\/\/vesnajanko.eu\/index.php?rest_route=\/wp\/v2\/pages\/4982\/revisions"}],"predecessor-version":[{"id":10037,"href":"https:\/\/vesnajanko.eu\/index.php?rest_route=\/wp\/v2\/pages\/4982\/revisions\/10037"}],"wp:attachment":[{"href":"https:\/\/vesnajanko.eu\/index.php?rest_route=%2Fwp%2Fv2%2Fmedia&parent=4982"}],"curies":[{"name":"wp","href":"https:\/\/api.w.org\/{rel}","templated":true}]}}