{"id":4891,"date":"2020-05-15T08:22:20","date_gmt":"2020-05-15T07:22:20","guid":{"rendered":"https:\/\/vesnajanko.eu\/?page_id=4891"},"modified":"2023-06-11T16:15:05","modified_gmt":"2023-06-11T15:15:05","slug":"ruska-federacija","status":"publish","type":"page","link":"https:\/\/vesnajanko.eu\/?page_id=4891","title":{"rendered":"Ruska Federacija"},"content":{"rendered":"\n[display-map id=&#8217;8194&#8242;]\n\n\n\n<p><strong><a rel=\"noreferrer noopener\" href=\"https:\/\/youtu.be\/pZUtODUkmEw\" target=\"_blank\">Pogledajte video \u0160kole za \u017eivot<\/a><\/strong> i \/ili pro\u010ditajte tekst ud\u017ebenika od 212. do 223. stranice.<\/p>\n\n\n\n<p><a href=\"https:\/\/www.youtube.com\/watch?v=mORJmK1Ljgk\" target=\"_blank\" rel=\"noreferrer noopener\">Video YT<\/a><\/p>\n\n\n\n<p><strong><a href=\"https:\/\/forms.gle\/7t3gRqxctaB7xuhS6\" target=\"_blank\" rel=\"noreferrer noopener\">Rije\u0161i kviz o Ruskoj Federaciji<\/a><\/strong>.<\/p>\n\n\n\n<hr class=\"wp-block-separator has-css-opacity\"\/>\n\n\n\n<p>GeoBilje\u017enica <\/p>\n\n\n\n<p class=\"has-text-align-center\"><strong>Ruska Federacija<\/strong><\/p>\n\n\n\n<p>&#8211; povr\u0161inom najve\u0107a dr\u017eava svijeta (17 mil km2)<br>&#8211; nalazi se izme\u0111u Crnog, Balti\u010dkog mora, Arkti\u010dkog i Tihog oceana<br>&#8211; ve\u0107i prostor je u Aziji, no ve\u0107ina stanovnika \u017eivi u europskome dijelu<br>&#8211; klimatsko &#8211; vegetacijski pojasi od sjevera prema jugu: klima tundre (tundra), vla\u017ena snje\u017eno-\u0161umska klima (tajge), stepska klima<br>&#8211; rijeke su va\u017ene za promet i hidroelektrane (Volga, Don, Ob)<br>&#8211; za poljoprivredu je va\u017ena Isto\u010dnoeuropska nizina<br>&#8211; isti\u010de se po rudarstvu, za rudarstvo su va\u017ena podru\u010dja Urala i Srednjosibirsko viso\u010dje<br>&#8211; preko 140 milijuna stanovnika<br>&#8211; osim Rusa ima brojnih naroda i etni\u010dkih skupina<br>&#8211; glavni grad je Moskva, ostali ve\u0107i su Sankt Peterburg, Jekaterinburg, Vladivostok<\/p>\n","protected":false},"excerpt":{"rendered":"<p>[display-map id=&#8217;8194&#8242;] Pogledajte video \u0160kole za \u017eivot i \/ili pro\u010ditajte tekst ud\u017ebenika od 212. do 223. stranice. Video YT Rije\u0161i kviz o Ruskoj Federaciji. GeoBilje\u017enica Ruska Federacija &#8211; povr\u0161inom najve\u0107a dr\u017eava svijeta (17 mil km2)&#8211; nalazi se izme\u0111u Crnog, Balti\u010dkog mora, Arkti\u010dkog i Tihog oceana&#8211; ve\u0107i prostor je u Aziji,&#8230; <a href=\"https:\/\/vesnajanko.eu\/?page_id=4891\" class=\"readmore\">Vi\u0161e<span class=\"screen-reader-text\">&#8220;Ruska Federacija&#8221;<\/span><\/a><\/p>\n","protected":false},"author":1,"featured_media":0,"parent":0,"menu_order":0,"comment_status":"closed","ping_status":"closed","template":"","meta":{"footnotes":""},"class_list":["post-4891","page","type-page","status-publish","hentry"],"_links":{"self":[{"href":"https:\/\/vesnajanko.eu\/index.php?rest_route=\/wp\/v2\/pages\/4891","targetHints":{"allow":["GET"]}}],"collection":[{"href":"https:\/\/vesnajanko.eu\/index.php?rest_route=\/wp\/v2\/pages"}],"about":[{"href":"https:\/\/vesnajanko.eu\/index.php?rest_route=\/wp\/v2\/types\/page"}],"author":[{"embeddable":true,"href":"https:\/\/vesnajanko.eu\/index.php?rest_route=\/wp\/v2\/users\/1"}],"replies":[{"embeddable":true,"href":"https:\/\/vesnajanko.eu\/index.php?rest_route=%2Fwp%2Fv2%2Fcomments&post=4891"}],"version-history":[{"count":9,"href":"https:\/\/vesnajanko.eu\/index.php?rest_route=\/wp\/v2\/pages\/4891\/revisions"}],"predecessor-version":[{"id":8195,"href":"https:\/\/vesnajanko.eu\/index.php?rest_route=\/wp\/v2\/pages\/4891\/revisions\/8195"}],"wp:attachment":[{"href":"https:\/\/vesnajanko.eu\/index.php?rest_route=%2Fwp%2Fv2%2Fmedia&parent=4891"}],"curies":[{"name":"wp","href":"https:\/\/api.w.org\/{rel}","templated":true}]}}