{"id":475,"date":"2015-09-21T20:35:49","date_gmt":"2015-09-21T20:35:49","guid":{"rendered":"https:\/\/vesnajanko.eu\/?page_id=475"},"modified":"2025-10-17T09:25:49","modified_gmt":"2025-10-17T08:25:49","slug":"8-05","status":"publish","type":"page","link":"https:\/\/vesnajanko.eu\/?page_id=475","title":{"rendered":"Orijentacija u prostoru"},"content":{"rendered":"\n<p class=\"has-text-align-left has-pale-cyan-blue-background-color has-background has-medium-font-size\">Geobilje\u0161ke<\/p>\n\n\n\n<p>primjena topografskih karata:<strong>&nbsp; vojska, planinari, znanstvenici, gra\u0111evinari i kartografi<\/strong><\/p>\n\n\n\n<p><a href=\"https:\/\/geoportal.dgu.hr\/\" target=\"_blank\" rel=\"noopener noreferrer\"><em>Portal DGU<\/em><\/a><\/p>\n\n\n\n<p>koraci primjene:<\/p>\n\n\n\n<ul class=\"wp-block-list\">\n<li><a rel=\"noopener noreferrer\" href=\"https:\/\/www.youtube.com\/watch?v=t-Ln8jluhEI\" target=\"_blank\"><strong>orijentacija topografske karte<\/strong><\/a><\/li>\n\n\n\n<li><strong>odrediti stajali\u0161te<\/strong>, \u010ditati sadr\u017eaje na karti<\/li>\n\n\n\n<li><strong>odrediti azimut : <\/strong>vodoravni kut izme\u0111u sjevera i smjera objekta kojemu odre\u0111ujemo polo\u017eaj ili smjera u kojem se kre\u0107emo (<strong><a rel=\"noopener noreferrer\" href=\"https:\/\/www.youtube.com\/watch?v=1G-X-RmhhA4\" target=\"_blank\">video<\/a><\/strong>)\n<ul class=\"wp-block-list\">\n<li>obrnuti azimut za odre\u0111ivanje stajali\u0161ta<\/li>\n<\/ul>\n<\/li>\n\n\n\n<li><strong>izmjeriti udaljenost<\/strong>\n<ul class=\"wp-block-list\">\n<li><strong> <\/strong>mjerilo<\/li>\n\n\n\n<li><strong>krivinomjer: <\/strong>naprava za mjerenje zakrivljenih crta na topografskim kartama <\/li>\n<\/ul>\n<\/li>\n<\/ul>\n\n\n\n<hr class=\"wp-block-separator has-css-opacity\"\/>\n\n\n\n<p class=\"has-cyan-bluish-gray-background-color has-background\">Vje\u017ebe i zadatci<\/p>\n\n\n\n<p><a href=\"https:\/\/www.purposegames.com\/game\/strane-svijeta-game\" data-type=\"link\" data-id=\"https:\/\/www.purposegames.com\/game\/strane-svijeta-game\" target=\"_blank\" rel=\"noreferrer noopener\">Strane svijeta &#8211; vje\u017eba<\/a><\/p>\n\n\n\n<p><a rel=\"noopener noreferrer\" href=\"https:\/\/www.purposegames.com\/game\/azimut-game\" target=\"_blank\">Azimut &#8211; vje\u017eba<\/a><\/p>\n\n\n\n<p><a href=\"https:\/\/www.euspa.europa.eu\/european-space\/eu-space-programme\/what-gnss\" target=\"_blank\" rel=\"noreferrer noopener\">Navigacija pomo\u0107u GNSS-a<\/a>.<\/p>\n\n\n\n<hr class=\"wp-block-separator has-css-opacity\"\/>\n\n\n\n<p>ZADATAK 1. <br>Pomo\u0107u TK 1: 25 000\u00a0 odredi azimut i izmjeri udaljenosti za svaku etapu zami\u0161ljenog puta:<\/p>\n\n\n\n<ol class=\"wp-block-list\">\n<li>Bjelovar (paviljon) \u2013 N. Plavnice<\/li>\n\n\n\n<li>N. Plavnice\/ Hrgovljani \u2013 Spomen podru\u010dje Barutana<\/li>\n\n\n\n<li>Barutana \u2013 Predavac<\/li>\n\n\n\n<li>Predavac \u2013 Kakinac<\/li>\n<\/ol>\n\n\n\n<div style=\"height:78px\" aria-hidden=\"true\" class=\"wp-block-spacer\"><\/div>\n\n\n\n<p>ZADATAK 2. <br>Nacrtaj jednostavnu skicu kretanja u mjerilu 1 : 100 000. Slovom S ozna\u010di stajali\u0161te. Za orijentire ucrtaj topografske znakove.<br>Od stajali\u0161ta do crkve put je dug 4 km, a azimut je 270\u00b0.<br>Od crkve do ru\u0161evine je 2 km, a azimut je 180\u00b0.\u00a0<br>Od ru\u0161evine do mosta je 3 km, a azimut je 135\u00b0.<\/p>\n","protected":false},"excerpt":{"rendered":"<p>Geobilje\u0161ke primjena topografskih karata:&nbsp; vojska, planinari, znanstvenici, gra\u0111evinari i kartografi Portal DGU koraci primjene: Vje\u017ebe i zadatci Strane svijeta &#8211; vje\u017eba Azimut &#8211; vje\u017eba Navigacija pomo\u0107u GNSS-a. ZADATAK 1. Pomo\u0107u TK 1: 25 000\u00a0 odredi azimut i izmjeri udaljenosti za svaku etapu zami\u0161ljenog puta: ZADATAK 2. Nacrtaj jednostavnu skicu kretanja&#8230; <a href=\"https:\/\/vesnajanko.eu\/?page_id=475\" class=\"readmore\">Vi\u0161e<span class=\"screen-reader-text\">&#8220;Orijentacija u prostoru&#8221;<\/span><\/a><\/p>\n","protected":false},"author":1,"featured_media":0,"parent":153,"menu_order":0,"comment_status":"closed","ping_status":"closed","template":"","meta":{"footnotes":""},"class_list":["post-475","page","type-page","status-publish","hentry"],"_links":{"self":[{"href":"https:\/\/vesnajanko.eu\/index.php?rest_route=\/wp\/v2\/pages\/475","targetHints":{"allow":["GET"]}}],"collection":[{"href":"https:\/\/vesnajanko.eu\/index.php?rest_route=\/wp\/v2\/pages"}],"about":[{"href":"https:\/\/vesnajanko.eu\/index.php?rest_route=\/wp\/v2\/types\/page"}],"author":[{"embeddable":true,"href":"https:\/\/vesnajanko.eu\/index.php?rest_route=\/wp\/v2\/users\/1"}],"replies":[{"embeddable":true,"href":"https:\/\/vesnajanko.eu\/index.php?rest_route=%2Fwp%2Fv2%2Fcomments&post=475"}],"version-history":[{"count":40,"href":"https:\/\/vesnajanko.eu\/index.php?rest_route=\/wp\/v2\/pages\/475\/revisions"}],"predecessor-version":[{"id":10135,"href":"https:\/\/vesnajanko.eu\/index.php?rest_route=\/wp\/v2\/pages\/475\/revisions\/10135"}],"up":[{"embeddable":true,"href":"https:\/\/vesnajanko.eu\/index.php?rest_route=\/wp\/v2\/pages\/153"}],"wp:attachment":[{"href":"https:\/\/vesnajanko.eu\/index.php?rest_route=%2Fwp%2Fv2%2Fmedia&parent=475"}],"curies":[{"name":"wp","href":"https:\/\/api.w.org\/{rel}","templated":true}]}}