{"id":4723,"date":"2020-04-13T20:00:09","date_gmt":"2020-04-13T19:00:09","guid":{"rendered":"https:\/\/vesnajanko.eu\/?page_id=4723"},"modified":"2025-04-14T09:44:30","modified_gmt":"2025-04-14T08:44:30","slug":"americki-gradovi","status":"publish","type":"page","link":"https:\/\/vesnajanko.eu\/?page_id=4723","title":{"rendered":"Ameri\u010dki gradovi"},"content":{"rendered":"\n<iframe loading=\"lazy\" src=\"https:\/\/docs.google.com\/presentation\/d\/e\/2PACX-1vRvQNH9KXQHf8lIN90x1MNeyWFI3GaKuIO8LdTcNIKZahFfXph3yVOPKEF-JMzkYgdtiy0iyKowdqfB\/pubembed?start=false&#038;loop=false&#038;delayms=3000\" frameborder=\"0\" width=\"1280\" height=\"749\" allowfullscreen=\"true\" mozallowfullscreen=\"true\" webkitallowfullscreen=\"true\"><\/iframe>\n\n\n\n<div style=\"height:46px\" aria-hidden=\"true\" class=\"wp-block-spacer\"><\/div>\n\n\n\n<p>Rije\u0161i zadatak <strong><a href=\"https:\/\/wordwall.net\/hr\/resource\/55977746\" target=\"_blank\" rel=\"noreferrer noopener\">na karti ovdje<\/a><\/strong>. <\/p>\n\n\n\n<textarea rows=\"10\" cols=\"70\">Ovdje pi\u0161i odgovore.<\/textarea>\n\n\n\n<hr class=\"wp-block-separator has-css-opacity\"\/>\n\n\n\n<div style=\"height:46px\" aria-hidden=\"true\" class=\"wp-block-spacer\"><\/div>\n\n\n\n<h4 class=\"wp-block-heading has-pale-cyan-blue-background-color has-background\">Geobilje\u017enica<\/h4>\n\n\n\n<h3 class=\"wp-block-heading has-text-align-center\">Ameri\u010dki gradovi<\/h3>\n\n\n\n<p>\u2013&nbsp;<strong>megagradovi<\/strong>: New York, Ciudad de Mexico, Sao Paulo, Rio de Janeiro, Buenos Aires, Los Angeles \u2013 ekolo\u0161ki i dru\u0161tveni problemi<\/p>\n\n\n\n<p>\u2013 angloameri\u010dki gradovi:&nbsp; poslovna sredi\u0161ta gradova s neboderima, industrijska i stambena podru\u010dja<\/p>\n\n\n\n<p>\u2013 latinoameri\u010dki grad: ubrzani rast, velike razlike izme\u0111u bogatih i siroma\u0161nih \u2013 slamovi ili favele (u Brazilu)<\/p>\n\n\n\n<hr class=\"wp-block-separator has-css-opacity\"\/>\n\n\n\n<p class=\"has-white-background-color has-background\">Zadatak:<\/p>\n\n\n\n<ul class=\"wp-block-list\">\n<li>Zamisli da si turisti\u010dki vodi\u010d i da vodi\u0161 turiste po jednom ameri\u010dkom <strong>megagradu<\/strong> po \u017eelji.<\/li>\n\n\n\n<li>Prisjeti se koji su ameri\u010dki megagradovi.<\/li>\n\n\n\n<li>Tvoj je zadatak <strong>predstaviti taj grad i njegove tri znamenitosti <\/strong>tj. po \u010demu je poznat <\/li>\n\n\n\n<li>Za izradu mo\u017ee\u0161 koristiti bilo koji digitalni alat (PowerPoint, Google Slides, Prezi, Word&#8230;)<\/li>\n<\/ul>\n\n\n\n<p><\/p>\n","protected":false},"excerpt":{"rendered":"<p>Rije\u0161i zadatak na karti ovdje. Ovdje pi\u0161i odgovore. Geobilje\u017enica Ameri\u010dki gradovi \u2013&nbsp;megagradovi: New York, Ciudad de Mexico, Sao Paulo, Rio de Janeiro, Buenos Aires, Los Angeles \u2013 ekolo\u0161ki i dru\u0161tveni problemi \u2013 angloameri\u010dki gradovi:&nbsp; poslovna sredi\u0161ta gradova s neboderima, industrijska i stambena podru\u010dja \u2013 latinoameri\u010dki grad: ubrzani rast, velike razlike&#8230; <a href=\"https:\/\/vesnajanko.eu\/?page_id=4723\" class=\"readmore\">Vi\u0161e<span class=\"screen-reader-text\">&#8220;Ameri\u010dki gradovi&#8221;<\/span><\/a><\/p>\n","protected":false},"author":1,"featured_media":0,"parent":7248,"menu_order":0,"comment_status":"closed","ping_status":"closed","template":"templates\/page-full-width.php","meta":{"footnotes":""},"class_list":["post-4723","page","type-page","status-publish","hentry"],"_links":{"self":[{"href":"https:\/\/vesnajanko.eu\/index.php?rest_route=\/wp\/v2\/pages\/4723","targetHints":{"allow":["GET"]}}],"collection":[{"href":"https:\/\/vesnajanko.eu\/index.php?rest_route=\/wp\/v2\/pages"}],"about":[{"href":"https:\/\/vesnajanko.eu\/index.php?rest_route=\/wp\/v2\/types\/page"}],"author":[{"embeddable":true,"href":"https:\/\/vesnajanko.eu\/index.php?rest_route=\/wp\/v2\/users\/1"}],"replies":[{"embeddable":true,"href":"https:\/\/vesnajanko.eu\/index.php?rest_route=%2Fwp%2Fv2%2Fcomments&post=4723"}],"version-history":[{"count":23,"href":"https:\/\/vesnajanko.eu\/index.php?rest_route=\/wp\/v2\/pages\/4723\/revisions"}],"predecessor-version":[{"id":9878,"href":"https:\/\/vesnajanko.eu\/index.php?rest_route=\/wp\/v2\/pages\/4723\/revisions\/9878"}],"up":[{"embeddable":true,"href":"https:\/\/vesnajanko.eu\/index.php?rest_route=\/wp\/v2\/pages\/7248"}],"wp:attachment":[{"href":"https:\/\/vesnajanko.eu\/index.php?rest_route=%2Fwp%2Fv2%2Fmedia&parent=4723"}],"curies":[{"name":"wp","href":"https:\/\/api.w.org\/{rel}","templated":true}]}}