{"id":471,"date":"2015-09-21T20:33:17","date_gmt":"2015-09-21T20:33:17","guid":{"rendered":"https:\/\/vesnajanko.eu\/?page_id=471"},"modified":"2025-09-23T17:04:00","modified_gmt":"2025-09-23T16:04:00","slug":"7-05","status":"publish","type":"page","link":"https:\/\/vesnajanko.eu\/?page_id=471","title":{"rendered":"Reljef Europe"},"content":{"rendered":"\n<h4 class=\"wp-block-heading\">Uvod<\/h4>\n\n\n\n<ul class=\"wp-block-list\">\n<li>ponavljanje nau\u010denog<\/li>\n<\/ul>\n\n\n\n<p> <a rel=\"noreferrer noopener\" href=\"https:\/\/www.youtube.com\/watch?v=ryrXAGY1dmE\" target=\"_blank\">Video zapis o litosfernim plo\u010dama<\/a>. (autor: BBC)<\/p>\n\n\n\n<hr class=\"wp-block-separator has-css-opacity\"\/>\n\n\n\n<h4 class=\"wp-block-heading\">Glavni dio sata<\/h4>\n\n\n\n<ul class=\"wp-block-list\">\n<li>nau\u010diti pojmove: geolo\u0161ke ere, mlada, stara i prastara Europa<\/li>\n<\/ul>\n\n\n\n<p class=\"has-text-align-right\"><a href=\"https:\/\/www.scribblemaps.com\/maps\/view\/Reljef%20Europe\/Europa-reljef\" target=\"_blank\" rel=\"noreferrer noopener\">Reljef Europe &#8211; karta<\/a><\/p>\n\n\n\n<p><a rel=\"noopener noreferrer\" href=\"http:\/\/geol.pmf.hr\/~jsremac\/link\/00_povijest%20zemlje.HTML#arhaik\" target=\"_blank\"><strong>Geolo\u0161ke ere<\/strong><\/a><\/p>\n\n\n\n<p class=\"has-electric-grass-gradient-background has-background\"><strong><a href=\"https:\/\/docs.google.com\/presentation\/d\/e\/2PACX-1vSDQKIFMYClqTxVErGnIDVuxhovMx0oyQR72vocFjAbJVjnbyuOUE8rN1UfhevOeueCpjzaiVvDwjPV\/pub?start=false&amp;loop=false&amp;delayms=3000\" data-type=\"link\" data-id=\"https:\/\/docs.google.com\/presentation\/d\/e\/2PACX-1vSDQKIFMYClqTxVErGnIDVuxhovMx0oyQR72vocFjAbJVjnbyuOUE8rN1UfhevOeueCpjzaiVvDwjPV\/pub?start=false&amp;loop=false&amp;delayms=3000\" target=\"_blank\" rel=\"noreferrer noopener\">Pogledaj prezentaciju<\/a><\/strong>.<\/p>\n\n\n\n<iframe loading=\"lazy\" src=\"https:\/\/docs.google.com\/presentation\/d\/e\/2PACX-1vSDQKIFMYClqTxVErGnIDVuxhovMx0oyQR72vocFjAbJVjnbyuOUE8rN1UfhevOeueCpjzaiVvDwjPV\/pubembed?start=false&#038;loop=false&#038;delayms=3000\" frameborder=\"0\" width=\"960\" height=\"569\" allowfullscreen=\"true\" mozallowfullscreen=\"true\" webkitallowfullscreen=\"true\"><\/iframe>\n\n\n\n<hr class=\"wp-block-separator has-css-opacity\"\/>\n\n\n\n<h4 class=\"wp-block-heading\">Zavr\u0161ni dio sata<\/h4>\n\n\n\n<p><a rel=\"noreferrer noopener\" href=\"https:\/\/www.purposegames.com\/game\/europa-reljef-quiz\" target=\"_blank\">Vje\u017eba na karti<\/a><br>Vrednovanje rada.<\/p>\n\n\n\n<h4 class=\"wp-block-heading has-pale-cyan-blue-background-color has-background\">Geobilje\u017enica<\/h4>\n\n\n\n<p class=\"has-text-align-center\">Reljef Europe<\/p>\n\n\n\n<ul class=\"wp-block-list\">\n<li><strong>geologija<\/strong> je znaost o Zemlji<\/li>\n\n\n\n<li>u eonu <strong>fanerozoik<\/strong> razlikujemo&nbsp;tri geolo\u0161ke ere&nbsp;u razvoju Zemlje: <strong>paleozoik, mezozoik, kenozoik<\/strong><\/li>\n\n\n\n<li>prema postanku reljefa razlikujemo&nbsp;<strong>prastaru, staru i mladu Europu<\/strong><\/li>\n\n\n\n<li>u Europi prevladavaju nizine<\/li>\n<\/ul>\n\n\n\n<figure class=\"wp-block-table is-style-regular\"><table><tbody><tr><td><\/td><td><strong>eon \/ era<\/strong><\/td><td><strong>dijelovi Europe<\/strong><\/td><td><strong>gospodarsko zna\u010denje<\/strong><\/td><\/tr><tr><td><strong>prastara Europa<\/strong><\/td><td>prekambrij<\/td><td>Balti\u010dki \u0161tit, Ukrajinski \u0161tit, Ruska platforma<\/td><td>rude \u017eeljeza<\/td><\/tr><tr><td><strong>stara Europa<\/strong><\/td><td>paleozoik<\/td><td>gorja Velike Britanije, Skandinavsko gorje, gorje Ural, Meseta, Sredi\u0161nji masiv, Ardeni, Vogezi, Njema\u010dko-\u010ce\u0161ko sredogorje, Rodopi<\/td><td>rude ugljena i \u017eeljeza<\/td><\/tr><tr><td><strong>mlada Europa<\/strong><\/td><td>mezozoik \/ kenozoik<\/td><td>Alpe, Dinaridi, Karpati, Stara planina, Apenini, Pireneji, Betijski kordiljeri, \u0160arsko-pindsko gorje, Kavkaz<\/td><td>turizam, \u0161umarstvo, govedarstvo<\/td><\/tr><tr><td><strong>nizine<\/strong><\/td><td>razli\u010dite starosti<\/td><td>Isto\u010dnoeuropska, Pribalti\u010dka, Panonska, Vla\u0161ka, Padska, Andaluzijska<\/td><td>poljoprivreda u umjerenoj klimi<\/td><\/tr><\/tbody><\/table><\/figure>\n","protected":false},"excerpt":{"rendered":"<p>Uvod Video zapis o litosfernim plo\u010dama. (autor: BBC) Glavni dio sata Reljef Europe &#8211; karta Geolo\u0161ke ere Pogledaj prezentaciju. Zavr\u0161ni dio sata Vje\u017eba na kartiVrednovanje rada. Geobilje\u017enica Reljef Europe eon \/ era dijelovi Europe gospodarsko zna\u010denje prastara Europa prekambrij Balti\u010dki \u0161tit, Ukrajinski \u0161tit, Ruska platforma rude \u017eeljeza stara Europa paleozoik&#8230; <a href=\"https:\/\/vesnajanko.eu\/?page_id=471\" class=\"readmore\">Vi\u0161e<span class=\"screen-reader-text\">&#8220;Reljef Europe&#8221;<\/span><\/a><\/p>\n","protected":false},"author":1,"featured_media":0,"parent":12,"menu_order":0,"comment_status":"closed","ping_status":"closed","template":"templates\/page-full-width.php","meta":{"footnotes":""},"class_list":["post-471","page","type-page","status-publish","hentry"],"_links":{"self":[{"href":"https:\/\/vesnajanko.eu\/index.php?rest_route=\/wp\/v2\/pages\/471","targetHints":{"allow":["GET"]}}],"collection":[{"href":"https:\/\/vesnajanko.eu\/index.php?rest_route=\/wp\/v2\/pages"}],"about":[{"href":"https:\/\/vesnajanko.eu\/index.php?rest_route=\/wp\/v2\/types\/page"}],"author":[{"embeddable":true,"href":"https:\/\/vesnajanko.eu\/index.php?rest_route=\/wp\/v2\/users\/1"}],"replies":[{"embeddable":true,"href":"https:\/\/vesnajanko.eu\/index.php?rest_route=%2Fwp%2Fv2%2Fcomments&post=471"}],"version-history":[{"count":43,"href":"https:\/\/vesnajanko.eu\/index.php?rest_route=\/wp\/v2\/pages\/471\/revisions"}],"predecessor-version":[{"id":10100,"href":"https:\/\/vesnajanko.eu\/index.php?rest_route=\/wp\/v2\/pages\/471\/revisions\/10100"}],"up":[{"embeddable":true,"href":"https:\/\/vesnajanko.eu\/index.php?rest_route=\/wp\/v2\/pages\/12"}],"wp:attachment":[{"href":"https:\/\/vesnajanko.eu\/index.php?rest_route=%2Fwp%2Fv2%2Fmedia&parent=471"}],"curies":[{"name":"wp","href":"https:\/\/api.w.org\/{rel}","templated":true}]}}