{"id":463,"date":"2015-09-20T11:22:00","date_gmt":"2015-09-20T11:22:00","guid":{"rendered":"https:\/\/vesnajanko.eu\/?page_id=463"},"modified":"2025-10-02T18:08:58","modified_gmt":"2025-10-02T17:08:58","slug":"8-04-topografske-karte","status":"publish","type":"page","link":"https:\/\/vesnajanko.eu\/?page_id=463","title":{"rendered":"Topografske karte"},"content":{"rendered":"\n<h4 class=\"wp-block-heading\">Uvod<\/h4>\n\n\n\n<p>\u0160to su geografske karte?<br>Kako se dijele?<\/p>\n\n\n\n<hr class=\"wp-block-separator has-css-opacity\"\/>\n\n\n\n<h4 class=\"wp-block-heading\">Glavni dio sata<\/h4>\n\n\n\n<p class=\"has-pale-ocean-gradient-background has-background\"><a href=\"https:\/\/docs.google.com\/presentation\/d\/e\/2PACX-1vRPWUy2dM-J9LlVPVAKFNF4_V9y1OmGG6CjjY4m9IsdZXNaleM2ORg8PtltnAMAXnU0bcmK1my-XDQX\/pub?start=false&amp;loop=false&amp;delayms=3000\" data-type=\"link\" data-id=\"https:\/\/docs.google.com\/presentation\/d\/e\/2PACX-1vRPWUy2dM-J9LlVPVAKFNF4_V9y1OmGG6CjjY4m9IsdZXNaleM2ORg8PtltnAMAXnU0bcmK1my-XDQX\/pub?start=false&amp;loop=false&amp;delayms=3000\" target=\"_blank\" rel=\"noreferrer noopener\">Pogledaj prezentaciju ovdje<\/a>.<\/p>\n\n\n\n<iframe loading=\"lazy\" src=\"https:\/\/docs.google.com\/presentation\/d\/e\/2PACX-1vRPWUy2dM-J9LlVPVAKFNF4_V9y1OmGG6CjjY4m9IsdZXNaleM2ORg8PtltnAMAXnU0bcmK1my-XDQX\/pubembed?start=false&#038;loop=false&#038;delayms=3000\" frameborder=\"0\" width=\"960\" height=\"569\" allowfullscreen=\"true\" mozallowfullscreen=\"true\" webkitallowfullscreen=\"true\"><\/iframe>\n\n\n\n<div style=\"height:43px\" aria-hidden=\"true\" class=\"wp-block-spacer\"><\/div>\n\n\n\n<p>Demonstracija topografskih karta.<\/p>\n\n\n\n<hr class=\"wp-block-separator has-css-opacity\"\/>\n\n\n\n<h4 class=\"wp-block-heading has-pale-cyan-blue-background-color has-background\">Geobilje\u0161ke<\/h4>\n\n\n\n<p class=\"has-text-align-center\"><strong>Topografske karte<\/strong><\/p>\n\n\n\n<p><br><strong>topografska karta&nbsp;\u2013&nbsp;<\/strong>detaljan prikaz&nbsp;svih zna\u010dajnih prirodnih i dru\u0161tvenih sadr\u017eaja&nbsp;manjeg dijela Zemljine povr\u0161ine<\/p>\n\n\n\n<p><strong>Podjela topografskih karata<\/strong>:<\/p>\n\n\n\n<p><strong>topometrijske karte<\/strong>, do 1 : 10 000<\/p>\n\n\n\n<p><strong>topografske detaljne<\/strong>, 1 : 10 000 &#8211; 1 : 100 000 (1 : 25 000, 1: 50 000, 1 : 100 000)<\/p>\n\n\n\n<p><strong>topografske pregledne<\/strong>, 1 : 100 000 &#8211; 1 : 500 000 (1 : 250 000)<\/p>\n\n\n\n<p><strong>geografske pregledne<\/strong> (korografske), 1 : 500 000 i sitnije<\/p>\n\n\n\n<p>\u2013 reljef, tlo, vode, biljni pokrov, naselja, prometnice prikazani su&nbsp;<a href=\"http:\/\/www.hkoig.hr\/assets\/Zbirka-kartografznakova.pdf\" target=\"_blank\" rel=\"noreferrer noopener\"><strong>kartografskim znakovima<\/strong><\/a><\/p>\n\n\n\n<p>\u2013 sastoji se od&nbsp;<strong>matemati\u010dkih&nbsp;<\/strong>(koordinatna mre\u017ea, mjerilo, okvir karte, kartografska projkcija, ekvidistanca)<strong>&nbsp;i geografskih elemenata&nbsp;<\/strong>(reljef, vode, vegetacija, naselja, prometnice\u2026)<strong><\/strong><\/p>\n\n\n\n<p><strong>\u2013 reljef&nbsp;<\/strong>se prikazuje&nbsp;<strong>bojama, izohipsama, izobatama, kotama<\/strong>&nbsp;i&nbsp;<strong>tehnikom sjen\u010danja<\/strong><\/p>\n\n\n\n<p>\u2013 suvremene metode izrade karata su&nbsp;<strong>snimke zemlji\u0161ta iz zrakoplova ili satelita&nbsp;<\/strong><\/p>\n\n\n\n<p>\u2013 listove topografskih karta u Hrvatskoj izra\u0111uje<a href=\"http:\/\/www.dgu.hr\/\" target=\"_blank\" rel=\"noreferrer noopener\"><strong>&nbsp;Dr\u017eavna geodetska uprava<\/strong><\/a><\/p>\n\n\n\n<p><\/p>\n\n\n\n<ul class=\"wp-block-list\">\n<li><\/li>\n<\/ul>\n","protected":false},"excerpt":{"rendered":"<p>Uvod \u0160to su geografske karte?Kako se dijele? Glavni dio sata Pogledaj prezentaciju ovdje. Demonstracija topografskih karta. Geobilje\u0161ke Topografske karte topografska karta&nbsp;\u2013&nbsp;detaljan prikaz&nbsp;svih zna\u010dajnih prirodnih i dru\u0161tvenih sadr\u017eaja&nbsp;manjeg dijela Zemljine povr\u0161ine Podjela topografskih karata: topometrijske karte, do 1 : 10 000 topografske detaljne, 1 : 10 000 &#8211; 1 : 100&#8230; <a href=\"https:\/\/vesnajanko.eu\/?page_id=463\" class=\"readmore\">Vi\u0161e<span class=\"screen-reader-text\">&#8220;Topografske karte&#8221;<\/span><\/a><\/p>\n","protected":false},"author":1,"featured_media":0,"parent":7236,"menu_order":3,"comment_status":"closed","ping_status":"closed","template":"templates\/page-full-width.php","meta":{"footnotes":""},"class_list":["post-463","page","type-page","status-publish","hentry"],"_links":{"self":[{"href":"https:\/\/vesnajanko.eu\/index.php?rest_route=\/wp\/v2\/pages\/463","targetHints":{"allow":["GET"]}}],"collection":[{"href":"https:\/\/vesnajanko.eu\/index.php?rest_route=\/wp\/v2\/pages"}],"about":[{"href":"https:\/\/vesnajanko.eu\/index.php?rest_route=\/wp\/v2\/types\/page"}],"author":[{"embeddable":true,"href":"https:\/\/vesnajanko.eu\/index.php?rest_route=\/wp\/v2\/users\/1"}],"replies":[{"embeddable":true,"href":"https:\/\/vesnajanko.eu\/index.php?rest_route=%2Fwp%2Fv2%2Fcomments&post=463"}],"version-history":[{"count":41,"href":"https:\/\/vesnajanko.eu\/index.php?rest_route=\/wp\/v2\/pages\/463\/revisions"}],"predecessor-version":[{"id":10117,"href":"https:\/\/vesnajanko.eu\/index.php?rest_route=\/wp\/v2\/pages\/463\/revisions\/10117"}],"up":[{"embeddable":true,"href":"https:\/\/vesnajanko.eu\/index.php?rest_route=\/wp\/v2\/pages\/7236"}],"wp:attachment":[{"href":"https:\/\/vesnajanko.eu\/index.php?rest_route=%2Fwp%2Fv2%2Fmedia&parent=463"}],"curies":[{"name":"wp","href":"https:\/\/api.w.org\/{rel}","templated":true}]}}