{"id":4590,"date":"2020-03-22T18:39:16","date_gmt":"2020-03-22T17:39:16","guid":{"rendered":"https:\/\/vesnajanko.eu\/?page_id=4590"},"modified":"2026-03-04T19:13:34","modified_gmt":"2026-03-04T18:13:34","slug":"italija-regionalna-obiljezja","status":"publish","type":"page","link":"https:\/\/vesnajanko.eu\/?page_id=4590","title":{"rendered":"Italija &#8211; regionalna obilje\u017eja"},"content":{"rendered":"\n<p><strong><a href=\"https:\/\/answergarden.ch\/1154401\" target=\"_blank\" rel=\"noreferrer noopener\" aria-label=\"Koje talijansko jelo voli\u0161? (otvara se u novoj kartici)\">Koje talijansko jelo voli\u0161?<\/a><\/strong><\/p>\n\n\n\n<p>Italija se dijeli na tri geografske regije:<\/p>\n\n\n\n<ul class=\"wp-block-list\">\n<li>Sjeverna Italija<\/li>\n\n\n\n<li>Srednja Italija<\/li>\n\n\n\n<li>Ju\u017ena Italija<\/li>\n<\/ul>\n\n\n\n<div style=\"height:30px\" aria-hidden=\"true\" class=\"wp-block-spacer\"><\/div>\n\n\n\n<p>Podjelu regija pogledaj na tematskoj karti u ud\u017ebeniku 113. na stranici ud\u017ebenika i na <strong><a rel=\"noreferrer noopener\" aria-label=\"interaktivnoj karti (otvara se u novoj kartici)\" href=\"https:\/\/www.google.com\/maps\/d\/u\/2\/viewer?mid=19efwrgTT5Bv2nEpcJu10l00O0L8&amp;ll=42.84860908148744%2C11.688675262499942&amp;z=5\" target=\"_blank\">interaktivnoj karti<\/a><\/strong> (Sjeverna Italija zelene oznake, Srednja Italija \u017eute oznake, Ju\u017ena Italija crvene oznake).<\/p>\n\n\n\n<p>Tvoj zadatak je &#8220;pro\u0161etati&#8221; Italijom pomo\u0107u ud\u017ebenika (str. 113. &#8211; 115. i <strong><a rel=\"noreferrer noopener\" aria-label=\"interaktivne karte (otvara se u novoj kartici)\" href=\"https:\/\/www.google.com\/maps\/d\/u\/2\/viewer?mid=19efwrgTT5Bv2nEpcJu10l00O0L8&amp;ll=42.84860908148744%2C11.688675262499942&amp;z=5\" target=\"_blank\">interaktivne karte<\/a><\/strong> te odgovoriti na pitanja u radnom materijalu.<br>Interaktivna karta sadr\u017ei oznake (obla\u010di\u0107e i zvjezdice)  sa Street View prikazima mjesta i tekstom. Kada klikne\u0161 na link za Street View, trebat \u0107e\u0161 ponovo kliknuti na ponu\u0111eni link (The page you were on is trying to send you to).  Kartu mo\u017ee\u0161 slobodno pomicati  i pribli\u017eavati.<\/p>\n\n\n\n<p>Radni materijali:<\/p>\n\n\n\n<p class=\"has-very-light-gray-to-cyan-bluish-gray-gradient-background has-background\"><a href=\"https:\/\/forms.gle\/k2sTTdKLZtfWyp467\" target=\"_blank\" rel=\"noreferrer noopener\">Regije Italije &#8211; odgovori na pitanja ovdje.<\/a><\/p>\n\n\n\n<hr class=\"wp-block-separator has-css-opacity\"\/>\n\n\n\n<h4 class=\"wp-block-heading\"><a href=\"https:\/\/docs.google.com\/document\/d\/e\/2PACX-1vR7z817TiF6BwVe5d9azw7VIYrvnXu0cK61KHlMmtpw0F96sNIfF6gJC78bcH4IYuT_X0WnajnbcgId\/pub\" target=\"_blank\" rel=\"noreferrer noopener\">Geobilje\u0161ke<\/a><\/h4>\n\n\n\n<p><\/p>\n","protected":false},"excerpt":{"rendered":"<p>Koje talijansko jelo voli\u0161? Italija se dijeli na tri geografske regije: Podjelu regija pogledaj na tematskoj karti u ud\u017ebeniku 113. na stranici ud\u017ebenika i na interaktivnoj karti (Sjeverna Italija zelene oznake, Srednja Italija \u017eute oznake, Ju\u017ena Italija crvene oznake). Tvoj zadatak je &#8220;pro\u0161etati&#8221; Italijom pomo\u0107u ud\u017ebenika (str. 113. &#8211; 115&#8230;. <a href=\"https:\/\/vesnajanko.eu\/?page_id=4590\" class=\"readmore\">Vi\u0161e<span class=\"screen-reader-text\">&#8220;Italija &#8211; regionalna obilje\u017eja&#8221;<\/span><\/a><\/p>\n","protected":false},"author":1,"featured_media":0,"parent":7756,"menu_order":0,"comment_status":"closed","ping_status":"closed","template":"","meta":{"footnotes":""},"class_list":["post-4590","page","type-page","status-publish","hentry"],"_links":{"self":[{"href":"https:\/\/vesnajanko.eu\/index.php?rest_route=\/wp\/v2\/pages\/4590","targetHints":{"allow":["GET"]}}],"collection":[{"href":"https:\/\/vesnajanko.eu\/index.php?rest_route=\/wp\/v2\/pages"}],"about":[{"href":"https:\/\/vesnajanko.eu\/index.php?rest_route=\/wp\/v2\/types\/page"}],"author":[{"embeddable":true,"href":"https:\/\/vesnajanko.eu\/index.php?rest_route=\/wp\/v2\/users\/1"}],"replies":[{"embeddable":true,"href":"https:\/\/vesnajanko.eu\/index.php?rest_route=%2Fwp%2Fv2%2Fcomments&post=4590"}],"version-history":[{"count":24,"href":"https:\/\/vesnajanko.eu\/index.php?rest_route=\/wp\/v2\/pages\/4590\/revisions"}],"predecessor-version":[{"id":10238,"href":"https:\/\/vesnajanko.eu\/index.php?rest_route=\/wp\/v2\/pages\/4590\/revisions\/10238"}],"up":[{"embeddable":true,"href":"https:\/\/vesnajanko.eu\/index.php?rest_route=\/wp\/v2\/pages\/7756"}],"wp:attachment":[{"href":"https:\/\/vesnajanko.eu\/index.php?rest_route=%2Fwp%2Fv2%2Fmedia&parent=4590"}],"curies":[{"name":"wp","href":"https:\/\/api.w.org\/{rel}","templated":true}]}}