{"id":4570,"date":"2020-03-19T11:00:38","date_gmt":"2020-03-19T10:00:38","guid":{"rendered":"https:\/\/vesnajanko.eu\/?page_id=4570"},"modified":"2025-03-23T17:22:29","modified_gmt":"2025-03-23T16:22:29","slug":"reljef-i-vode-amerike","status":"publish","type":"page","link":"https:\/\/vesnajanko.eu\/?page_id=4570","title":{"rendered":"Reljef i vode Amerike"},"content":{"rendered":"\n<p class=\"has-very-light-gray-background-color has-background has-small-font-size\">\u0160to \u0107e\u0161 nau\u010diti:<br><strong>Obrazovna  postignu\u0107a<\/strong>:  pokazati  na  geografskoj  karti reljefne  cjeline  Sjeverne  i  Ju\u017ene  Amerike  i  opisati njihova obilje\u017eja; obrazlo\u017eiti utjecaj vanjskih procesa i  unutarnjih  sila  na  oblikovanje  reljefa;   izdvojiti  i  pokazati  na  karti  najve\u0107a  jezera  i najdulje rijeke i opisati njihov zna\u010daj. <\/p>\n\n\n\n<h5 class=\"wp-block-heading\">Uvod<\/h5>\n\n\n\n<p>Pogledaj <strong><a rel=\"noreferrer noopener\" aria-label=\"video zapis (otvara se u novoj kartici)\" href=\"https:\/\/youtu.be\/ezpqDi42pRM\" target=\"_blank\">video zapis<\/a><\/strong>.<br>\u0160to te je posebno zadivilo o NP Grand Canyon-u?<br>U ovoj lekciji biti \u0107e rije\u010di o reljefu i vodama na kopnu Amerike, a posebno kako voda utje\u010de na oblikovanje reljefa. <\/p>\n\n\n\n<h5 class=\"wp-block-heading\">Glavni dio sata<\/h5>\n\n\n\n<p>Uz pomo\u0107 ud\u017ebenika (148. &#8211; 152. str.), atlasa i <strong><a href=\"https:\/\/www.google.com\/maps\/d\/edit?mid=1L46WQjxLPIblfUHw8Ayc6vClQ5M&amp;usp=sharing\" target=\"_blank\" rel=\"noreferrer noopener\">karte<\/a><\/strong> rije\u0161i zadatke:<\/p>\n\n\n\n<iframe loading=\"lazy\" src=\"https:\/\/www.google.com\/maps\/d\/u\/1\/embed?mid=1L46WQjxLPIblfUHw8Ayc6vClQ5M&#038;ehbc=2E312F\" width=\"640\" height=\"480\"><\/iframe>\n\n\n\n<div style=\"height:34px\" aria-hidden=\"true\" class=\"wp-block-spacer\"><\/div>\n\n\n\n<p class=\"has-pale-ocean-gradient-background has-background\"><a href=\"https:\/\/forms.gle\/WCWsesqBBy6Qv3i86\" target=\"_blank\" rel=\"noreferrer noopener\">Odgovori na pitanja<\/a>.<\/p>\n\n\n\n<ul class=\"wp-block-list\">\n<li><\/li>\n<\/ul>\n\n\n\n<p><strong><a href=\"https:\/\/www.google.com\/maps\/d\/edit?mid=1L46WQjxLPIblfUHw8Ayc6vClQ5M&amp;usp=sharing\" target=\"_blank\" rel=\"noreferrer noopener\">Karta<\/a><\/strong> sadr\u017ei oznake na kojima su StreetView prikazi prostora i fotografije o kojima je rije\u010d u zadacima.<\/p>\n\n\n\n<p><a href=\"https:\/\/wordwall.net\/resource\/1877377\" target=\"_blank\" rel=\"noreferrer noopener\">Reljef Amerike &#8211; vje\u017eba na karti<\/a><\/p>\n\n\n\n<hr class=\"wp-block-separator has-css-opacity\"\/>\n\n\n\n<h4 class=\"wp-block-heading has-pale-cyan-blue-background-color has-background\">Geobilje\u0161ke<\/h4>\n\n\n\n<p class=\"has-text-align-center\"><span style=\"text-decoration: underline;\">Reljef i vode Amerike<\/span><\/p>\n\n\n\n<figure class=\"wp-block-table\"><table class=\"has-fixed-layout\"><tbody><tr><td><strong>RELJEF<\/strong><\/td><td><strong>Gdje se nalazi?<\/strong><\/td><td><strong>VODE<\/strong><\/td><td><strong>GOSPODARSKO ZNA\u010cENJE<\/strong><\/td><\/tr><tr><td><strong>mlada&nbsp;<\/strong><strong>nabrana gorja<\/strong><\/td><td>S. Am.: Kordiljeri<br>J. Am.: Ande<\/td><td>Colorado, Columbia&nbsp;<\/td><td>turizam u Sjevernoj Americi,obojeni metali<\/td><\/tr><tr><td><strong>sredi\u0161nje nizine i visoravni<\/strong><\/td><td>S. Am.: Veliki ravnjak, Sredi\u0161nje ravnice<br>J. Am: Amazonska nizina, Pampa, Gran Chaco<\/td><td>Mississippi, Missouri, <br>Amazonija, Orinoco, Parana, Paraguay<\/td><td>poljoprivreda, a u tropskom prostoru sje\u010da \u0161uma<\/td><\/tr><tr><td><strong>stara gromadna gorja<\/strong><\/td><td>S. Am.: Apala\u010dko gorje<\/td><td>fall line<br>Ohio, Tennessee<\/td><td>rudarstvo (ugljen, \u017eeljezo), metalurgija, hidroenergija<\/td><\/tr><tr><td><strong>prastari \u0161titovi<\/strong><\/td><td>S. Am.: Kanadski \u0161tit<br>J. Am.: Gvajanski i Brazilski \u0161tit<\/td><td>ledenja\u010dka jezera, Velika jezera, St. Lawrence, Niagara\u00a0\u00a0<\/td><td>rudarstvo (ugljen, \u017eeljezo), metalurgija, hidroenergija<\/td><\/tr><\/tbody><\/table><\/figure>\n","protected":false},"excerpt":{"rendered":"<p>\u0160to \u0107e\u0161 nau\u010diti:Obrazovna postignu\u0107a: pokazati na geografskoj karti reljefne cjeline Sjeverne i Ju\u017ene Amerike i opisati njihova obilje\u017eja; obrazlo\u017eiti utjecaj vanjskih procesa i unutarnjih sila na oblikovanje reljefa; izdvojiti i pokazati na karti najve\u0107a jezera i najdulje rijeke i opisati njihov zna\u010daj. Uvod Pogledaj video zapis.\u0160to te je posebno zadivilo&#8230; <a href=\"https:\/\/vesnajanko.eu\/?page_id=4570\" class=\"readmore\">Vi\u0161e<span class=\"screen-reader-text\">&#8220;Reljef i vode Amerike&#8221;<\/span><\/a><\/p>\n","protected":false},"author":1,"featured_media":0,"parent":9,"menu_order":0,"comment_status":"closed","ping_status":"closed","template":"templates\/page-full-width.php","meta":{"footnotes":""},"class_list":["post-4570","page","type-page","status-publish","hentry"],"_links":{"self":[{"href":"https:\/\/vesnajanko.eu\/index.php?rest_route=\/wp\/v2\/pages\/4570","targetHints":{"allow":["GET"]}}],"collection":[{"href":"https:\/\/vesnajanko.eu\/index.php?rest_route=\/wp\/v2\/pages"}],"about":[{"href":"https:\/\/vesnajanko.eu\/index.php?rest_route=\/wp\/v2\/types\/page"}],"author":[{"embeddable":true,"href":"https:\/\/vesnajanko.eu\/index.php?rest_route=\/wp\/v2\/users\/1"}],"replies":[{"embeddable":true,"href":"https:\/\/vesnajanko.eu\/index.php?rest_route=%2Fwp%2Fv2%2Fcomments&post=4570"}],"version-history":[{"count":26,"href":"https:\/\/vesnajanko.eu\/index.php?rest_route=\/wp\/v2\/pages\/4570\/revisions"}],"predecessor-version":[{"id":9689,"href":"https:\/\/vesnajanko.eu\/index.php?rest_route=\/wp\/v2\/pages\/4570\/revisions\/9689"}],"up":[{"embeddable":true,"href":"https:\/\/vesnajanko.eu\/index.php?rest_route=\/wp\/v2\/pages\/9"}],"wp:attachment":[{"href":"https:\/\/vesnajanko.eu\/index.php?rest_route=%2Fwp%2Fv2%2Fmedia&parent=4570"}],"curies":[{"name":"wp","href":"https:\/\/api.w.org\/{rel}","templated":true}]}}