{"id":4211,"date":"2019-12-21T15:32:26","date_gmt":"2019-12-21T14:32:26","guid":{"rendered":"https:\/\/vesnajanko.eu\/?page_id=4211"},"modified":"2019-12-21T17:53:16","modified_gmt":"2019-12-21T16:53:16","slug":"geoigraonica-geoguessr","status":"publish","type":"page","link":"https:\/\/vesnajanko.eu\/?page_id=4211","title":{"rendered":"GEOIGRAONICA: GeoGuessr"},"content":{"rendered":"\n<p><em>Za igranje je potrebna prethodna prijava u <strong><a rel=\"noreferrer noopener\" aria-label=\"GeoGuessr (otvara se u novoj kartici)\" href=\"https:\/\/geoguessr.com\" target=\"_blank\">GeoGuessr<\/a><\/strong> korisni\u010dkim ra\u010dunom.<\/em><\/p>\n\n\n\n<ul class=\"wp-block-list\"><li><a rel=\"noreferrer noopener\" aria-label=\"Bjelovar (otvara se u novoj kartici)\" href=\"https:\/\/geoguessr.com\/585e88d58b9ff46accf07eed\/play\" target=\"_blank\">Bjelovar<\/a><\/li><li><a rel=\"noreferrer noopener\" aria-label=\"Nizinska Hrvatska (otvara se u novoj kartici)\" href=\"https:\/\/geoguessr.com\/5ce1a6cbbc79e1967470e55e\/play\" target=\"_blank\">Nizinska Hrvatska<\/a><\/li><li><a rel=\"noreferrer noopener\" aria-label=\"Primorska Hrvatska (otvara se u novoj kartici)\" href=\"https:\/\/geoguessr.com\/5c93ea00e92b0c49e402294d\/play\" target=\"_blank\">Primorska Hrvatska<\/a><\/li><li><a rel=\"noreferrer noopener\" aria-label=\"Gorska Hrvatska (otvara se u novoj kartici)\" href=\"https:\/\/geoguessr.com\/58ebeaaf70ee84ce987a4c9b\/play\" target=\"_blank\">Gorska Hrvatska<\/a><\/li><li><a rel=\"noreferrer noopener\" href=\"https:\/\/geoguessr.com\/585c299b8b9ff425949fef95\/play\" target=\"_blank\">Hrvatska 1<\/a> <\/li><li><a rel=\"noreferrer noopener\" aria-label=\"Njema\u010dka (otvara se u novoj kartici)\" href=\"https:\/\/geoguessr.com\/5898ba532f6fc615a835175e\/play\" target=\"_blank\">Njema\u010dka<\/a><\/li><li><a rel=\"noopener noreferrer\" href=\"https:\/\/geoguessr.com\/585c22e88b9ff44f842e7f31\/play\" target=\"_blank\">Zapadna Europa 1<\/a><\/li><li><a rel=\"noreferrer noopener\" aria-label=\"Ujedinjeno Kraljevstvo (otvara se u novoj kartici)\" href=\"https:\/\/geoguessr.com\/5bf1a85543196535548be4b9\/play\" target=\"_blank\">Ujedinjeno Kraljevstvo<\/a><\/li><li><a rel=\"noopener noreferrer\" href=\"https:\/\/geoguessr.com\/585c26060eac724b6cd40d8d\/play\" target=\"_blank\">Sjeverna Europa 1<\/a><\/li><li><a rel=\"noreferrer noopener\" aria-label=\"Ju\u017ena Europa (otvara se u novoj kartici)\" href=\"https:\/\/geoguessr.com\/58e76f0627c28b2f783bd62f\/play\" target=\"_blank\">Ju\u017ena Europa<\/a><\/li><li><a rel=\"noreferrer noopener\" aria-label=\"Italija (otvara se u novoj kartici)\" href=\"https:\/\/geoguessr.com\/5aa57e3342305f89a0f9f2ba\/play\" target=\"_blank\">Italija<\/a><\/li><li><a rel=\"noreferrer noopener\" href=\"https:\/\/geoguessr.com\/585c1661f45b684cd8bca595\/play\" target=\"_blank\">Azija<\/a> <\/li><li><a rel=\"noreferrer noopener\" aria-label=\"Japan (otvara se u novoj kartici)\" href=\"https:\/\/geoguessr.com\/5ab8dfb718399e275832fa53\/play\" target=\"_blank\">Japan<\/a><\/li><li><a rel=\"noreferrer noopener\" aria-label=\"Gradovi Amerike (otvara se u novoj kartici)\" href=\"https:\/\/geoguessr.com\/58ea892c70ee84ce987a3af2\/play\" target=\"_blank\">Gradovi Amerike<\/a><\/li><li><a href=\"https:\/\/geoguessr.com\/5af48e071c70123c947aa820\/play\" target=\"_blank\" rel=\"noreferrer noopener\" aria-label=\"Brazil (otvara se u novoj kartici)\">Brazil<\/a><\/li><\/ul>\n","protected":false},"excerpt":{"rendered":"<p>Za igranje je potrebna prethodna prijava u GeoGuessr korisni\u010dkim ra\u010dunom. Bjelovar Nizinska Hrvatska Primorska Hrvatska Gorska Hrvatska Hrvatska 1 Njema\u010dka Zapadna Europa 1 Ujedinjeno Kraljevstvo Sjeverna Europa 1 Ju\u017ena Europa Italija Azija Japan Gradovi Amerike Brazil<\/p>\n","protected":false},"author":1,"featured_media":0,"parent":1083,"menu_order":0,"comment_status":"closed","ping_status":"closed","template":"","meta":{"footnotes":""},"class_list":["post-4211","page","type-page","status-publish","hentry"],"_links":{"self":[{"href":"https:\/\/vesnajanko.eu\/index.php?rest_route=\/wp\/v2\/pages\/4211","targetHints":{"allow":["GET"]}}],"collection":[{"href":"https:\/\/vesnajanko.eu\/index.php?rest_route=\/wp\/v2\/pages"}],"about":[{"href":"https:\/\/vesnajanko.eu\/index.php?rest_route=\/wp\/v2\/types\/page"}],"author":[{"embeddable":true,"href":"https:\/\/vesnajanko.eu\/index.php?rest_route=\/wp\/v2\/users\/1"}],"replies":[{"embeddable":true,"href":"https:\/\/vesnajanko.eu\/index.php?rest_route=%2Fwp%2Fv2%2Fcomments&post=4211"}],"version-history":[{"count":16,"href":"https:\/\/vesnajanko.eu\/index.php?rest_route=\/wp\/v2\/pages\/4211\/revisions"}],"predecessor-version":[{"id":4239,"href":"https:\/\/vesnajanko.eu\/index.php?rest_route=\/wp\/v2\/pages\/4211\/revisions\/4239"}],"up":[{"embeddable":true,"href":"https:\/\/vesnajanko.eu\/index.php?rest_route=\/wp\/v2\/pages\/1083"}],"wp:attachment":[{"href":"https:\/\/vesnajanko.eu\/index.php?rest_route=%2Fwp%2Fv2%2Fmedia&parent=4211"}],"curies":[{"name":"wp","href":"https:\/\/api.w.org\/{rel}","templated":true}]}}