{"id":3291,"date":"2018-05-31T18:06:21","date_gmt":"2018-05-31T17:06:21","guid":{"rendered":"https:\/\/vesnajanko.eu\/?page_id=3291"},"modified":"2025-11-30T16:16:53","modified_gmt":"2025-11-30T15:16:53","slug":"7-67-nesklad-u-regionalnom-razvoju-europe","status":"publish","type":"page","link":"https:\/\/vesnajanko.eu\/?page_id=3291","title":{"rendered":"Razlike u razvijenosti \/ Gradovi i gradski na\u010din \u017eivota"},"content":{"rendered":"\n<p>Rad u <strong><a href=\"https:\/\/nearpod.com\/\" target=\"_blank\" rel=\"noreferrer noopener\">Nearpodu<\/a><\/strong>.<\/p>\n\n\n\n<p class=\"has-medium-font-size\"><a href=\"https:\/\/drive.google.com\/file\/d\/1wDJbZTXyw9C1QAT0Wn7D_ENQtDQa_NB8\/view?usp=drive_link\" target=\"_blank\" rel=\"noreferrer noopener\">PDF prezentacija<\/a><\/p>\n\n\n\n<div style=\"height:44px\" aria-hidden=\"true\" class=\"wp-block-spacer\"><\/div>\n\n\n\n<iframe loading=\"lazy\" width=\"900\" height=\"520\" src=\"https:\/\/app.nearpod.com\/?pin=61E97476D6657470EE41045FD41C0069-1&#038;oc=user-created&#038;utm_source=embed&#038;he=true\" frameborder=\"0\" allowfullscreen=\"\" allow=\"accelerometer *; ambient-light-sensor *; autoplay *; camera *; clipboard-read *; clipboard-write *; encrypted-media *; fullscreen *; geolocation *; gyroscope *; magnetometer *; microphone *; midi *; payment *; picture-in-picture *; screen-wake-lock *; speaker *; sync-xhr *; usb *; web-share *; vibrate *; vr *\"><\/iframe>\n\n\n\n<p class=\"has-pale-cyan-blue-background-color has-background\">Geobilje\u0161ke<\/p>\n\n\n\n<p class=\"has-text-align-center\"><span style=\"text-decoration: underline;\">Razlike u razvijenosti<\/span><\/p>\n\n\n\n<p>-pokazatelji gospodarske razvijenosti: bruto nacionalni dohodak, bruto doma\u0107i proizvod, bruto doma\u0107i proizvod po stanovniku i bruto nacionalni dohodak po stanovniku<br>-litoralizacija &#8211; pod utjecajem industrijalizacije i prometne revolucije sve ve\u0107e zna\u010denje dobivale su obale i naselja na obalama<br>-zapad Europe &#8211; raspola\u017eu sirovnama i energentima, industrijalizacija, nastanak industrijskih regija, prometno povezivanje, pobolj\u0161an \u017eivotni standard, tercijarizacija &#8211; jezgra Europe<br>-istok i jugoistok Europe &#8211; periferija Europe<\/p>\n\n\n\n<!--nextpage-->\n\n\n\n<p class=\"has-large-font-size\">Gradovi i gradski na\u010din \u017eivota<\/p>\n\n\n\n<p class=\"has-medium-font-size\"><strong><a href=\"https:\/\/drive.google.com\/file\/d\/1yxCzKdQi0Ry0eylNkQjwTyoIWUIrlUk7\/view?usp=drive_link\" target=\"_blank\" rel=\"noreferrer noopener\">PDF prezentacija<\/a><\/strong><\/p>\n\n\n\n<div style=\"height:51px\" aria-hidden=\"true\" class=\"wp-block-spacer\"><\/div>\n\n\n\n<p class=\"has-pale-cyan-blue-background-color has-background has-medium-font-size\">Geobilje\u0161ke:<\/p>\n\n\n\n<p><\/p>\n\n\n\n<p class=\"has-text-align-center\"><span style=\"text-decoration: underline;\">Gradovi i gradski na\u010din \u017eivota<\/span><\/p>\n\n\n\n<p>-Udio gradskoga u ukupnome stanovni\u0161tvu nazivamo <strong>stupanj urbanizacije<\/strong>, a proces razvoja gradova i \u0161irenje gradskog na\u010dina \u017eivota jest urbanizacija.<br>-stupanj urbanizacije Europe: 75%<br>-Pod utjecajem industrijalizacije naglo su se smanjili broj i udio zaposlenih u primarnom sektoru (deagrarizacija) i stanovni\u0161tvo je napu\u0161talo sela i preseljavalo se u gradove (deruralizacija).<br>-U poslijeindustrijskoj fazi razvoja gradova nastaju velika urbanizirana podru\u010dja u kojima se izdvajaju sredi\u0161nji grad i urbanizirana okolica s manjim, satelitskim gradovima.<br>-Dobro planiranje kori\u0161tenja raspolo\u017eivim prostorom i upravljanje prostorom sve su ve\u0107i izazov u europskim gradovima, ali i u gradovima izvan Europe.<br>-Gradove \u010diji se utjecaj osje\u0107a u \u0161iroj me\u0111unarodnoj zajednici nazivamo globalni gradovi (London, Pariz, Berlin, Be\u010d, Bruxelles&#8230;).<\/p>\n","protected":false},"excerpt":{"rendered":"<p>Rad u Nearpodu. PDF prezentacija Geobilje\u0161ke Razlike u razvijenosti -pokazatelji gospodarske razvijenosti: bruto nacionalni dohodak, bruto doma\u0107i proizvod, bruto doma\u0107i proizvod po stanovniku i bruto nacionalni dohodak po stanovniku-litoralizacija &#8211; pod utjecajem industrijalizacije i prometne revolucije sve ve\u0107e zna\u010denje dobivale su obale i naselja na obalama-zapad Europe &#8211; raspola\u017eu sirovnama&#8230; <a href=\"https:\/\/vesnajanko.eu\/?page_id=3291\" class=\"readmore\">Vi\u0161e<span class=\"screen-reader-text\">&#8220;Razlike u razvijenosti \/ Gradovi i gradski na\u010din \u017eivota&#8221;<\/span><\/a><\/p>\n","protected":false},"author":1,"featured_media":0,"parent":6278,"menu_order":0,"comment_status":"closed","ping_status":"closed","template":"templates\/page-full-width.php","meta":{"footnotes":""},"class_list":["post-3291","page","type-page","status-publish","hentry"],"_links":{"self":[{"href":"https:\/\/vesnajanko.eu\/index.php?rest_route=\/wp\/v2\/pages\/3291","targetHints":{"allow":["GET"]}}],"collection":[{"href":"https:\/\/vesnajanko.eu\/index.php?rest_route=\/wp\/v2\/pages"}],"about":[{"href":"https:\/\/vesnajanko.eu\/index.php?rest_route=\/wp\/v2\/types\/page"}],"author":[{"embeddable":true,"href":"https:\/\/vesnajanko.eu\/index.php?rest_route=\/wp\/v2\/users\/1"}],"replies":[{"embeddable":true,"href":"https:\/\/vesnajanko.eu\/index.php?rest_route=%2Fwp%2Fv2%2Fcomments&post=3291"}],"version-history":[{"count":48,"href":"https:\/\/vesnajanko.eu\/index.php?rest_route=\/wp\/v2\/pages\/3291\/revisions"}],"predecessor-version":[{"id":10180,"href":"https:\/\/vesnajanko.eu\/index.php?rest_route=\/wp\/v2\/pages\/3291\/revisions\/10180"}],"up":[{"embeddable":true,"href":"https:\/\/vesnajanko.eu\/index.php?rest_route=\/wp\/v2\/pages\/6278"}],"wp:attachment":[{"href":"https:\/\/vesnajanko.eu\/index.php?rest_route=%2Fwp%2Fv2%2Fmedia&parent=3291"}],"curies":[{"name":"wp","href":"https:\/\/api.w.org\/{rel}","templated":true}]}}