{"id":315,"date":"2015-09-08T18:33:45","date_gmt":"2015-09-08T18:33:45","guid":{"rendered":"https:\/\/vesnajanko.eu\/?page_id=315"},"modified":"2024-09-16T16:21:40","modified_gmt":"2024-09-16T15:21:40","slug":"8-02-geografska-sirina-i-duzina","status":"publish","type":"page","link":"https:\/\/vesnajanko.eu\/?page_id=315","title":{"rendered":"Geografska \u0161irina i du\u017eina"},"content":{"rendered":"\n<h4 class=\"wp-block-heading\">Uvod<\/h4>\n\n\n\n<p>Kako prijatelju opisati gdje se nalazi\u0161?<br>Pogled <a href=\"https:\/\/youtu.be\/swKBi6hHHMA\" target=\"_blank\" rel=\"noopener noreferrer\"><strong>video zapis<\/strong><\/a>.<\/p>\n\n\n\n<hr class=\"wp-block-separator has-css-opacity\"\/>\n\n\n\n<h4 class=\"wp-block-heading\">Glavni dio sata<\/h4>\n\n\n\n<p class=\"has-pale-ocean-gradient-background has-background\">Pogledaj <strong><a href=\"https:\/\/docs.google.com\/presentation\/d\/e\/2PACX-1vRuqjvtfsbYNzsOBHlMdZwOdcW_TWYmXoPrX5b80w1zYUphuDTopRzPWwDMOt44fAmt0tQxbkLuDfzw\/pub?start=false&amp;loop=false&amp;delayms=3000\" data-type=\"link\" data-id=\"https:\/\/docs.google.com\/presentation\/d\/e\/2PACX-1vRuqjvtfsbYNzsOBHlMdZwOdcW_TWYmXoPrX5b80w1zYUphuDTopRzPWwDMOt44fAmt0tQxbkLuDfzw\/pub?start=false&amp;loop=false&amp;delayms=3000\" target=\"_blank\" rel=\"noreferrer noopener\">prezentaciju<\/a><\/strong> o geografskoj \u0161irini i du\u017eini.<\/p>\n\n\n\n<iframe loading=\"lazy\" src=\"https:\/\/docs.google.com\/presentation\/d\/1VgSoBmDTt6S1yYvguJ52meJoByERnL6pG7nGJsI1saM\/embed?start=false&#038;loop=false&#038;delayms=60000\" frameborder=\"0\" width=\"1280\" height=\"749\" allowfullscreen=\"true\" mozallowfullscreen=\"true\" webkitallowfullscreen=\"true\"><\/iframe>\n\n\n\n<hr class=\"wp-block-separator has-css-opacity\"\/>\n\n\n\n<p>Pogledaj <a rel=\"noopener noreferrer\" href=\"https:\/\/docs.google.com\/presentation\/d\/e\/2PACX-1vQ7DOwuiermUi9K0wBrqCfnlywpMDII8Ji_59WaSVs6zdK_LDPsNXZYSyvbCdQ7krWA3m1TX4B-158x\/pub?start=false&amp;loop=false&amp;delayms=3000\" target=\"_blank\"><strong>prezentaciju<\/strong><\/a> o GPS-u.<\/p>\n\n\n\n<p><a rel=\"noopener noreferrer\" href=\"https:\/\/youtu.be\/RSA3feQ9gKk\" target=\"_blank\">Video animacija<\/a><\/p>\n\n\n\n<hr class=\"wp-block-separator has-css-opacity\"\/>\n\n\n\n<h4 class=\"wp-block-heading\">Zavr\u0161ni dio sata<\/h4>\n\n\n\n<p>Vje\u017eba za <strong><a href=\"http:\/\/community.fortunecity.ws\/campus\/dana\/1471\/stmreza\/\" target=\"_blank\" rel=\"noopener noreferrer\">ponavljanje<\/a><\/strong><\/p>\n\n\n\n<p class=\"has-very-light-gray-to-cyan-bluish-gray-gradient-background has-background\">Vje\u017eba za <strong><a rel=\"noopener noreferrer\" href=\"http:\/\/www.purposegames.com\/game\/geografska-mreza-2-quiz\" target=\"_blank\">ponavljanje<\/a><\/strong> i provjeru.<\/p>\n\n\n\n<p><strong><a href=\"http:\/\/www.mundivideo.com\/coordinates_chrome.htm\" target=\"_blank\" rel=\"noopener noreferrer\">Prona\u0111i smje\u0161taj<\/a><\/strong> na\u0161e \u0161kole<\/p>\n\n\n\n<p>Odredi krajnje to\u010dke Hrvatske.<\/p>\n\n\n\n<p><a href=\"https:\/\/wordwall.net\/play\/4570\/394\/898\" target=\"_blank\" rel=\"noreferrer noopener\">Vje\u017eba za <strong>prijatelje<\/strong><\/a><\/p>\n\n\n\n<p><a href=\"https:\/\/wordwall.net\/hr\/resource\/21909976\" target=\"_blank\" rel=\"noreferrer noopener\">Geografska \u0161irina i du\u017eina &#8211; vje\u017eba<\/a><\/p>\n\n\n\n<hr class=\"wp-block-separator has-css-opacity\"\/>\n\n\n\n<h4 class=\"wp-block-heading has-pale-cyan-blue-background-color has-background\">Geobilje\u0161ke<\/h4>\n\n\n\n<p class=\"has-text-align-center\"><strong><span style=\"text-decoration: underline;\">Geografska \u0161irina i du\u017eina<\/span><\/strong><\/p>\n\n\n\n<p><a rel=\"noreferrer noopener\" href=\"https:\/\/hr.wikipedia.org\/wiki\/Geografska_mre%C5%BEa\" target=\"_blank\"><strong>geografska mre\u017ea<\/strong><\/a>&nbsp;\u2013 mre\u017ea 360\u00ba meridijana i 180\u00ba paralela<br><strong>geografski smje\u0161taj&nbsp;<\/strong>svake to\u010dke na Zemlji odre\u0111ujemo na geografskoj karti pomo\u0107u&nbsp;<strong>geografske \u0161irine i du\u017eine<\/strong><br><strong><a rel=\"noreferrer noopener\" href=\"https:\/\/upload.wikimedia.org\/wikipedia\/commons\/d\/df\/Dijagram_Zemljopisne_Sirine.PNG\" target=\"_blank\">geografska \u0161irina<\/a>&nbsp;\u2013&nbsp;<\/strong>udaljenost od ekvatora prema sjeveru ili jugu prema polovima za 90\u00b0 (sjeverna i ju\u017ena geografska \u0161irina)<br><strong><a rel=\"noreferrer noopener\" href=\"https:\/\/upload.wikimedia.org\/wikipedia\/commons\/f\/f4\/Longitude_%28PSF%29.png\" target=\"_blank\">geografska du\u017eina<\/a>&nbsp;\u2013&nbsp;<\/strong>udaljenost od po\u010detnog meridijana na istok ili zapad do datumske granice za 180\u00b0 (isto\u010dna i zapadna geografska du\u017eina)<br><strong>geografski smje\u0161taj Hrvatske<\/strong>: sjeverna i isto\u010dna zemljina polutka, sjeverni umjereni toplinski pojas, srednjoeuropska vremenska zona<br><a rel=\"noreferrer noopener\" href=\"https:\/\/hr.wikipedia.org\/wiki\/Globalni_navigacijski_satelitski_sustavi\" target=\"_blank\"><strong>Globalni navigacijski satelitski sustavi<\/strong><\/a>&nbsp;(<strong>GNSS<\/strong>) \u2013 zajedni\u010dki naziv za satelitske navigacijske sustave, a napoznatiji su:<\/p>\n\n\n\n<ul class=\"wp-block-list\">\n<li><strong>GPS<\/strong>&nbsp;(Global Positioning System), Sjedinjene Ameri\u010dke Dr\u017eave<\/li>\n\n\n\n<li><strong>GLONASS<\/strong>, Ruska Federacija<\/li>\n\n\n\n<li><strong>Galileo<\/strong>, Europska unija<\/li>\n\n\n\n<li><strong>Compass<\/strong>, Kina<\/li>\n<\/ul>\n","protected":false},"excerpt":{"rendered":"<p>Uvod Kako prijatelju opisati gdje se nalazi\u0161?Pogled video zapis. Glavni dio sata Pogledaj prezentaciju o geografskoj \u0161irini i du\u017eini. Pogledaj prezentaciju o GPS-u. Video animacija Zavr\u0161ni dio sata Vje\u017eba za ponavljanje Vje\u017eba za ponavljanje i provjeru. Prona\u0111i smje\u0161taj na\u0161e \u0161kole Odredi krajnje to\u010dke Hrvatske. Vje\u017eba za prijatelje Geografska \u0161irina i&#8230; <a href=\"https:\/\/vesnajanko.eu\/?page_id=315\" class=\"readmore\">Vi\u0161e<span class=\"screen-reader-text\">&#8220;Geografska \u0161irina i du\u017eina&#8221;<\/span><\/a><\/p>\n","protected":false},"author":1,"featured_media":0,"parent":7236,"menu_order":1,"comment_status":"closed","ping_status":"closed","template":"templates\/page-full-width.php","meta":{"footnotes":""},"class_list":["post-315","page","type-page","status-publish","hentry"],"_links":{"self":[{"href":"https:\/\/vesnajanko.eu\/index.php?rest_route=\/wp\/v2\/pages\/315","targetHints":{"allow":["GET"]}}],"collection":[{"href":"https:\/\/vesnajanko.eu\/index.php?rest_route=\/wp\/v2\/pages"}],"about":[{"href":"https:\/\/vesnajanko.eu\/index.php?rest_route=\/wp\/v2\/types\/page"}],"author":[{"embeddable":true,"href":"https:\/\/vesnajanko.eu\/index.php?rest_route=\/wp\/v2\/users\/1"}],"replies":[{"embeddable":true,"href":"https:\/\/vesnajanko.eu\/index.php?rest_route=%2Fwp%2Fv2%2Fcomments&post=315"}],"version-history":[{"count":65,"href":"https:\/\/vesnajanko.eu\/index.php?rest_route=\/wp\/v2\/pages\/315\/revisions"}],"predecessor-version":[{"id":9290,"href":"https:\/\/vesnajanko.eu\/index.php?rest_route=\/wp\/v2\/pages\/315\/revisions\/9290"}],"up":[{"embeddable":true,"href":"https:\/\/vesnajanko.eu\/index.php?rest_route=\/wp\/v2\/pages\/7236"}],"wp:attachment":[{"href":"https:\/\/vesnajanko.eu\/index.php?rest_route=%2Fwp%2Fv2%2Fmedia&parent=315"}],"curies":[{"name":"wp","href":"https:\/\/api.w.org\/{rel}","templated":true}]}}