{"id":2922,"date":"2017-11-24T23:17:51","date_gmt":"2017-11-24T22:17:51","guid":{"rendered":"https:\/\/vesnajanko.eu\/?page_id=2922"},"modified":"2021-04-23T14:00:49","modified_gmt":"2021-04-23T13:00:49","slug":"atlas-hrvatska","status":"publish","type":"page","link":"https:\/\/vesnajanko.eu\/?page_id=2922","title":{"rendered":"mGeoAtlas: Hrvatska"},"content":{"rendered":"\n<div class=\"wp-block-buttons is-layout-flex wp-block-buttons-is-layout-flex\">\n<div class=\"wp-block-button\"><a class=\"wp-block-button__link has-vivid-cyan-blue-background-color has-background\" href=\"https:\/\/vesnajanko.eu\/?page_id=839\">mGeoAtlas 2.1<\/a><\/div>\n\n\n\n<div class=\"wp-block-button\"><a class=\"wp-block-button__link has-vivid-cyan-blue-background-color has-background\" href=\"https:\/\/vesnajanko.eu\/?page_id=5567\">Primorska<\/a><\/div>\n\n\n\n<div class=\"wp-block-button\"><a class=\"wp-block-button__link has-white-color has-vivid-cyan-blue-background-color has-text-color has-background\" href=\"https:\/\/vesnajanko.eu\/?page_id=5585\">Gorska<\/a><\/div>\n\n\n\n<div class=\"wp-block-button\"><a class=\"wp-block-button__link has-white-color has-vivid-cyan-blue-background-color has-text-color has-background\" href=\"https:\/\/vesnajanko.eu\/?page_id=5596\">Panonska<\/a><\/div>\n<\/div>\n\n\n\n<hr class=\"wp-block-separator\"\/>\n\n\n\n<h4 class=\"has-white-color has-vivid-cyan-blue-background-color has-text-color has-background wp-block-heading\">Info<\/h4>\n\n\n\n<p class=\"has-medium-font-size\"><strong>Povr\u0161ina<\/strong>: 56.594&nbsp;km\u00b2<br><strong>Broj stanovnika<\/strong>: 4.284.889 (2011.)<br><strong>Glavni grad<\/strong>: Zagreb<br><strong>Dr\u017eavno ure\u0111enje<\/strong>: republika<br><strong>Ustroj<\/strong>: 21 \u017eupanija i Grad Zagreb, 429 op\u0107ina i 127 gradova<\/p>\n\n\n\n<h4 class=\"has-white-color has-vivid-cyan-blue-background-color has-text-color has-background wp-block-heading\">Karte i aplikacije<\/h4>\n\n\n\n<p class=\"has-medium-font-size\"><a href=\"https:\/\/www.scribblemaps.com\/maps\/view\/Topo_Hrvatska\/hrvatska1\" target=\"_blank\" rel=\"noreferrer noopener\">Topografska karta Hrvatske<\/a><\/p>\n\n\n\n<p class=\"has-medium-font-size\"><a rel=\"noreferrer noopener\" href=\"https:\/\/www.scribblemaps.com\/maps\/view\/Klima_Hrvatske\/hrvatska-klima\" target=\"_blank\">Tipovi klima u Hrvatskoj<\/a><\/p>\n\n\n\n<p class=\"has-medium-font-size\"><a rel=\"noreferrer noopener\" href=\"https:\/\/www.scribblemaps.com\/maps\/view\/Industrijska_podru\u010dja\/IndustrijaRH\" target=\"_blank\">Industrijska podru\u010dja Hrvatske<\/a><\/p>\n\n\n\n<hr class=\"wp-block-separator\"\/>\n\n\n\n<p class=\"has-medium-font-size\"><a rel=\"noreferrer noopener\" href=\"https:\/\/www.katastar.hr\/#\/\" target=\"_blank\">Katastarske karte<\/a><\/p>\n\n\n\n<p class=\"has-medium-font-size\"><a rel=\"noreferrer noopener\" href=\"https:\/\/geoportal.dgu.hr\" target=\"_blank\">DGU &#8211; digitalne ortofoto i topografske karte<\/a><\/p>\n\n\n\n<p class=\"has-medium-font-size\"><a rel=\"noreferrer noopener\" href=\"https:\/\/geostat.dzs.hr\" target=\"_blank\">GeoSTAT<\/a><\/p>\n\n\n\n<p class=\"has-medium-font-size\"><a href=\"http:\/\/www.bioportal.hr\/gis\/\" target=\"_blank\" rel=\"noreferrer noopener\">Bioportal &#8211; za\u0161ti\u0107ena priroda<\/a><\/p>\n\n\n\n<h4 class=\"has-white-color has-vivid-cyan-blue-background-color has-text-color has-background wp-block-heading\">Geoigraonica<\/h4>\n\n\n\n<p class=\"has-medium-font-size\"><a rel=\"noreferrer noopener\" href=\"https:\/\/www.purposegames.com\/game\/hrvatska-quiz\" target=\"_blank\">Hrvatska<\/a> 1<\/p>\n\n\n\n<p class=\"has-medium-font-size\"><a rel=\"noreferrer noopener\" href=\"https:\/\/wordwall.net\/hr\/resource\/8587563\" target=\"_blank\">Hrvatska<\/a> 2<\/p>\n\n\n\n<p class=\"has-medium-font-size\"><a href=\"https:\/\/wordwall.net\/hr\/resource\/8870427\" target=\"_blank\" rel=\"noreferrer noopener\">Tipovi klime u Hrvatskoj<\/a><\/p>\n","protected":false},"excerpt":{"rendered":"<p>Info Povr\u0161ina: 56.594&nbsp;km\u00b2Broj stanovnika: 4.284.889 (2011.)Glavni grad: ZagrebDr\u017eavno ure\u0111enje: republikaUstroj: 21 \u017eupanija i Grad Zagreb, 429 op\u0107ina i 127 gradova Karte i aplikacije Topografska karta Hrvatske Tipovi klima u Hrvatskoj Industrijska podru\u010dja Hrvatske Katastarske karte DGU &#8211; digitalne ortofoto i topografske karte GeoSTAT Bioportal &#8211; za\u0161ti\u0107ena priroda Geoigraonica Hrvatska 1&#8230; <a href=\"https:\/\/vesnajanko.eu\/?page_id=2922\" class=\"readmore\">Vi\u0161e<span class=\"screen-reader-text\">&#8220;mGeoAtlas: Hrvatska&#8221;<\/span><\/a><\/p>\n","protected":false},"author":1,"featured_media":0,"parent":839,"menu_order":1,"comment_status":"closed","ping_status":"closed","template":"templates\/page-full-width.php","meta":{"footnotes":""},"class_list":["post-2922","page","type-page","status-publish","hentry"],"_links":{"self":[{"href":"https:\/\/vesnajanko.eu\/index.php?rest_route=\/wp\/v2\/pages\/2922","targetHints":{"allow":["GET"]}}],"collection":[{"href":"https:\/\/vesnajanko.eu\/index.php?rest_route=\/wp\/v2\/pages"}],"about":[{"href":"https:\/\/vesnajanko.eu\/index.php?rest_route=\/wp\/v2\/types\/page"}],"author":[{"embeddable":true,"href":"https:\/\/vesnajanko.eu\/index.php?rest_route=\/wp\/v2\/users\/1"}],"replies":[{"embeddable":true,"href":"https:\/\/vesnajanko.eu\/index.php?rest_route=%2Fwp%2Fv2%2Fcomments&post=2922"}],"version-history":[{"count":24,"href":"https:\/\/vesnajanko.eu\/index.php?rest_route=\/wp\/v2\/pages\/2922\/revisions"}],"predecessor-version":[{"id":6107,"href":"https:\/\/vesnajanko.eu\/index.php?rest_route=\/wp\/v2\/pages\/2922\/revisions\/6107"}],"up":[{"embeddable":true,"href":"https:\/\/vesnajanko.eu\/index.php?rest_route=\/wp\/v2\/pages\/839"}],"wp:attachment":[{"href":"https:\/\/vesnajanko.eu\/index.php?rest_route=%2Fwp%2Fv2%2Fmedia&parent=2922"}],"curies":[{"name":"wp","href":"https:\/\/api.w.org\/{rel}","templated":true}]}}