{"id":2716,"date":"2017-10-17T19:07:59","date_gmt":"2017-10-17T18:07:59","guid":{"rendered":"https:\/\/vesnajanko.eu\/?page_id=2716"},"modified":"2021-01-15T12:40:31","modified_gmt":"2021-01-15T11:40:31","slug":"atlas-svijet","status":"publish","type":"page","link":"https:\/\/vesnajanko.eu\/?page_id=2716","title":{"rendered":"mGeoAtlas: Svijet"},"content":{"rendered":"\n<div class=\"wp-block-buttons is-layout-flex wp-block-buttons-is-layout-flex\">\n<div class=\"wp-block-button\"><a class=\"wp-block-button__link has-vivid-cyan-blue-background-color has-background\" href=\"https:\/\/vesnajanko.eu\/?page_id=839\">mGeoAtlas 2.1<\/a><\/div>\n<\/div>\n\n\n\n<hr class=\"wp-block-separator\"\/>\n\n\n\n<h4 class=\"has-white-color has-vivid-cyan-blue-background-color has-text-color has-background wp-block-heading\">Info<\/h4>\n\n\n\n<p class=\"has-medium-font-size\"><strong>Povr\u0161ina Zemlje<\/strong>: 510 072 000 km\u00b2 (29.2% kopno i 70.8% voda)&nbsp;<br><strong>Prosje\u010dna udaljenost od Sunca<\/strong>: 149 598 261 km<br><strong>Broj stanovnika<\/strong>: 7.5 milijardi (2017.)<br><a href=\"http:\/\/data.un.org\"><strong>UN data &#8211; statisti\u010dki podatci Ujedinjenih naroda<\/strong><\/a><\/p>\n\n\n\n<h4 class=\"has-white-color has-vivid-cyan-blue-background-color has-text-color has-background wp-block-heading\">Karte i aplikacije<\/h4>\n\n\n\n<p class=\"has-medium-font-size\"><a href=\"https:\/\/www.scribblemaps.com\/maps\/view\/Fizi%C4%8Dka_karta_svijeta\/svijet\" target=\"_blank\" rel=\"noreferrer noopener\">Topografska karta svijeta<\/a><\/p>\n\n\n\n<p class=\"has-medium-font-size\"><a rel=\"noreferrer noopener\" href=\"https:\/\/www.scribblemaps.com\/maps\/view\/Politi%C4%8Dka_karta_svijeta\/svijet-polit\" target=\"_blank\">Politi\u010dka (NatGeo) karta svijeta<\/a><\/p>\n\n\n\n<p class=\"has-medium-font-size\"><a rel=\"noreferrer noopener\" href=\"https:\/\/www.arcgis.com\/home\/webmap\/viewer.html?webmap=d51499930ec34891b461e7eddbeab795&amp;extent=-180,-41.7713,180,81.0932\" target=\"_blank\">Vremenske zone<\/a><\/p>\n\n\n\n<p class=\"has-medium-font-size\"><a rel=\"noreferrer noopener\" href=\"https:\/\/www.google.com\/maps\/@44.9654092,17.2349981,7z?hl=hr-HR\" target=\"_blank\">Google karta svijeta<\/a><\/p>\n\n\n\n<p class=\"has-medium-font-size\"><a rel=\"noreferrer noopener\" href=\"https:\/\/www.arcgis.com\/home\/item.html?id=1fb2424660b04505b429e7e3bffc8ab4\" target=\"_blank\">Crtanje profila terena<\/a><\/p>\n\n\n\n<p class=\"has-medium-font-size\"><a rel=\"noreferrer noopener\" href=\"https:\/\/mapmaker.nationalgeographic.org\" target=\"_blank\">NatGeo Mapmaker<\/a><\/p>\n\n\n\n<p class=\"has-medium-font-size\"><a href=\"https:\/\/www.arcgis.com\/home\/webmap\/viewer.html?webmap=48c7bf3859d34271a3cb386053dcd450&amp;extent=-180,-54.4883,180,77.5732\" target=\"_blank\" rel=\"noreferrer noopener\">Gusto\u0107a naseljenosti<\/a><\/p>\n\n\n\n<h4 class=\"has-white-color has-vivid-cyan-blue-background-color has-text-color has-background wp-block-heading\">Geoigraonica<\/h4>\n\n\n\n<p class=\"has-medium-font-size\"><a href=\"https:\/\/www.purposegames.com\/game\/strane-svijeta-game\" target=\"_blank\" rel=\"noreferrer noopener\">Strane svijeta na kompasu<\/a><\/p>\n\n\n\n<p class=\"has-medium-font-size\"><a href=\"https:\/\/www.purposegames.com\/game\/azimut-game\" target=\"_blank\" rel=\"noreferrer noopener\">Azimut<\/a><\/p>\n\n\n\n<p class=\"has-medium-font-size\"><a href=\"https:\/\/www.purposegames.com\/game\/geografska-mreza-2-quiz\" target=\"_blank\" rel=\"noreferrer noopener\">Geografska mre\u017ea<\/a><\/p>\n\n\n\n<p class=\"has-medium-font-size\"><a href=\"https:\/\/www.purposegames.com\/game\/svijet-quiz\" target=\"_blank\" rel=\"noreferrer noopener\">Svijet<\/a><\/p>\n\n\n\n<p class=\"has-medium-font-size\"><a href=\"https:\/\/www.purposegames.com\/game\/zemlja-i-ljudi-quiz\" target=\"_blank\" rel=\"noreferrer noopener\">Zemlja i ljudi<\/a><\/p>\n\n\n\n<p><\/p>\n","protected":false},"excerpt":{"rendered":"<p>Info Povr\u0161ina Zemlje: 510 072 000 km\u00b2 (29.2% kopno i 70.8% voda)&nbsp;Prosje\u010dna udaljenost od Sunca: 149 598 261 kmBroj stanovnika: 7.5 milijardi (2017.)UN data &#8211; statisti\u010dki podatci Ujedinjenih naroda Karte i aplikacije Topografska karta svijeta Politi\u010dka (NatGeo) karta svijeta Vremenske zone Google karta svijeta Crtanje profila terena NatGeo Mapmaker Gusto\u0107a&#8230; <a href=\"https:\/\/vesnajanko.eu\/?page_id=2716\" class=\"readmore\">Vi\u0161e<span class=\"screen-reader-text\">&#8220;mGeoAtlas: Svijet&#8221;<\/span><\/a><\/p>\n","protected":false},"author":1,"featured_media":0,"parent":839,"menu_order":0,"comment_status":"closed","ping_status":"closed","template":"templates\/page-full-width.php","meta":{"footnotes":""},"class_list":["post-2716","page","type-page","status-publish","hentry"],"_links":{"self":[{"href":"https:\/\/vesnajanko.eu\/index.php?rest_route=\/wp\/v2\/pages\/2716","targetHints":{"allow":["GET"]}}],"collection":[{"href":"https:\/\/vesnajanko.eu\/index.php?rest_route=\/wp\/v2\/pages"}],"about":[{"href":"https:\/\/vesnajanko.eu\/index.php?rest_route=\/wp\/v2\/types\/page"}],"author":[{"embeddable":true,"href":"https:\/\/vesnajanko.eu\/index.php?rest_route=\/wp\/v2\/users\/1"}],"replies":[{"embeddable":true,"href":"https:\/\/vesnajanko.eu\/index.php?rest_route=%2Fwp%2Fv2%2Fcomments&post=2716"}],"version-history":[{"count":29,"href":"https:\/\/vesnajanko.eu\/index.php?rest_route=\/wp\/v2\/pages\/2716\/revisions"}],"predecessor-version":[{"id":5643,"href":"https:\/\/vesnajanko.eu\/index.php?rest_route=\/wp\/v2\/pages\/2716\/revisions\/5643"}],"up":[{"embeddable":true,"href":"https:\/\/vesnajanko.eu\/index.php?rest_route=\/wp\/v2\/pages\/839"}],"wp:attachment":[{"href":"https:\/\/vesnajanko.eu\/index.php?rest_route=%2Fwp%2Fv2%2Fmedia&parent=2716"}],"curies":[{"name":"wp","href":"https:\/\/api.w.org\/{rel}","templated":true}]}}