{"id":2438,"date":"2017-05-25T19:58:30","date_gmt":"2017-05-25T18:58:30","guid":{"rendered":"https:\/\/vesnajanko.eu\/?page_id=2438"},"modified":"2025-05-07T08:39:39","modified_gmt":"2025-05-07T07:39:39","slug":"6-65-australija-ponavljanje","status":"publish","type":"page","link":"https:\/\/vesnajanko.eu\/?page_id=2438","title":{"rendered":"Australija"},"content":{"rendered":"\n<h3 class=\"wp-block-heading has-medium-font-size\">Australija &#8211; prirodno-geografska obilje\u017eja<\/h3>\n\n\n\n<p><a href=\"https:\/\/youtu.be\/XfR9iY5y94s?si=FGd-CkOLCLqA0pyn\" target=\"_blank\" rel=\"noreferrer noopener\">Pogledaj glazbeni video <\/a><\/p>\n\n\n\n<iframe loading=\"lazy\" src=\"https:\/\/docs.google.com\/presentation\/d\/e\/2PACX-1vR65e5dTAN8ovy7D4vAt9Uq0Spos4CMhUKcmHc8nnp6UsSVEK1sYjPc49768EfGxSnCnbrJjmDXnHWc\/pubembed?start=false&#038;loop=false&#038;delayms=3000\" frameborder=\"0\" width=\"960\" height=\"569\" allowfullscreen=\"true\" mozallowfullscreen=\"true\" webkitallowfullscreen=\"true\"><\/iframe>\n\n\n\n<div style=\"height:51px\" aria-hidden=\"true\" class=\"wp-block-spacer\"><\/div>\n\n\n\n<p><a href=\"https:\/\/youtu.be\/V8Rqdqy1Tp4\" target=\"_blank\" rel=\"noreferrer noopener\">Pogledaj videolekciju \u0160kole za \u017eivot<\/a> ili pro\u010ditaj tekst u ud\u017ebeniku str. 182. &#8211; 188.<\/p>\n\n\n\n<p><a href=\"https:\/\/wordwall.net\/hr\/resource\/2558755\" target=\"_blank\" rel=\"noreferrer noopener\">Australija &#8211; vje\u017eba na karti<\/a>.<\/p>\n\n\n\n<!--nextpage-->\n\n\n\n<hr class=\"wp-block-separator has-css-opacity\"\/>\n\n\n\n<h3 class=\"wp-block-heading has-medium-font-size\">Australija &#8211; stanovni\u0161tvo i gospodarstvo<\/h3>\n\n\n\n<p><a rel=\"noreferrer noopener\" href=\"https:\/\/youtu.be\/6E_p80D-_64\" target=\"_blank\">Pogledaj videolekciju \u0160kole za \u017eivot<\/a> ili pro\u010ditaj tekst u ud\u017ebeniku 189. &#8211; 194.<\/p>\n\n\n\n<iframe loading=\"lazy\" src=\"https:\/\/docs.google.com\/presentation\/d\/e\/2PACX-1vSAi9CGgoYtsMMK-ARUfpfAsV6aMwEIVStyOZefg5Zgr35A1syVu9zTYDpiQ5vhoCaMRzADgWKuitY3\/pubembed?start=false&#038;loop=false&#038;delayms=3000\" frameborder=\"0\" width=\"960\" height=\"569\" allowfullscreen=\"true\" mozallowfullscreen=\"true\" webkitallowfullscreen=\"true\"><\/iframe>\n\n\n\n<hr class=\"wp-block-separator has-css-opacity\"\/>\n\n\n\n<p class=\"has-medium-font-size\"><a href=\"https:\/\/forms.gle\/dUwEamCiprSUor6RA\" target=\"_blank\" rel=\"noreferrer noopener\">Odgovori na pitanja o gospodarstvu, rad u paru ili skupini<\/a><\/p>\n\n\n\n<h4 class=\"wp-block-heading has-pale-cyan-blue-background-color has-background\"><a href=\"https:\/\/docs.google.com\/document\/d\/e\/2PACX-1vTltFdumY8PBwakzpuBS6PpauZCCsmEQzKhD904uyQqZ1k60Tcdoq4oVAtVeN4tyXKkcZ2XvbcDY2mG\/pub\" target=\"_blank\" rel=\"noreferrer noopener\">Geobilje\u017enica<\/a><\/h4>\n","protected":false},"excerpt":{"rendered":"<p>Australija &#8211; prirodno-geografska obilje\u017eja Pogledaj glazbeni video Pogledaj videolekciju \u0160kole za \u017eivot ili pro\u010ditaj tekst u ud\u017ebeniku str. 182. &#8211; 188. Australija &#8211; vje\u017eba na karti.<\/p>\n","protected":false},"author":1,"featured_media":0,"parent":7248,"menu_order":0,"comment_status":"closed","ping_status":"closed","template":"templates\/page-full-width.php","meta":{"footnotes":""},"class_list":["post-2438","page","type-page","status-publish","hentry"],"_links":{"self":[{"href":"https:\/\/vesnajanko.eu\/index.php?rest_route=\/wp\/v2\/pages\/2438","targetHints":{"allow":["GET"]}}],"collection":[{"href":"https:\/\/vesnajanko.eu\/index.php?rest_route=\/wp\/v2\/pages"}],"about":[{"href":"https:\/\/vesnajanko.eu\/index.php?rest_route=\/wp\/v2\/types\/page"}],"author":[{"embeddable":true,"href":"https:\/\/vesnajanko.eu\/index.php?rest_route=\/wp\/v2\/users\/1"}],"replies":[{"embeddable":true,"href":"https:\/\/vesnajanko.eu\/index.php?rest_route=%2Fwp%2Fv2%2Fcomments&post=2438"}],"version-history":[{"count":24,"href":"https:\/\/vesnajanko.eu\/index.php?rest_route=\/wp\/v2\/pages\/2438\/revisions"}],"predecessor-version":[{"id":9963,"href":"https:\/\/vesnajanko.eu\/index.php?rest_route=\/wp\/v2\/pages\/2438\/revisions\/9963"}],"up":[{"embeddable":true,"href":"https:\/\/vesnajanko.eu\/index.php?rest_route=\/wp\/v2\/pages\/7248"}],"wp:attachment":[{"href":"https:\/\/vesnajanko.eu\/index.php?rest_route=%2Fwp%2Fv2%2Fmedia&parent=2438"}],"curies":[{"name":"wp","href":"https:\/\/api.w.org\/{rel}","templated":true}]}}