{"id":2385,"date":"2017-04-23T14:11:47","date_gmt":"2017-04-23T13:11:47","guid":{"rendered":"https:\/\/vesnajanko.eu\/?page_id=2385"},"modified":"2025-04-28T06:44:57","modified_gmt":"2025-04-28T05:44:57","slug":"6-55-sjedinjene-americke-drzave","status":"publish","type":"page","link":"https:\/\/vesnajanko.eu\/?page_id=2385","title":{"rendered":"Sjedinjene Ameri\u010dke Dr\u017eave"},"content":{"rendered":"\n<p><span style=\"text-decoration: underline;\">Uvod<\/span><\/p>\n\n\n\n<p>\u0160to ti prvo <em>padne na pamet<\/em> kada netko ka\u017ee Sjedinjene Ameri\u010dke Dr\u017eave?<br><a href=\"https:\/\/answergarden.ch\/1194175\" target=\"_blank\" rel=\"noreferrer noopener\">Napi\u0161i ovdje<\/a>.<\/p>\n\n\n\n<p><span style=\"text-decoration: underline;\">Glavni dio sata<\/span><\/p>\n\n\n\n<p>Za\u0161to su Sjedinjene Ameri\u010dke Dr\u017eave gospodarska, politi\u010dka i vojna velesila svijeta?<\/p>\n\n\n\n<p>Pro\u010ditaj tekst ud\u017ebenika od 175. do 181. stranice.<\/p>\n\n\n\n<iframe loading=\"lazy\" src=\"https:\/\/docs.google.com\/presentation\/d\/e\/2PACX-1vRN0jqNqBwU5tzIR0Wf5SYi2iwUHvf7emPHdr_e9yMJzWa8UdIHw29R9R0ZA76XkUgb6gASIMjH1Wbr\/pubembed?start=false&#038;loop=false&#038;delayms=3000\" frameborder=\"0\" width=\"960\" height=\"569\" allowfullscreen=\"true\" mozallowfullscreen=\"true\" webkitallowfullscreen=\"true\"><\/iframe>\n\n\n\n<div style=\"height:68px\" aria-hidden=\"true\" class=\"wp-block-spacer\"><\/div>\n\n\n\n<p><span style=\"text-decoration: underline;\">Zaklju\u010dni dio sata<\/span><\/p>\n\n\n\n<p class=\"has-very-light-gray-to-cyan-bluish-gray-gradient-background has-background\">ZADATAK<br>U paru ili samostalno istra\u017ei, prona\u0111i na karti i opi\u0161i pet (5) zanimljivih \u010dinjenica o:<br>&#8211; jednom nacionalnom parku SAD-a<br>&#8211; jednom velegradu SAD-a<br>&#8211; cesti Route 66<br>&#8211; Hrvatima u SAD-u.<\/p>\n\n\n\n<iframe loading=\"lazy\" src=\"https:\/\/docs.google.com\/forms\/d\/e\/1FAIpQLSf1Y8tOmSUVDWTtIQek_J8ukBZ2awLGXCaVyc62sSbwVey2hA\/viewform?embedded=true\" width=\"840\" height=\"665\" frameborder=\"0\" marginheight=\"0\" marginwidth=\"0\">U\u010ditavanje\u2026<\/iframe>\n\n\n\n<hr class=\"wp-block-separator has-css-opacity\"\/>\n\n\n\n<h4 class=\"wp-block-heading has-pale-cyan-blue-background-color has-background\"><a href=\"https:\/\/docs.google.com\/document\/d\/e\/2PACX-1vQ3jIgVV5ZUVjBSgmcQFdgTNerbTOLz7UKCHCF0TQUVM822RPw12z6UXl5NKNMqiHVCL81PWBMEzymK\/pub\" data-type=\"link\" data-id=\"https:\/\/docs.google.com\/document\/d\/e\/2PACX-1vQ3jIgVV5ZUVjBSgmcQFdgTNerbTOLz7UKCHCF0TQUVM822RPw12z6UXl5NKNMqiHVCL81PWBMEzymK\/pub\" target=\"_blank\" rel=\"noreferrer noopener\">Geobilje\u017enica<\/a> <strong>klikni<\/strong><\/h4>\n","protected":false},"excerpt":{"rendered":"<p>Uvod \u0160to ti prvo padne na pamet kada netko ka\u017ee Sjedinjene Ameri\u010dke Dr\u017eave?Napi\u0161i ovdje. Glavni dio sata Za\u0161to su Sjedinjene Ameri\u010dke Dr\u017eave gospodarska, politi\u010dka i vojna velesila svijeta? Pro\u010ditaj tekst ud\u017ebenika od 175. do 181. stranice. Zaklju\u010dni dio sata ZADATAKU paru ili samostalno istra\u017ei, prona\u0111i na karti i opi\u0161i pet&#8230; <a href=\"https:\/\/vesnajanko.eu\/?page_id=2385\" class=\"readmore\">Vi\u0161e<span class=\"screen-reader-text\">&#8220;Sjedinjene Ameri\u010dke Dr\u017eave&#8221;<\/span><\/a><\/p>\n","protected":false},"author":1,"featured_media":0,"parent":7248,"menu_order":0,"comment_status":"closed","ping_status":"closed","template":"templates\/page-full-width.php","meta":{"footnotes":""},"class_list":["post-2385","page","type-page","status-publish","hentry"],"_links":{"self":[{"href":"https:\/\/vesnajanko.eu\/index.php?rest_route=\/wp\/v2\/pages\/2385","targetHints":{"allow":["GET"]}}],"collection":[{"href":"https:\/\/vesnajanko.eu\/index.php?rest_route=\/wp\/v2\/pages"}],"about":[{"href":"https:\/\/vesnajanko.eu\/index.php?rest_route=\/wp\/v2\/types\/page"}],"author":[{"embeddable":true,"href":"https:\/\/vesnajanko.eu\/index.php?rest_route=\/wp\/v2\/users\/1"}],"replies":[{"embeddable":true,"href":"https:\/\/vesnajanko.eu\/index.php?rest_route=%2Fwp%2Fv2%2Fcomments&post=2385"}],"version-history":[{"count":37,"href":"https:\/\/vesnajanko.eu\/index.php?rest_route=\/wp\/v2\/pages\/2385\/revisions"}],"predecessor-version":[{"id":9945,"href":"https:\/\/vesnajanko.eu\/index.php?rest_route=\/wp\/v2\/pages\/2385\/revisions\/9945"}],"up":[{"embeddable":true,"href":"https:\/\/vesnajanko.eu\/index.php?rest_route=\/wp\/v2\/pages\/7248"}],"wp:attachment":[{"href":"https:\/\/vesnajanko.eu\/index.php?rest_route=%2Fwp%2Fv2%2Fmedia&parent=2385"}],"curies":[{"name":"wp","href":"https:\/\/api.w.org\/{rel}","templated":true}]}}