{"id":202,"date":"2015-09-05T17:38:49","date_gmt":"2015-09-05T17:38:49","guid":{"rendered":"https:\/\/vesnajanko.eu\/?page_id=202"},"modified":"2025-09-17T12:19:43","modified_gmt":"2025-09-17T11:19:43","slug":"8-01-geografija-u-8-razredu","status":"publish","type":"page","link":"https:\/\/vesnajanko.eu\/?page_id=202","title":{"rendered":"Geografija u 8. razredu"},"content":{"rendered":"\n<h4 class=\"wp-block-heading\">Uvod<\/h4>\n\n\n\n<p>Pogledaj <a href=\"https:\/\/youtu.be\/FgMi9xsY-Ew\" target=\"_blank\" rel=\"noopener noreferrer\"><strong>video zapis<\/strong><\/a>.<\/p>\n\n\n\n<hr class=\"wp-block-separator has-css-opacity\"\/>\n\n\n\n<h4 class=\"wp-block-heading\">Glavni dio sata<\/h4>\n\n\n\n<p>Dogovor o radu u U\u010dionici budu\u0107nosti<\/p>\n\n\n\n<p>Kriteriji ocjenjivanja, vrednovanja i pra\u0107enja<\/p>\n\n\n\n<p>Upoznavanje s nastavnim planom<\/p>\n\n\n\n<p>Potreban pribor za rad i aplikacije<\/p>\n\n\n\n<ul class=\"wp-block-list\">\n<li>Ud\u017ebenik<\/li>\n\n\n\n<li>Bilje\u017enica<\/li>\n\n\n\n<li>Atlas <\/li>\n<\/ul>\n\n\n\n<hr class=\"wp-block-separator has-css-opacity\"\/>\n\n\n\n<h4 class=\"wp-block-heading\">Zavr\u0161ni dio sata<\/h4>\n\n\n\n<p class=\"has-very-light-gray-to-cyan-bluish-gray-gradient-background has-background\"><a href=\"https:\/\/forms.gle\/M8uVQk41gVmb51dZ7\" target=\"_blank\" rel=\"noopener noreferrer\"><strong>Ponavljanje znanja 7. razreda kroz kviz igru<\/strong><\/a><\/p>\n","protected":false},"excerpt":{"rendered":"<p>Uvod Pogledaj video zapis. Glavni dio sata Dogovor o radu u U\u010dionici budu\u0107nosti Kriteriji ocjenjivanja, vrednovanja i pra\u0107enja Upoznavanje s nastavnim planom Potreban pribor za rad i aplikacije Zavr\u0161ni dio sata Ponavljanje znanja 7. razreda kroz kviz igru<\/p>\n","protected":false},"author":1,"featured_media":0,"parent":7094,"menu_order":0,"comment_status":"closed","ping_status":"closed","template":"","meta":{"footnotes":""},"class_list":["post-202","page","type-page","status-publish","hentry"],"_links":{"self":[{"href":"https:\/\/vesnajanko.eu\/index.php?rest_route=\/wp\/v2\/pages\/202","targetHints":{"allow":["GET"]}}],"collection":[{"href":"https:\/\/vesnajanko.eu\/index.php?rest_route=\/wp\/v2\/pages"}],"about":[{"href":"https:\/\/vesnajanko.eu\/index.php?rest_route=\/wp\/v2\/types\/page"}],"author":[{"embeddable":true,"href":"https:\/\/vesnajanko.eu\/index.php?rest_route=\/wp\/v2\/users\/1"}],"replies":[{"embeddable":true,"href":"https:\/\/vesnajanko.eu\/index.php?rest_route=%2Fwp%2Fv2%2Fcomments&post=202"}],"version-history":[{"count":17,"href":"https:\/\/vesnajanko.eu\/index.php?rest_route=\/wp\/v2\/pages\/202\/revisions"}],"predecessor-version":[{"id":10081,"href":"https:\/\/vesnajanko.eu\/index.php?rest_route=\/wp\/v2\/pages\/202\/revisions\/10081"}],"up":[{"embeddable":true,"href":"https:\/\/vesnajanko.eu\/index.php?rest_route=\/wp\/v2\/pages\/7094"}],"wp:attachment":[{"href":"https:\/\/vesnajanko.eu\/index.php?rest_route=%2Fwp%2Fv2%2Fmedia&parent=202"}],"curies":[{"name":"wp","href":"https:\/\/api.w.org\/{rel}","templated":true}]}}