{"id":195,"date":"2015-09-05T17:27:20","date_gmt":"2015-09-05T17:27:20","guid":{"rendered":"https:\/\/vesnajanko.eu\/?page_id=195"},"modified":"2025-09-18T16:29:13","modified_gmt":"2025-09-18T15:29:13","slug":"7-02","status":"publish","type":"page","link":"https:\/\/vesnajanko.eu\/?page_id=195","title":{"rendered":"Granice, geografski smje\u0161taj i polo\u017eaj; Europske regije"},"content":{"rendered":"\n<p class=\"has-medium-font-size\">Kontinent na kojem \u017eivimo, str. 8.<\/p>\n\n\n\n<ul style=\"background-color:#fcb90066\" class=\"wp-block-list has-background\">\n<li class=\"has-small-font-size\">opisuje granice i geografski smje\u0161taj Europe s pomo\u0107u geografske karte<\/li>\n\n\n\n<li class=\"has-small-font-size\">obrazla\u017ee geografski polo\u017eaj Europe i njegove posljedice<\/li>\n<\/ul>\n\n\n\n<div style=\"height:34px\" aria-hidden=\"true\" class=\"wp-block-spacer\"><\/div>\n\n\n\n<p>\u0160to je kontinent? Vrijedi li ta definicija za sve kontinente?<\/p>\n\n\n\n<p class=\"has-text-align-right\"><a href=\"https:\/\/www.scribblemaps.com\/maps\/view\/Granice_Europe\/hBQhUYaDVG\" target=\"_blank\" rel=\"noreferrer noopener\">Karta granica Europe<\/a><\/p>\n\n\n\n<hr class=\"wp-block-separator has-css-opacity\"\/>\n\n\n\n<p class=\"has-pale-ocean-gradient-background has-background\"><a href=\"https:\/\/docs.google.com\/presentation\/d\/e\/2PACX-1vQEz90_ip-AHUUc3qCWG-EmWUU3r6MVKQlICecqtrSN68s0GXJN3EzDeGJ5nrC8wVa41Dt8ECfny1Zn\/pub?start=false&amp;loop=false&amp;delayms=3000\" data-type=\"link\" data-id=\"https:\/\/docs.google.com\/presentation\/d\/e\/2PACX-1vQEz90_ip-AHUUc3qCWG-EmWUU3r6MVKQlICecqtrSN68s0GXJN3EzDeGJ5nrC8wVa41Dt8ECfny1Zn\/pub?start=false&amp;loop=false&amp;delayms=3000\" target=\"_blank\" rel=\"noreferrer noopener\">Pogledaj prezentaciju ovdje<\/a>.<\/p>\n\n\n\n<iframe loading=\"lazy\" src=\"https:\/\/docs.google.com\/presentation\/d\/1s-zf9GcYCsFHGUM2ioU217z9XW_nfAhH-AykcoHiyz0\/embed?start=false&#038;loop=false&#038;delayms=3000\" frameborder=\"0\" width=\"960\" height=\"569\" allowfullscreen=\"true\" mozallowfullscreen=\"true\" webkitallowfullscreen=\"true\"><\/iframe>\n\n\n\n<hr class=\"wp-block-separator has-css-opacity\"\/>\n\n\n\n<p class=\"has-white-background-color has-background\"><a rel=\"noreferrer noopener\" href=\"https:\/\/wordwall.net\/hr\/resource\/35639224\" target=\"_blank\">Granice Europe &#8211; vje\u017eba<\/a> (Wordwall remix from Alenkrmpotic1)<\/p>\n\n\n\n<p class=\"has-blush-light-purple-gradient-background has-background\"><a href=\"https:\/\/www.e-sfera.hr\/dodatni-digitalni-sadrzaji\/4d3527c5-a082-4491-93ab-b07b00932915\/\">Za Geogenijalce &#8211; eSfera<\/a><\/p>\n\n\n\n<h4 class=\"wp-block-heading has-pale-cyan-blue-background-color has-background\">Geobilje\u0161ke &#8211; bilje\u0161ke za u\u010denike<\/h4>\n\n\n\n<p class=\"has-text-align-center\">PRIRODNO-GEOGRAFSKA OBILJE\u017dJA<br><strong>Granice, geografski smje\u0161taj i polo\u017eaj<\/strong> <strong>Europe<\/strong><\/p>\n\n\n\n<p>\u2013 Europa \u2013 dio Euroazije<br>\u2013 dogovorena granica: Ural (gorje i rijeka), obala Kaspijskog jezera, Veliki Kavkaz, Crno more, Bospor, Dardaneli<\/p>\n\n\n\n<ul class=\"wp-block-list\">\n<li>povr\u0161ina: 10 mil. km<sup>2<\/sup>&nbsp;(dogovorene granice), 5,9 mil. km<sup>2<\/sup>&nbsp;(politi\u010dke granice)<\/li>\n\n\n\n<li>dr\u017eave: 44 (politi\u010dke granice) + euroazijske dr\u017eave (Ruska Federacija, Turska, Kazahstan)<\/li>\n\n\n\n<li>\u0161esti kontinet prema povr\u0161ini<\/li>\n\n\n\n<li>geografski smje\u0161taj:\n<ul class=\"wp-block-list\">\n<li>Kinnarodden&nbsp;71\u00b008\u2019 S (nejsjevernija to\u010dka)<\/li>\n\n\n\n<li>Rt Tarifa 36\u00b0 S (najju\u017enija to\u010dka)<\/li>\n\n\n\n<li>Rt da Roca 9\u00b030\u2019 Z (najzapadnija to\u010dka)<\/li>\n\n\n\n<li>Sjeverni Ural 68\u00b05\u2019 I (najisto\u010dnija to\u010dka)<\/li>\n<\/ul>\n<\/li>\n\n\n\n<li>\u010detiri vremenske zone<\/li>\n\n\n\n<li>geografski polo\u017eaj \u2013 sredi\u0161nji polo\u017eaj na sjevernoj polutki, prometna va\u017enost kontinenta<\/li>\n<\/ul>\n\n\n\n<div style=\"height:59px\" aria-hidden=\"true\" class=\"wp-block-spacer\"><\/div>\n\n\n\n<!--nextpage-->\n\n\n\n<p class=\"has-text-align-center has-medium-font-size\"><strong>Europske regije<\/strong><\/p>\n\n\n\n<ul style=\"background-color:#fcb90066\" class=\"wp-block-list has-background\">\n<li class=\"has-small-font-size\">opisuje i uspore\u0111uje geografske posebnosti europskih regija<\/li>\n\n\n\n<li class=\"has-small-font-size\">navodi dr\u017eave prema pripadnosti europskim regijama uz pomo\u0107 geografske karte<\/li>\n<\/ul>\n\n\n\n<div style=\"height:33px\" aria-hidden=\"true\" class=\"wp-block-spacer\"><\/div>\n\n\n\n<iframe loading=\"lazy\" src=\"https:\/\/docs.google.com\/presentation\/d\/1zkPMcfcjbEvH40wdf4biLMf5JPgDB3c5Kek8KLn0D3s\/embed?start=false&#038;loop=false&#038;delayms=3000\" frameborder=\"0\" width=\"960\" height=\"569\" allowfullscreen=\"true\" mozallowfullscreen=\"true\" webkitallowfullscreen=\"true\"><\/iframe>\n\n\n\n<div style=\"height:61px\" aria-hidden=\"true\" class=\"wp-block-spacer\"><\/div>\n\n\n\n<p class=\"has-pale-cyan-blue-background-color has-background\"><strong>Geobil<\/strong>je\u0161ke<\/p>\n\n\n\n<p class=\"has-text-align-center\"><span style=\"text-decoration: underline;\">Europske regije<\/span><\/p>\n\n\n\n<p>ZAPADNA EUROPA \u2013 najgu\u0161\u0107e naseljena regija,&nbsp;po\u010detci industrijalizacije i urbanizacije<br>\u2013 visoka razvijenost \u2192 imigracija<br>\u2013 po\u010deci integriranja Europe<\/p>\n\n\n\n<p>SJEVERNA EUROPA \u2013 najrje\u0111e naseljena regija, usmjerenost na more<br>\u2013 velike razlike u razvijenosti<\/p>\n\n\n\n<p>SREDNJA EUROPA \u2013 sredi\u0161nji prometni polo\u017eaj<br>\u2013 dodir oceanskih i kontinentskih utjecaja<br>\u2013 razlike u razvijenosti<\/p>\n\n\n\n<p>JU\u017dNA EUROPA \u2013 usmjerenost na Sredozemno more, anti\u010dke civilizacije<br>\u2013 suvremena industrija i tercijarni sektor<\/p>\n\n\n\n<p>JUGOISTO\u010cNA EUROPA \u2013 veza Europe i Jugozapadne Azije<br>\u2013 politi\u010dka nestabilnost<\/p>\n\n\n\n<p>ISTO\u010cNA EUROPA \u2013 najve\u0107a i najslabije razvijena regija<\/p>\n","protected":false},"excerpt":{"rendered":"<p>Kontinent na kojem \u017eivimo, str. 8. \u0160to je kontinent? Vrijedi li ta definicija za sve kontinente? Karta granica Europe Pogledaj prezentaciju ovdje. Granice Europe &#8211; vje\u017eba (Wordwall remix from Alenkrmpotic1) Za Geogenijalce &#8211; eSfera Geobilje\u0161ke &#8211; bilje\u0161ke za u\u010denike PRIRODNO-GEOGRAFSKA OBILJE\u017dJAGranice, geografski smje\u0161taj i polo\u017eaj Europe \u2013 Europa \u2013 dio&#8230; <a href=\"https:\/\/vesnajanko.eu\/?page_id=195\" class=\"readmore\">Vi\u0161e<span class=\"screen-reader-text\">&#8220;Granice, geografski smje\u0161taj i polo\u017eaj; Europske regije&#8221;<\/span><\/a><\/p>\n","protected":false},"author":1,"featured_media":0,"parent":6337,"menu_order":1,"comment_status":"closed","ping_status":"closed","template":"templates\/page-full-width.php","meta":{"footnotes":""},"class_list":["post-195","page","type-page","status-publish","hentry"],"_links":{"self":[{"href":"https:\/\/vesnajanko.eu\/index.php?rest_route=\/wp\/v2\/pages\/195","targetHints":{"allow":["GET"]}}],"collection":[{"href":"https:\/\/vesnajanko.eu\/index.php?rest_route=\/wp\/v2\/pages"}],"about":[{"href":"https:\/\/vesnajanko.eu\/index.php?rest_route=\/wp\/v2\/types\/page"}],"author":[{"embeddable":true,"href":"https:\/\/vesnajanko.eu\/index.php?rest_route=\/wp\/v2\/users\/1"}],"replies":[{"embeddable":true,"href":"https:\/\/vesnajanko.eu\/index.php?rest_route=%2Fwp%2Fv2%2Fcomments&post=195"}],"version-history":[{"count":64,"href":"https:\/\/vesnajanko.eu\/index.php?rest_route=\/wp\/v2\/pages\/195\/revisions"}],"predecessor-version":[{"id":10089,"href":"https:\/\/vesnajanko.eu\/index.php?rest_route=\/wp\/v2\/pages\/195\/revisions\/10089"}],"up":[{"embeddable":true,"href":"https:\/\/vesnajanko.eu\/index.php?rest_route=\/wp\/v2\/pages\/6337"}],"wp:attachment":[{"href":"https:\/\/vesnajanko.eu\/index.php?rest_route=%2Fwp%2Fv2%2Fmedia&parent=195"}],"curies":[{"name":"wp","href":"https:\/\/api.w.org\/{rel}","templated":true}]}}