{"id":1738,"date":"2017-01-07T23:19:43","date_gmt":"2017-01-07T22:19:43","guid":{"rendered":"https:\/\/vesnajanko.eu\/?page_id=1738"},"modified":"2017-11-20T18:14:21","modified_gmt":"2017-11-20T17:14:21","slug":"arcgis-online","status":"publish","type":"page","link":"https:\/\/vesnajanko.eu\/?page_id=1738","title":{"rendered":"Atlas Arhiva"},"content":{"rendered":"<p>Karte su izra\u0111ene u servisima: ArcGIS Online, Google MyMaps, NatGeo MapMaker Interactive<\/p>\n<h5>SVIJET<\/h5>\n<p><a href=\"http:\/\/mapmaker.nationalgeographic.org\/cEC4aJkP7xCkDi1KLuLaGz\/\" target=\"_blank\" rel=\"noopener\"><strong>Karta svijeta<\/strong><\/a> &#8211; NG<\/p>\n<p><a href=\"http:\/\/arcg.is\/2jh5Gne\" target=\"_blank\" rel=\"noopener\"><strong>Fizi\u010dka karta svijeta<\/strong><\/a> &#8211;<\/p>\n<p><a href=\"http:\/\/arcg.is\/2jh8Bwf\" target=\"_blank\" rel=\"noopener\"><strong>Vremenske zone<\/strong><\/a> &#8211;<\/p>\n<p><a href=\"http:\/\/arcg.is\/2jhiR7R\" target=\"_blank\" rel=\"noopener\"><strong>Gusto\u0107a naseljenosti<\/strong><\/a> &#8211; \u010detiri kruga najve\u0107e naseljenosti<\/p>\n<h5>AZIJA<\/h5>\n<p><a href=\"http:\/\/arcg.is\/2jhkylG\" target=\"_blank\" rel=\"noopener\"><strong>Koli\u010dina oborina i gusto\u0107a naseljenosti<\/strong><\/a> &#8211; monsunska Azija<\/p>\n<p><a href=\"https:\/\/drive.google.com\/open?id=1WZJCuRkq2V8K9Lw8lMFkB7PnAXQ&amp;usp=sharing\" target=\"_blank\" rel=\"noopener\"><strong>Japan<\/strong><\/a> &#8211; otoci<\/p>\n<h5>AFRIKA<\/h5>\n<p><a href=\"http:\/\/arcg.is\/2iUApKd\" target=\"_blank\" rel=\"noopener\"><strong>Fizi\u010dka karta Afrike<\/strong><\/a> &#8211; visoka i niska Afrika, Velika rasjedna dolina<\/p>\n<p><a href=\"https:\/\/drive.google.com\/open?id=1qMkV_hvnxYNbkUyJF3qpArpCgNc&amp;usp=sharing\" target=\"_blank\" rel=\"noopener\"><strong>Jezera u Africi<\/strong><\/a> &#8211;<\/p>\n<p><a href=\"https:\/\/drive.google.com\/open?id=11zhjLEePXl0ZOqQc6yv2bansA0Y&amp;usp=sharing\" target=\"_blank\" rel=\"noopener\"><strong>Turizam Afrike<\/strong><\/a> &#8211;<\/p>\n<h5>AMERIKA<\/h5>\n<p><a href=\"https:\/\/drive.google.com\/open?id=1L46WQjxLPIblfUHw8Ayc6vClQ5M&amp;usp=sharing\" target=\"_blank\" rel=\"noopener\"><strong>Reljef i vode Amerike<\/strong><\/a> &#8211; Google Street View<\/p>\n<h5>AUSTRALIJA I OCEANIJA<\/h5>\n<p><a href=\"https:\/\/drive.google.com\/open?id=1GlAo2f9C7GGRlY5nxnszM1ioek8&amp;usp=sharing\" target=\"_blank\" rel=\"noopener\"><strong>Australija<\/strong><\/a> &#8211; Google Street View<\/p>\n<h5>EUROPA<\/h5>\n<p><a href=\"http:\/\/arcg.is\/2jh8nFp\" target=\"_blank\" rel=\"noopener\"><strong>Balti\u010dke zemlje<\/strong><\/a> &#8211; BDP, promet, naftovodi i plinovodi<\/p>\n<p><a href=\"https:\/\/drive.google.com\/open?id=19efwrgTT5Bv2nEpcJu10l00O0L8&amp;usp=sharing\" target=\"_blank\" rel=\"noopener\"><strong>Italija<\/strong><\/a> &#8211; Google Street View<\/p>\n<p><strong><a href=\"https:\/\/drive.google.com\/open?id=1dFjXtjUosJkJrqt1O2Bu935xIQg&amp;usp=sharing\" target=\"_blank\" rel=\"noopener\">Bosna i Hercegovina, Crna Gora<\/a><\/strong> &#8211; geografska obilje\u017eja<\/p>\n<h5>HRVATSKA<\/h5>\n<p><a href=\"https:\/\/drive.google.com\/open?id=1s-1YyEpPz_ZEtgo_Z5sIkPU51vY&amp;usp=sharing\" target=\"_blank\" rel=\"noopener\"><strong>Poljoprivredna podru\u010dja Primorske Hrvatske<\/strong><\/a> &#8211;<\/p>\n<p>&nbsp;<\/p>\n<p>&nbsp;<\/p>\n<h4><a href=\"https:\/\/vesnajanko.eu\/mga\/index.html\" target=\"_blank\" rel=\"noopener\">mGeoAtlas<\/a><\/h4>\n<hr \/>\n<h4><a href=\"https:\/\/www.scribblemaps.com\/maps\/view\/Fizi\u010dka_karta\/svijet\" target=\"_blank\" rel=\"noopener\">Scribble Maps<\/a><\/h4>\n<hr \/>\n<h4><a href=\"http:\/\/mapmaker.education.nationalgeographic.com\/cEC4aJkP7xCkDi1KLuLaGz\/\" target=\"_blank\" rel=\"noopener\">NG MapMaker Interactive<\/a><\/h4>\n<h4><a href=\"http:\/\/ngep.fieldscope.org\/\" target=\"_blank\" rel=\"noopener\">http:\/\/ngep.fieldscope.org\/<\/a><\/h4>\n<hr \/>\n<h4><a href=\"https:\/\/www.arcgis.com\/home\/item.html?id=1fb2424660b04505b429e7e3bffc8ab4\" target=\"_blank\" rel=\"noopener\">Crtanje profila terena<\/a><\/h4>\n<hr \/>\n<h4><a href=\"https:\/\/vesnajanko.eu\/?page_id=1486\"><strong>PurposeGames<\/strong><\/a><\/h4>\n<hr \/>\n<h4><a href=\"http:\/\/www.d-maps.com\/\" target=\"_blank\" rel=\"noopener\">d-maps.com<\/a><\/h4>\n<hr \/>\n<h4><a href=\"http:\/\/www.ezilon.com\/maps\/\" target=\"_blank\" rel=\"noopener\">Ezilon Maps<\/a><\/h4>\n<hr \/>\n<h4>Geografska mre\u017ea<\/h4>\n<p><a href=\"https:\/\/ggbm.at\/rVE9S8Wv\" target=\"_blank\" rel=\"noopener\">Geografske \u0161irine i du\u017eine<\/a> (autori: \u0160ime \u0160ulji\u0107, Alex Chik)<\/p>\n<p><a href=\"http:\/\/www.latlong.net\/\" target=\"_blank\" rel=\"noopener\">Odre\u0111ivanje geografske \u0161irine i du\u017eine<\/a><\/p>\n<hr \/>\n<h4>Hrvatska<\/h4>\n<ul>\n<li><a href=\"http:\/\/www.croatia.eu\/images\/01-01\/karta_hrvatske.gif\" target=\"_blank\" rel=\"noopener\">Op\u0107a karta Hrvatske<\/a> (izvor: www.croatia.eu)<\/li>\n<li><a href=\"http:\/\/www.croatia.eu\/images\/01-04\/rijeke.gif\" target=\"_blank\" rel=\"noopener\">Hidrografska karta Hrvatske<\/a> (izvor: www.croatia.eu)<\/li>\n<li><a href=\"http:\/\/croatia.eu\/images\/01-08\/zasticena_priroda.gif\" target=\"_blank\" rel=\"noopener\">Za\u0161ti\u0107ena priroda u Hrvatskoj<\/a> (izvor: www.croatia.eu)<\/li>\n<li><a href=\"http:\/\/www.croatia.eu\/images\/01-03\/promet.gif\" target=\"_blank\" rel=\"noopener\">Prometna karta Hrvatske<\/a> (izvor: www.croatia.eu)<\/li>\n<li><a href=\"https:\/\/commons.wikimedia.org\/wiki\/File%3AZupanije.gif\" target=\"_blank\" rel=\"noopener\">\u017dupanije u Hrvatskoj<\/a> (izvor: Wikimedia Commons)<\/li>\n<li><a href=\"http:\/\/www.croatia.eu\/images\/01-07\/regije_danas.gif\" target=\"_blank\" rel=\"noopener\">Regije Hrvatske<\/a> (izvor: www.croatia.eu)\n<ul>\n<li><a href=\"https:\/\/vesnajanko.eu\/atlas\/hr-gorska.png\" target=\"_blank\" rel=\"noopener\"><strong>Gorska Hrvatska<\/strong><\/a> (Vesna Janko)<\/li>\n<\/ul>\n<\/li>\n<li><a href=\"http:\/\/www.croatia.eu\/images\/01-07\/regije.gif\" target=\"_blank\" rel=\"noopener\">Povijesne regije Hrvatske<\/a> (izvor: www.croatia.eu)<\/li>\n<\/ul>\n<h4>Svijet<\/h4>\n<ul>\n<li><strong><a href=\"https:\/\/vesnajanko.eu\/atlas\/svijet.png\" target=\"_blank\" rel=\"noopener\">Op\u0107a karta svijeta<\/a> <\/strong>(Vesna Janko)<\/li>\n<li><a href=\"http:\/\/www.geoatlas.com\/medias\/maps\/world%20maps%20and%20globes\/MERCATOR_greenwich\/MERCATOR12greenwich65mix\/MERCATOR_greenwich_phy.jpg\" target=\"_blank\" rel=\"noopener\">Op\u0107a karta svijeta<\/a> (Geoatlas.com)<\/li>\n<li><a href=\"http:\/\/www.geoatlas.com\/medias\/maps\/Thematic%20maps\/time%20zone\/ti8zon3e\/Time1.jpg\" target=\"_blank\" rel=\"noopener\">Vremenske zone<\/a> (Geoatlas.com)<\/li>\n<\/ul>\n<h4>Europa<\/h4>\n<ul>\n<li><a href=\"https:\/\/vesnajanko.eu\/atlas\/europa.png\" target=\"_blank\" rel=\"noopener\"><strong>Op\u0107a karta Europe<\/strong><\/a> (Vesna Janko)<\/li>\n<li><a href=\"http:\/\/www.geoatlas.com\/medias\/maps\/Europe%20and%20EU\/North-South\/nor74out\/North-South_phy.jpg\" target=\"_blank\" rel=\"noopener\">Op\u0107a karta Europe<\/a> (Geoatlas.com)<\/li>\n<li><a href=\"http:\/\/www.geoatlas.com\/medias\/maps\/countries\/united%20kingdom\/u044k45\/unitedkingdom_phy.jpg\" target=\"_blank\" rel=\"noopener\">Ujedinjeno Kraljevstvo<\/a> (Geoatlas.com)<\/li>\n<li><a href=\"http:\/\/www.geoatlas.com\/medias\/maps\/countries\/france\/fr303e15\/france_phy.jpg\" target=\"_blank\" rel=\"noopener\">Francuska<\/a> (Geoatlas.com)<\/li>\n<li><a href=\"https:\/\/vesnajanko.eu\/atlas\/juzna-europa-pol.png\" target=\"_blank\" rel=\"noopener\"><strong>Politi\u010dka karta Ju\u017ene Europe<\/strong><\/a> (Vesna Janko)<\/li>\n<li><a href=\"https:\/\/vesnajanko.eu\/atlas\/italija.png\" target=\"_blank\" rel=\"noopener\"><strong>Italija<\/strong><\/a> (Vesna Janko)<\/li>\n<\/ul>\n<h4>Azija<\/h4>\n<ul>\n<li><a href=\"http:\/\/www.geoatlas.com\/medias\/maps\/world%20maps%20and%20globes\/asia\/asia8357be\/asia-globe_phy1.jpg\" target=\"_blank\" rel=\"noopener\">Op\u0107a karta Azije<\/a> (Geoatlas.com)<\/li>\n<\/ul>\n<h4>Afrika<\/h4>\n<ul>\n<li><a href=\"http:\/\/www.geoatlas.com\/medias\/maps\/world%20maps%20and%20globes\/africa\/globe258africa\/africa-globe_phy1.jpg\" target=\"_blank\" rel=\"noopener\">Op\u0107a karta Afrike<\/a> (Geoatlas.com)<\/li>\n<\/ul>\n<h4>Amerika<\/h4>\n<ul>\n<li><a href=\"http:\/\/www.geoatlas.com\/medias\/maps\/continents\/north%20america\/n166506t1a\/north_america_phy.jpg\" target=\"_blank\" rel=\"noopener\">Sjeverna Amerika<\/a> (Geoatlas.com)<\/li>\n<li><a href=\"http:\/\/www.geoatlas.com\/medias\/maps\/continents\/south%20america\/s1g897131a\/south_america_phy.jpg\" target=\"_blank\" rel=\"noopener\">Ju\u017ena Amerika<\/a> (Geoatlas.com)<\/li>\n<\/ul>\n<h4>Australija i Oceanija<\/h4>\n<ul>\n<li><a href=\"http:\/\/www.geoatlas.com\/medias\/maps\/continents\/oceania\/o16t36160a\/oceania_phy.jpg\" target=\"_blank\" rel=\"noopener\">Australija i Oceanija<\/a> (Geoatlas.com)<\/li>\n<\/ul>\n<hr \/>\n<p>&nbsp;<\/p>\n<p>&nbsp;<\/p>\n<p>&nbsp;<\/p>\n<p>&nbsp;<\/p>\n<p>&nbsp;<\/p>\n","protected":false},"excerpt":{"rendered":"<p>Karte su izra\u0111ene u servisima: ArcGIS Online, Google MyMaps, NatGeo MapMaker Interactive SVIJET Karta svijeta &#8211; NG Fizi\u010dka karta svijeta &#8211; Vremenske zone &#8211; Gusto\u0107a naseljenosti &#8211; \u010detiri kruga najve\u0107e naseljenosti AZIJA Koli\u010dina oborina i gusto\u0107a naseljenosti &#8211; monsunska Azija Japan &#8211; otoci AFRIKA Fizi\u010dka karta Afrike &#8211; visoka i&#8230; <a href=\"https:\/\/vesnajanko.eu\/?page_id=1738\" class=\"readmore\">Vi\u0161e<span class=\"screen-reader-text\">&#8220;Atlas Arhiva&#8221;<\/span><\/a><\/p>\n","protected":false},"author":1,"featured_media":0,"parent":839,"menu_order":0,"comment_status":"closed","ping_status":"closed","template":"","meta":{"footnotes":""},"class_list":["post-1738","page","type-page","status-publish","hentry"],"_links":{"self":[{"href":"https:\/\/vesnajanko.eu\/index.php?rest_route=\/wp\/v2\/pages\/1738","targetHints":{"allow":["GET"]}}],"collection":[{"href":"https:\/\/vesnajanko.eu\/index.php?rest_route=\/wp\/v2\/pages"}],"about":[{"href":"https:\/\/vesnajanko.eu\/index.php?rest_route=\/wp\/v2\/types\/page"}],"author":[{"embeddable":true,"href":"https:\/\/vesnajanko.eu\/index.php?rest_route=\/wp\/v2\/users\/1"}],"replies":[{"embeddable":true,"href":"https:\/\/vesnajanko.eu\/index.php?rest_route=%2Fwp%2Fv2%2Fcomments&post=1738"}],"version-history":[{"count":31,"href":"https:\/\/vesnajanko.eu\/index.php?rest_route=\/wp\/v2\/pages\/1738\/revisions"}],"predecessor-version":[{"id":2907,"href":"https:\/\/vesnajanko.eu\/index.php?rest_route=\/wp\/v2\/pages\/1738\/revisions\/2907"}],"up":[{"embeddable":true,"href":"https:\/\/vesnajanko.eu\/index.php?rest_route=\/wp\/v2\/pages\/839"}],"wp:attachment":[{"href":"https:\/\/vesnajanko.eu\/index.php?rest_route=%2Fwp%2Fv2%2Fmedia&parent=1738"}],"curies":[{"name":"wp","href":"https:\/\/api.w.org\/{rel}","templated":true}]}}