{"id":1676,"date":"2016-12-23T17:14:21","date_gmt":"2016-12-23T16:14:21","guid":{"rendered":"https:\/\/vesnajanko.eu\/?page_id=1676"},"modified":"2017-12-31T19:35:03","modified_gmt":"2017-12-31T18:35:03","slug":"kahoot","status":"publish","type":"page","link":"https:\/\/vesnajanko.eu\/?page_id=1676","title":{"rendered":"GEOIGRAONICA: Kahoot"},"content":{"rendered":"<h4>6. razred<\/h4>\n<ul>\n<li><a href=\"https:\/\/play.kahoot.it\/#\/k\/84398a85-2764-45fe-be5f-3f089c9a85c8\" target=\"_blank\" rel=\"noopener\">Obilje\u017eja stanovni\u0161tva svijeta<\/a><\/li>\n<li><a href=\"https:\/\/play.kahoot.it\/#\/k\/37521f97-186c-4968-8fd7-b016b8ffe1c4\" target=\"_blank\" rel=\"noopener\">Me\u0111unarodne organizacije<\/a><\/li>\n<li><a href=\"https:\/\/play.kahoot.it\/#\/k\/c6c2df8c-8b10-4b76-8a07-7fb9e6ec81f4\" target=\"_blank\" rel=\"noopener\">Klime Azije<\/a><\/li>\n<li><a href=\"https:\/\/play.kahoot.it\/#\/k\/c81e88d7-ea60-4d7a-8848-76d7b27dcdce\" target=\"_blank\" rel=\"noopener\">Monsunska Azija<\/a><\/li>\n<li><a href=\"https:\/\/play.kahoot.it\/#\/k\/c65b5462-0eca-4173-b7e4-7f1ed4f4fab7\" target=\"_blank\" rel=\"noopener\">Indija<\/a><\/li>\n<li><a href=\"https:\/\/play.kahoot.it\/#\/k\/182c36ed-c444-47bc-b63c-ea9ec77e2e29\" target=\"_blank\" rel=\"noopener\">Japan<\/a><\/li>\n<li><a href=\"https:\/\/play.kahoot.it\/#\/k\/536a85bf-6cc9-4692-9c83-8ae1f1770702\" target=\"_blank\" rel=\"noopener\">Afrika 1<\/a><\/li>\n<li><a href=\"https:\/\/play.kahoot.it\/#\/k\/fabacdab-016a-4931-89cc-c54fd37bd90f\" target=\"_blank\" rel=\"noopener\">Amerika 1<\/a><\/li>\n<li><a href=\"https:\/\/play.kahoot.it\/#\/k\/dbabae96-3617-4c4e-a0ea-142f7f0a6315\" target=\"_blank\" rel=\"noopener\">Kanada<\/a><\/li>\n<li><a href=\"https:\/\/play.kahoot.it\/#\/k\/d58950da-20a4-4a71-8522-da58620103f3\" target=\"_blank\" rel=\"noopener\">Brazil<\/a><\/li>\n<\/ul>\n<h4>7. razred<\/h4>\n<ul>\n<li><a href=\"https:\/\/play.kahoot.it\/#\/k\/b4a373b4-01c2-4910-b67b-709dea21fb19\" target=\"_blank\" rel=\"noopener\">Reljef Europe<\/a><\/li>\n<li><a href=\"https:\/\/play.kahoot.it\/#\/k\/5e703d06-be0c-4873-a121-8ea90e4238bb\" target=\"_blank\" rel=\"noopener\">Klimatski faktori i Elementi<\/a><\/li>\n<li><a href=\"https:\/\/play.kahoot.it\/#\/k\/9747256b-4026-4c05-9c75-d08367f5832d\" target=\"_blank\" rel=\"noopener\">Klime i vegetacija Europe<\/a><\/li>\n<li><a href=\"https:\/\/play.kahoot.it\/#\/k\/6f321dc3-dc88-4b03-924a-709feeae8504\" target=\"_blank\" rel=\"noopener\">Skandinavske dr\u017eave<\/a><\/li>\n<li><a href=\"https:\/\/play.kahoot.it\/#\/k\/b243642d-ad7d-4747-8bca-96cef69a6bd6\" target=\"_blank\" rel=\"noopener\">Danska i Island<\/a><\/li>\n<li><a href=\"https:\/\/play.kahoot.it\/#\/k\/f2ddcc4e-e6be-477f-b2a1-6411eff7bf53\" target=\"_blank\" rel=\"noopener\">Srednja Europa<\/a><\/li>\n<\/ul>\n<h4>8. razred<\/h4>\n<ul>\n<li><a href=\"https:\/\/play.kahoot.it\/#\/k\/1674aeda-7eac-491e-b42a-3cfe838b2127\" target=\"_blank\" rel=\"noopener\">Hrvatska &#8211; srednjoeuropska i sredozemna zemlja<\/a><\/li>\n<li><a href=\"https:\/\/play.kahoot.it\/#\/k\/f2ddcc4e-e6be-477f-b2a1-6411eff7bf53\" target=\"_blank\" rel=\"noopener\">Veli\u010dina, oblik, granice hrvatskog teritorija<\/a><\/li>\n<li><a href=\"https:\/\/play.kahoot.it\/#\/k\/89f3c30f-5f44-4cdc-977e-ea7b1a59093e\" target=\"_blank\" rel=\"noopener\">Prometni polo\u017eaj Hrvatske<\/a><\/li>\n<li><a href=\"https:\/\/play.kahoot.it\/#\/k\/b5f89497-06df-4908-96b2-516277d99f79\" target=\"_blank\" rel=\"noopener\">Reljef Hrvatske<\/a><\/li>\n<li><a href=\"https:\/\/play.kahoot.it\/#\/k\/f94c16a4-bbca-4a69-b48a-045b64b80774\" target=\"_blank\" rel=\"noopener\">Klime Hrvatske<\/a><\/li>\n<li><a href=\"https:\/\/play.kahoot.it\/#\/k\/757bbae7-0db2-4fbd-a7eb-94fe954396ac\" target=\"_blank\" rel=\"noopener\">Stanovni\u0161tvo Hrvatske<\/a><\/li>\n<li><a href=\"https:\/\/play.kahoot.it\/#\/k\/1e0fea76-9153-46f0-bc84-c721c8aaca6a\" target=\"_blank\" rel=\"noopener\">Markoregionalna sredi\u0161ta<\/a><\/li>\n<li><a href=\"https:\/\/play.kahoot.it\/#\/k\/ab82665a-5a99-409c-bf52-970850834535\" target=\"_blank\" rel=\"noopener\">Jadransko more<\/a><\/li>\n<li><a href=\"https:\/\/play.kahoot.it\/#\/k\/636158c7-994b-4c19-b243-085a809d6271\" target=\"_blank\" rel=\"noopener\">Promet, energetika i industrija u Nizinskoj Hrvatskoj<\/a><\/li>\n<\/ul>\n","protected":false},"excerpt":{"rendered":"<p>6. razred Obilje\u017eja stanovni\u0161tva svijeta Me\u0111unarodne organizacije Klime Azije Monsunska Azija Indija Japan Afrika 1 Amerika 1 Kanada Brazil 7. razred Reljef Europe Klimatski faktori i Elementi Klime i vegetacija Europe Skandinavske dr\u017eave Danska i Island Srednja Europa 8. razred Hrvatska &#8211; srednjoeuropska i sredozemna zemlja Veli\u010dina, oblik, granice hrvatskog&#8230; <a href=\"https:\/\/vesnajanko.eu\/?page_id=1676\" class=\"readmore\">Vi\u0161e<span class=\"screen-reader-text\">&#8220;GEOIGRAONICA: Kahoot&#8221;<\/span><\/a><\/p>\n","protected":false},"author":1,"featured_media":0,"parent":1083,"menu_order":0,"comment_status":"closed","ping_status":"closed","template":"","meta":{"footnotes":""},"class_list":["post-1676","page","type-page","status-publish","hentry"],"_links":{"self":[{"href":"https:\/\/vesnajanko.eu\/index.php?rest_route=\/wp\/v2\/pages\/1676","targetHints":{"allow":["GET"]}}],"collection":[{"href":"https:\/\/vesnajanko.eu\/index.php?rest_route=\/wp\/v2\/pages"}],"about":[{"href":"https:\/\/vesnajanko.eu\/index.php?rest_route=\/wp\/v2\/types\/page"}],"author":[{"embeddable":true,"href":"https:\/\/vesnajanko.eu\/index.php?rest_route=\/wp\/v2\/users\/1"}],"replies":[{"embeddable":true,"href":"https:\/\/vesnajanko.eu\/index.php?rest_route=%2Fwp%2Fv2%2Fcomments&post=1676"}],"version-history":[{"count":17,"href":"https:\/\/vesnajanko.eu\/index.php?rest_route=\/wp\/v2\/pages\/1676\/revisions"}],"predecessor-version":[{"id":3054,"href":"https:\/\/vesnajanko.eu\/index.php?rest_route=\/wp\/v2\/pages\/1676\/revisions\/3054"}],"up":[{"embeddable":true,"href":"https:\/\/vesnajanko.eu\/index.php?rest_route=\/wp\/v2\/pages\/1083"}],"wp:attachment":[{"href":"https:\/\/vesnajanko.eu\/index.php?rest_route=%2Fwp%2Fv2%2Fmedia&parent=1676"}],"curies":[{"name":"wp","href":"https:\/\/api.w.org\/{rel}","templated":true}]}}