{"id":1370,"date":"2016-05-19T15:40:06","date_gmt":"2016-05-19T15:40:06","guid":{"rendered":"https:\/\/vesnajanko.eu\/?page_id=1370"},"modified":"2025-12-09T17:14:28","modified_gmt":"2025-12-09T16:14:28","slug":"7-63-europska-unija","status":"publish","type":"page","link":"https:\/\/vesnajanko.eu\/?page_id=1370","title":{"rendered":"Europske integracije i organizacije \/ Europska unija i njezina uloga u svijetu"},"content":{"rendered":"\n<p>Rad uz ud\u017ebenik, str. 79. &#8211; 83.<\/p>\n\n\n\n<p><strong><a href=\"https:\/\/forms.gle\/n8T4yXW3hZRtaaR77\" target=\"_blank\" rel=\"noreferrer noopener\">Rije\u0161i zadatke ovdje<\/a><\/strong>.<\/p>\n\n\n\n<hr class=\"wp-block-separator has-css-opacity\"\/>\n\n\n\n<p class=\"has-large-font-size\">Europska unija<\/p>\n\n\n\n<p class=\"has-medium-font-size\"><a href=\"https:\/\/drive.google.com\/file\/d\/1t7XGmMeV7XzHrxsOlPGbiFze3hJZ9xWC\/view?usp=drive_link\" target=\"_blank\" rel=\"noreferrer noopener\">PDF prezentacija<\/a><\/p>\n\n\n\n<p><a href=\"https:\/\/europa.eu\/learning-corner\/play-games_hr\" target=\"_blank\" rel=\"noreferrer noopener\">Igre po izboru o Europskoj uniji<\/a>.<\/p>\n\n\n\n<hr class=\"wp-block-separator has-css-opacity\"\/>\n\n\n\n<h4 class=\"wp-block-heading has-pale-cyan-blue-background-color has-background\">Geobilje\u017enica<\/h4>\n\n\n\n<p class=\"has-text-align-center\"><span style=\"text-decoration: underline;\">Europske integracije i organizacije<\/span><\/p>\n\n\n\n<p>-Europsko udru\u017eenje za slobodnu trgovinu (EFTA)<br>-Organizacija za ekonomsku suradnju i razvoj (OECD), Pariz<br>-Vije\u0107e Europe -cilj je povezanost dr\u017eava \u010dlanica razvojem demokracije, za\u0161titom ljudskih prava, rje\u0161avanjem dru\u0161tvenih problema i stvaranjem europskoga kulturnog identiteta<br>-Sjevernoatlantski savez (NATO), Bruxelles<br>-Schengentski prostor &#8211; slobodno kretanje ljudi<br><\/p>\n\n\n\n<p class=\"has-text-align-center\"><span style=\"text-decoration: underline;\">Europska unija i njena uloga u svijetu<\/span><\/p>\n\n\n\n<ul class=\"wp-block-list\">\n<li>Organizacija ima 27 dr\u017eava \u010dlanica<\/li>\n\n\n\n<li>sjedi\u0161te joj je u <b>Bruxellesu<\/b>, a zajedni\u010dka valuta vi\u0161e od polovice \u010dlanica je <b>euro<\/b><\/li>\n\n\n\n<li>Europska zajednica za ugljen i \u010delik + Europska ekonomska zajednica + Europska zajednica za atomsku energiju = <b>EU<\/b><\/li>\n\n\n\n<li>dr\u017eava mora zadovoljiti odre\u0111ene kriterije da bi u\u0161la u EU<\/li>\n\n\n\n<li>glavna politi\u010dka tijela:&nbsp;&nbsp; Europsko vije\u0107e, Europska komisija, Europski parlament, Europski sud, Vije\u0107e ministara<\/li>\n<\/ul>\n","protected":false},"excerpt":{"rendered":"<p>Rad uz ud\u017ebenik, str. 79. &#8211; 83. Rije\u0161i zadatke ovdje. Europska unija PDF prezentacija Igre po izboru o Europskoj uniji. Geobilje\u017enica Europske integracije i organizacije -Europsko udru\u017eenje za slobodnu trgovinu (EFTA)-Organizacija za ekonomsku suradnju i razvoj (OECD), Pariz-Vije\u0107e Europe -cilj je povezanost dr\u017eava \u010dlanica razvojem demokracije, za\u0161titom ljudskih prava, rje\u0161avanjem&#8230; <a href=\"https:\/\/vesnajanko.eu\/?page_id=1370\" class=\"readmore\">Vi\u0161e<span class=\"screen-reader-text\">&#8220;Europske integracije i organizacije \/ Europska unija i njezina uloga u svijetu&#8221;<\/span><\/a><\/p>\n","protected":false},"author":1,"featured_media":0,"parent":6278,"menu_order":0,"comment_status":"closed","ping_status":"closed","template":"","meta":{"footnotes":""},"class_list":["post-1370","page","type-page","status-publish","hentry"],"_links":{"self":[{"href":"https:\/\/vesnajanko.eu\/index.php?rest_route=\/wp\/v2\/pages\/1370","targetHints":{"allow":["GET"]}}],"collection":[{"href":"https:\/\/vesnajanko.eu\/index.php?rest_route=\/wp\/v2\/pages"}],"about":[{"href":"https:\/\/vesnajanko.eu\/index.php?rest_route=\/wp\/v2\/types\/page"}],"author":[{"embeddable":true,"href":"https:\/\/vesnajanko.eu\/index.php?rest_route=\/wp\/v2\/users\/1"}],"replies":[{"embeddable":true,"href":"https:\/\/vesnajanko.eu\/index.php?rest_route=%2Fwp%2Fv2%2Fcomments&post=1370"}],"version-history":[{"count":15,"href":"https:\/\/vesnajanko.eu\/index.php?rest_route=\/wp\/v2\/pages\/1370\/revisions"}],"predecessor-version":[{"id":10195,"href":"https:\/\/vesnajanko.eu\/index.php?rest_route=\/wp\/v2\/pages\/1370\/revisions\/10195"}],"up":[{"embeddable":true,"href":"https:\/\/vesnajanko.eu\/index.php?rest_route=\/wp\/v2\/pages\/6278"}],"wp:attachment":[{"href":"https:\/\/vesnajanko.eu\/index.php?rest_route=%2Fwp%2Fv2%2Fmedia&parent=1370"}],"curies":[{"name":"wp","href":"https:\/\/api.w.org\/{rel}","templated":true}]}}