{"id":1288,"date":"2016-04-04T18:21:06","date_gmt":"2016-04-04T18:21:06","guid":{"rendered":"https:\/\/vesnajanko.eu\/?page_id=1288"},"modified":"2025-03-24T16:31:22","modified_gmt":"2025-03-24T15:31:22","slug":"7-53-bosna-i-hercegovina-crna-gora","status":"publish","type":"page","link":"https:\/\/vesnajanko.eu\/?page_id=1288","title":{"rendered":"Bosna i Hercegovina"},"content":{"rendered":"\n<h4 class=\"wp-block-heading\">Uvod<\/h4>\n\n\n\n<p>Pogledaj promotivni <strong><a rel=\"noreferrer noopener\" aria-label=\"video (otvara se u novoj kartici)\" href=\"https:\/\/youtu.be\/4I0E3tQbFqI\" target=\"_blank\">video o Bosni i Hercegovini<\/a><\/strong>.<br>Koje turisti\u010dke mogu\u0107nosti imaju Bosna i Hercegovina?<\/p>\n\n\n\n<h4 class=\"wp-block-heading\">Glavni dio sata<\/h4>\n\n\n\n<p class=\"has-pale-ocean-gradient-background has-background\"><strong><a href=\"https:\/\/docs.google.com\/presentation\/d\/e\/2PACX-1vTZaxcI5GvoLGRSyxskPAy0UPYtabS3AAa3erAU_SI6zG7HEr0L4NNTbZ9NiCw_OC8WvJ901dtptDSM\/pub?start=false&amp;loop=false&amp;delayms=3000\" target=\"_blank\" rel=\"noreferrer noopener\">Pogledaj i prou\u010di prezentaciju<\/a><\/strong>.<\/p>\n\n\n\n<iframe loading=\"lazy\" src=\"https:\/\/docs.google.com\/presentation\/d\/e\/2PACX-1vTZaxcI5GvoLGRSyxskPAy0UPYtabS3AAa3erAU_SI6zG7HEr0L4NNTbZ9NiCw_OC8WvJ901dtptDSM\/embed?start=false&#038;loop=false&#038;delayms=3000\" frameborder=\"0\" width=\"960\" height=\"569\" allowfullscreen=\"true\" mozallowfullscreen=\"true\" webkitallowfullscreen=\"true\"><\/iframe>\n\n\n\n<p>Pro\u010ditaj tekst ud\u017ebenika i prou\u010di <strong><a rel=\"noopener noreferrer\" href=\"https:\/\/www.google.com\/maps\/d\/edit?mid=zA4vgAsd0b_g.kiIUlUSiwT_Q&amp;usp=sharing\" target=\"_blank\">kartu<\/a><\/strong>, odgovori na pitanja:<\/p>\n\n\n\n<p><strong><a href=\"https:\/\/forms.gle\/ajFFYxyprLajECAA8\" target=\"_blank\" rel=\"noreferrer noopener\">Odgovori na pitanja<\/a><\/strong><\/p>\n\n\n\n<hr class=\"wp-block-separator has-css-opacity\"\/>\n\n\n\n<p class=\"has-pale-cyan-blue-background-color has-background\">Geobilje\u0161ke<\/p>\n\n\n\n<h4 class=\"wp-block-heading has-text-align-center\">Bosna i Hercegovina<\/h4>\n\n\n\n<p>\u2013 tri&nbsp;ustavotvorna naroda: Bo\u0161njaci, Srbi, Hrvati<\/p>\n\n\n\n<p>\u2013 federativna republika: Federacija BiH, Republika Srpska, distrikt Br\u010dko<\/p>\n\n\n\n<p>\u2013&nbsp;reljef: nizinski u peripanonskoj Bosni, niski kr\u0161 u JZ Hercegovini, najve\u0107i prostor na Dinaridima,&nbsp;<\/p>\n\n\n\n<p>\u2013&nbsp;klime: umjereno topla vla\u017ena, sredozemna, vla\u017ena&nbsp;snje\u017eno-\u0161umska<\/p>\n\n\n\n<p>\u2013 rat uni\u0161tio gospodarstvo i stanovni\u0161tvo se raselilo<\/p>\n\n\n\n<p>\u2013&nbsp;gradovi:&nbsp;<strong>Sarajevo<\/strong>, Mostar, Banja Luka, Tuzla<\/p>\n","protected":false},"excerpt":{"rendered":"<p>Uvod Pogledaj promotivni video o Bosni i Hercegovini.Koje turisti\u010dke mogu\u0107nosti imaju Bosna i Hercegovina? Glavni dio sata Pogledaj i prou\u010di prezentaciju. Pro\u010ditaj tekst ud\u017ebenika i prou\u010di kartu, odgovori na pitanja: Odgovori na pitanja Geobilje\u0161ke Bosna i Hercegovina \u2013 tri&nbsp;ustavotvorna naroda: Bo\u0161njaci, Srbi, Hrvati \u2013 federativna republika: Federacija BiH, Republika Srpska,&#8230; <a href=\"https:\/\/vesnajanko.eu\/?page_id=1288\" class=\"readmore\">Vi\u0161e<span class=\"screen-reader-text\">&#8220;Bosna i Hercegovina&#8221;<\/span><\/a><\/p>\n","protected":false},"author":1,"featured_media":0,"parent":12,"menu_order":0,"comment_status":"closed","ping_status":"closed","template":"templates\/page-full-width.php","meta":{"footnotes":""},"class_list":["post-1288","page","type-page","status-publish","hentry"],"_links":{"self":[{"href":"https:\/\/vesnajanko.eu\/index.php?rest_route=\/wp\/v2\/pages\/1288","targetHints":{"allow":["GET"]}}],"collection":[{"href":"https:\/\/vesnajanko.eu\/index.php?rest_route=\/wp\/v2\/pages"}],"about":[{"href":"https:\/\/vesnajanko.eu\/index.php?rest_route=\/wp\/v2\/types\/page"}],"author":[{"embeddable":true,"href":"https:\/\/vesnajanko.eu\/index.php?rest_route=\/wp\/v2\/users\/1"}],"replies":[{"embeddable":true,"href":"https:\/\/vesnajanko.eu\/index.php?rest_route=%2Fwp%2Fv2%2Fcomments&post=1288"}],"version-history":[{"count":33,"href":"https:\/\/vesnajanko.eu\/index.php?rest_route=\/wp\/v2\/pages\/1288\/revisions"}],"predecessor-version":[{"id":9716,"href":"https:\/\/vesnajanko.eu\/index.php?rest_route=\/wp\/v2\/pages\/1288\/revisions\/9716"}],"up":[{"embeddable":true,"href":"https:\/\/vesnajanko.eu\/index.php?rest_route=\/wp\/v2\/pages\/12"}],"wp:attachment":[{"href":"https:\/\/vesnajanko.eu\/index.php?rest_route=%2Fwp%2Fv2%2Fmedia&parent=1288"}],"curies":[{"name":"wp","href":"https:\/\/api.w.org\/{rel}","templated":true}]}}