{"id":1190,"date":"2016-03-10T20:57:16","date_gmt":"2016-03-10T20:57:16","guid":{"rendered":"https:\/\/vesnajanko.eu\/?page_id=1190"},"modified":"2025-03-25T18:54:40","modified_gmt":"2025-03-25T17:54:40","slug":"6-48-klima-i-biljni-svijet-amerike","status":"publish","type":"page","link":"https:\/\/vesnajanko.eu\/?page_id=1190","title":{"rendered":"Klima i vegetacija Amerike"},"content":{"rendered":"\n<iframe loading=\"lazy\" src=\"https:\/\/docs.google.com\/presentation\/d\/e\/2PACX-1vTKgsp8o21VH8czvnSa2-uMea5mji3YvyzuMebqRtHXas0hcYxbrYFTcW8sGSaruE7mWF2J3vmAnTq6\/embed?start=false&#038;loop=false&#038;delayms=3000\" frameborder=\"0\" width=\"1280\" height=\"749\" allowfullscreen=\"true\" mozallowfullscreen=\"true\" webkitallowfullscreen=\"true\"><\/iframe>\n\n\n\n<div style=\"height:50px\" aria-hidden=\"true\" class=\"wp-block-spacer\"><\/div>\n\n\n\n<p><strong><a href=\"https:\/\/wordwall.net\/play\/1877\/421\/123\" target=\"_blank\" rel=\"noreferrer noopener\">Biljne zajednice Amerike &#8211; vje\u017eba na karti<\/a><\/strong><\/p>\n\n\n\n<hr class=\"wp-block-separator has-css-opacity\"\/>\n\n\n\n<h4 class=\"wp-block-heading has-pale-cyan-blue-background-color has-background\">Geobilje\u0161ke<\/h4>\n\n\n\n<p class=\"has-text-align-center\"><span style=\"text-decoration: underline;\">Klima i vegetacija Amerike<\/span><\/p>\n\n\n\n<ul class=\"wp-block-list\">\n<li><a href=\"https:\/\/goo.gl\/maps\/NRZgS15hZ8w\" target=\"_blank\" rel=\"noopener noreferrer\">klima tundre &#8211; tundra<\/a><\/li>\n\n\n\n<li><a href=\"https:\/\/goo.gl\/maps\/iWnwHhz4rep\" target=\"_blank\" rel=\"noopener noreferrer\">vla\u017ena snje\u017eno-\u0161umska &#8211; tajga<\/a><\/li>\n\n\n\n<li><a href=\"https:\/\/goo.gl\/maps\/8fnHByDv5up\" target=\"_blank\" rel=\"noopener noreferrer\">umjerena topla vla\u017ena &#8211; listopadne \u0161ume i travnjaci <\/a>(prerija,&nbsp;pampas)<\/li>\n\n\n\n<li><a href=\"https:\/\/goo.gl\/maps\/VMW5DJeiXnu\" target=\"_blank\" rel=\"noopener noreferrer\">sredozemna klima<\/a><\/li>\n\n\n\n<li><a href=\"https:\/\/goo.gl\/maps\/yDvUwaPfXNT2\" target=\"_blank\" rel=\"noopener noreferrer\">savanska klima &#8211; savane (campos, llanos)<\/a><\/li>\n\n\n\n<li><a href=\"https:\/\/goo.gl\/maps\/SwUCo22aWHC2\" target=\"_blank\" rel=\"noopener noreferrer\">pra\u0161umska &#8211; tropska ki\u0161na \u0161uma (selvas)<\/a><\/li>\n\n\n\n<li><a href=\"https:\/\/goo.gl\/maps\/ByX4CK6FFNt\" target=\"_blank\" rel=\"noopener noreferrer\">suhe klime &#8211; stepe i pustinje (Dolina smrti, Sonora, Atacama)<\/a><\/li>\n<\/ul>\n\n\n\n<p><a href=\"https:\/\/youtu.be\/xCI1u05KD_s\" target=\"_blank\" rel=\"noopener noreferrer\">tornado<\/a> &#8211; vrtlo\u017eno strujanje zraka<br><a href=\"https:\/\/youtu.be\/QDFK40UMotc\" target=\"_blank\" rel=\"noopener noreferrer\">hariken<\/a> &#8211; tropski ciklon<\/p>\n","protected":false},"excerpt":{"rendered":"<p>Biljne zajednice Amerike &#8211; vje\u017eba na karti Geobilje\u0161ke Klima i vegetacija Amerike tornado &#8211; vrtlo\u017eno strujanje zrakahariken &#8211; tropski ciklon<\/p>\n","protected":false},"author":1,"featured_media":0,"parent":7248,"menu_order":0,"comment_status":"closed","ping_status":"closed","template":"templates\/page-full-width.php","meta":{"footnotes":""},"class_list":["post-1190","page","type-page","status-publish","hentry"],"_links":{"self":[{"href":"https:\/\/vesnajanko.eu\/index.php?rest_route=\/wp\/v2\/pages\/1190","targetHints":{"allow":["GET"]}}],"collection":[{"href":"https:\/\/vesnajanko.eu\/index.php?rest_route=\/wp\/v2\/pages"}],"about":[{"href":"https:\/\/vesnajanko.eu\/index.php?rest_route=\/wp\/v2\/types\/page"}],"author":[{"embeddable":true,"href":"https:\/\/vesnajanko.eu\/index.php?rest_route=\/wp\/v2\/users\/1"}],"replies":[{"embeddable":true,"href":"https:\/\/vesnajanko.eu\/index.php?rest_route=%2Fwp%2Fv2%2Fcomments&post=1190"}],"version-history":[{"count":20,"href":"https:\/\/vesnajanko.eu\/index.php?rest_route=\/wp\/v2\/pages\/1190\/revisions"}],"predecessor-version":[{"id":9733,"href":"https:\/\/vesnajanko.eu\/index.php?rest_route=\/wp\/v2\/pages\/1190\/revisions\/9733"}],"up":[{"embeddable":true,"href":"https:\/\/vesnajanko.eu\/index.php?rest_route=\/wp\/v2\/pages\/7248"}],"wp:attachment":[{"href":"https:\/\/vesnajanko.eu\/index.php?rest_route=%2Fwp%2Fv2%2Fmedia&parent=1190"}],"curies":[{"name":"wp","href":"https:\/\/api.w.org\/{rel}","templated":true}]}}