{"id":1170,"date":"2016-03-02T20:08:50","date_gmt":"2016-03-02T20:08:50","guid":{"rendered":"https:\/\/vesnajanko.eu\/?page_id=1170"},"modified":"2025-03-02T15:40:23","modified_gmt":"2025-03-02T14:40:23","slug":"7-45-italija-geografska-obiljezja","status":"publish","type":"page","link":"https:\/\/vesnajanko.eu\/?page_id=1170","title":{"rendered":"Italija &#8211; geografska obilje\u017eja"},"content":{"rendered":"\n<p class=\"has-very-light-gray-background-color has-background has-small-font-size\">\u0160to \u0107e\u0161 nau\u010diti:<br><strong>Klju\u010dni pojmovi<\/strong>: sredi\u0161nji polo\u017eaj, turizam.<br><strong>Obrazovna   postignu\u0107a<\/strong>:   opisati   i   pokazati   na geografskoj   karti   polo\u017eaj   i   smje\u0161taj   Italije u Sredozemlju;  obrazlo\u017eiti  utjecaj  prirodne  i  kulturne ba\u0161tine  na  razvoj  turizma;  opisati  uzroke  nejednakog gospodarskoga razvoja; pokazati na geografskoj karti i imenovati   va\u017enije   gradove   i   izdvojiti   njihove posebnosti;  obrazlo\u017eiti  ulogu  i  zna\u010denja  Vatikana  u me\u0111unarodnim odnosima. <\/p>\n\n\n\n<p><span style=\"text-decoration: underline;\">Uvod<\/span><\/p>\n\n\n\n<p>Poslu\u0161aj <strong><a href=\"https:\/\/youtu.be\/unWpBXr4wF4\" target=\"_blank\" rel=\"noopener noreferrer\">glazbeni video<\/a><\/strong>. O \u010demu govori?<\/p>\n\n\n\n<p><span style=\"text-decoration: underline;\">Obrada i ponavljanje<\/span><\/p>\n\n\n\n<iframe loading=\"lazy\" src=\"https:\/\/docs.google.com\/presentation\/d\/e\/2PACX-1vTRIQ67Jt0NWoBeZhOLnIt4ybaat_X0WiQuULMvwsa9l6Gy9OsMxl9VlIZAo8H1JERKkUVKMgYhDGjb\/embed?start=false&#038;loop=false&#038;delayms=3000\" frameborder=\"0\" width=\"960\" height=\"569\" allowfullscreen=\"true\" mozallowfullscreen=\"true\" webkitallowfullscreen=\"true\"><\/iframe>\n\n\n\n<hr class=\"wp-block-separator has-css-opacity\"\/>\n\n\n\n<h4 class=\"wp-block-heading has-pale-cyan-blue-background-color has-background\">Geobilje\u017enica<\/h4>\n\n\n\n<p class=\"has-text-align-center\"><span style=\"text-decoration: underline;\">Italija &#8211; geografska obilje\u017eja<\/span><\/p>\n\n\n\n<ul class=\"wp-block-list\">\n<li><strong>sredi\u0161nji polo\u017eaj<\/strong>&nbsp;i gospodarski najrazvijenija dr\u017eava Sredozemlja<\/li>\n\n\n\n<li>unutar teritorija Italije su male dr\u017eavice&nbsp;<strong>San Marino&nbsp;<\/strong>i<strong>&nbsp;Vatikan<\/strong><\/li>\n\n\n\n<li><strong>prirodno-geografske cjeline<\/strong>:<\/li>\n<\/ul>\n\n\n\n<ol class=\"wp-block-list\">\n<li>Alpe \u2013 ledenja\u010dka jezera i doline<\/li>\n\n\n\n<li>Padska nizina \u2013 najplodniji prostor Italije (rijeka Po)<\/li>\n\n\n\n<li>Apenini \u2013 mlado ulan\u010dano gorje<\/li>\n\n\n\n<li>otoci Sicilija i Sardinija \u2013 vulkanizam<\/li>\n<\/ol>\n","protected":false},"excerpt":{"rendered":"<p>\u0160to \u0107e\u0161 nau\u010diti:Klju\u010dni pojmovi: sredi\u0161nji polo\u017eaj, turizam.Obrazovna postignu\u0107a: opisati i pokazati na geografskoj karti polo\u017eaj i smje\u0161taj Italije u Sredozemlju; obrazlo\u017eiti utjecaj prirodne i kulturne ba\u0161tine na razvoj turizma; opisati uzroke nejednakog gospodarskoga razvoja; pokazati na geografskoj karti i imenovati va\u017enije gradove i izdvojiti njihove posebnosti; obrazlo\u017eiti ulogu i zna\u010denja&#8230; <a href=\"https:\/\/vesnajanko.eu\/?page_id=1170\" class=\"readmore\">Vi\u0161e<span class=\"screen-reader-text\">&#8220;Italija &#8211; geografska obilje\u017eja&#8221;<\/span><\/a><\/p>\n","protected":false},"author":1,"featured_media":0,"parent":7756,"menu_order":0,"comment_status":"closed","ping_status":"closed","template":"templates\/page-full-width.php","meta":{"footnotes":""},"class_list":["post-1170","page","type-page","status-publish","hentry"],"_links":{"self":[{"href":"https:\/\/vesnajanko.eu\/index.php?rest_route=\/wp\/v2\/pages\/1170","targetHints":{"allow":["GET"]}}],"collection":[{"href":"https:\/\/vesnajanko.eu\/index.php?rest_route=\/wp\/v2\/pages"}],"about":[{"href":"https:\/\/vesnajanko.eu\/index.php?rest_route=\/wp\/v2\/types\/page"}],"author":[{"embeddable":true,"href":"https:\/\/vesnajanko.eu\/index.php?rest_route=\/wp\/v2\/users\/1"}],"replies":[{"embeddable":true,"href":"https:\/\/vesnajanko.eu\/index.php?rest_route=%2Fwp%2Fv2%2Fcomments&post=1170"}],"version-history":[{"count":20,"href":"https:\/\/vesnajanko.eu\/index.php?rest_route=\/wp\/v2\/pages\/1170\/revisions"}],"predecessor-version":[{"id":9653,"href":"https:\/\/vesnajanko.eu\/index.php?rest_route=\/wp\/v2\/pages\/1170\/revisions\/9653"}],"up":[{"embeddable":true,"href":"https:\/\/vesnajanko.eu\/index.php?rest_route=\/wp\/v2\/pages\/7756"}],"wp:attachment":[{"href":"https:\/\/vesnajanko.eu\/index.php?rest_route=%2Fwp%2Fv2%2Fmedia&parent=1170"}],"curies":[{"name":"wp","href":"https:\/\/api.w.org\/{rel}","templated":true}]}}