{"id":1162,"date":"2016-03-02T19:00:39","date_gmt":"2016-03-02T19:00:39","guid":{"rendered":"https:\/\/vesnajanko.eu\/?page_id=1162"},"modified":"2026-04-14T17:16:37","modified_gmt":"2026-04-14T16:16:37","slug":"6-45-amerike-koliko-ih-ima-otkrice-i-podjela","status":"publish","type":"page","link":"https:\/\/vesnajanko.eu\/?page_id=1162","title":{"rendered":"Amerike- geografski smje\u0161taj i polo\u017eaj, otkri\u0107e i podjela"},"content":{"rendered":"\n<p class=\"has-very-light-gray-background-color has-background has-small-font-size\">\u0160to \u0107e\u0161 nau\u010diti:<br><strong>Klju\u010dni   pojmov<\/strong>i:   geografska   otkri\u0107a   Amerike, europska  kolonizacija,  podjela  Amerike,  umjetni kanal.<br><strong>Obrazovna  postignu\u0107a<\/strong>:  odrediti  na  geografskoj  karti polo\u017eaj  i  smje\u0161taj  Amerike;  obrazlo\u017eiti  dru\u0161tveno-prostornu   podjelu   Amerike   i   pokazati   ju   na geografskoj  karti;  obrazlo\u017eiti  prometnu  va\u017enost Panamskoga  kanala;  pokazati  na  geografskoj  karti smjerove i navesti posljedice naseljavanja. <\/p>\n\n\n\n<iframe loading=\"lazy\" src=\"https:\/\/docs.google.com\/presentation\/d\/e\/2PACX-1vQACMGQvxOpCiz5YqsTBcHBKJJceY7D3CXY2mx-fatXvVwyN-kjZMwTEMdH8Emm7R3YNnyVfR-fQh1n\/pubembed?start=false&#038;loop=false&#038;delayms=3000\" frameborder=\"0\" width=\"1280\" height=\"749\" allowfullscreen=\"true\" mozallowfullscreen=\"true\" webkitallowfullscreen=\"true\"><\/iframe>\n\n\n\n<p><a href=\"https:\/\/wordwall.net\/hr\/resource\/907323\" target=\"_blank\" rel=\"noreferrer noopener\" aria-label=\"Amerika - vje\u017eba na karti (otvara se u novoj kartici)\">Amerika &#8211; vje\u017eba na karti<\/a><\/p>\n\n\n\n<hr class=\"wp-block-separator has-css-opacity\"\/>\n\n\n\n<h4 class=\"wp-block-heading has-pale-cyan-blue-background-color has-background\">GeoBilje\u017enica<\/h4>\n\n\n\n<p class=\"has-text-align-center\">Amerike- geografski smje\u0161taj i polo\u017eaj, otkri\u0107e i podjela<\/p>\n\n\n\n<ul class=\"wp-block-list\">\n<li>Europljani su putovali do Amerike i prije Kolumbova otkri\u0107a (kraj 15. st.), ali \u0107e upravo ono najvi\u0161e utjecati na na\u010din \u017eivota ljudi u Europi i Americi<\/li>\n\n\n\n<li>Prostire se na tri Zemljine polutke, izlazi na Tihi i Atlanstski ocean<\/li>\n\n\n\n<li>prema prirodno-geografskoj&nbsp;podjeli&nbsp;Amerika se dijeli na: SJEVERNU,&nbsp;(SREDNJU)&nbsp;I JU\u017dNU<\/li>\n\n\n\n<li>doseljenici su starosjediocima nametnuli kulturu i jezik pa prema tomu Ameriku dijelimo na ANGLOAMERIKU I LATINSKU AMERIKU\n<ul class=\"wp-block-list\">\n<li>granica je rijeka Rio Grande<\/li>\n<\/ul>\n<\/li>\n<\/ul>\n","protected":false},"excerpt":{"rendered":"<p>\u0160to \u0107e\u0161 nau\u010diti:Klju\u010dni pojmovi: geografska otkri\u0107a Amerike, europska kolonizacija, podjela Amerike, umjetni kanal.Obrazovna postignu\u0107a: odrediti na geografskoj karti polo\u017eaj i smje\u0161taj Amerike; obrazlo\u017eiti dru\u0161tveno-prostornu podjelu Amerike i pokazati ju na geografskoj karti; obrazlo\u017eiti prometnu va\u017enost Panamskoga kanala; pokazati na geografskoj karti smjerove i navesti posljedice naseljavanja. Amerika &#8211; vje\u017eba na&#8230; <a href=\"https:\/\/vesnajanko.eu\/?page_id=1162\" class=\"readmore\">Vi\u0161e<span class=\"screen-reader-text\">&#8220;Amerike- geografski smje\u0161taj i polo\u017eaj, otkri\u0107e i podjela&#8221;<\/span><\/a><\/p>\n","protected":false},"author":1,"featured_media":0,"parent":9,"menu_order":0,"comment_status":"closed","ping_status":"closed","template":"templates\/page-full-width.php","meta":{"footnotes":""},"class_list":["post-1162","page","type-page","status-publish","hentry"],"_links":{"self":[{"href":"https:\/\/vesnajanko.eu\/index.php?rest_route=\/wp\/v2\/pages\/1162","targetHints":{"allow":["GET"]}}],"collection":[{"href":"https:\/\/vesnajanko.eu\/index.php?rest_route=\/wp\/v2\/pages"}],"about":[{"href":"https:\/\/vesnajanko.eu\/index.php?rest_route=\/wp\/v2\/types\/page"}],"author":[{"embeddable":true,"href":"https:\/\/vesnajanko.eu\/index.php?rest_route=\/wp\/v2\/users\/1"}],"replies":[{"embeddable":true,"href":"https:\/\/vesnajanko.eu\/index.php?rest_route=%2Fwp%2Fv2%2Fcomments&post=1162"}],"version-history":[{"count":22,"href":"https:\/\/vesnajanko.eu\/index.php?rest_route=\/wp\/v2\/pages\/1162\/revisions"}],"predecessor-version":[{"id":10254,"href":"https:\/\/vesnajanko.eu\/index.php?rest_route=\/wp\/v2\/pages\/1162\/revisions\/10254"}],"up":[{"embeddable":true,"href":"https:\/\/vesnajanko.eu\/index.php?rest_route=\/wp\/v2\/pages\/9"}],"wp:attachment":[{"href":"https:\/\/vesnajanko.eu\/index.php?rest_route=%2Fwp%2Fv2%2Fmedia&parent=1162"}],"curies":[{"name":"wp","href":"https:\/\/api.w.org\/{rel}","templated":true}]}}