{"id":1083,"date":"2016-02-11T20:41:22","date_gmt":"2016-02-11T20:41:22","guid":{"rendered":"https:\/\/vesnajanko.eu\/?page_id=1083"},"modified":"2021-01-14T20:07:55","modified_gmt":"2021-01-14T19:07:55","slug":"igraonica","status":"publish","type":"page","link":"https:\/\/vesnajanko.eu\/?page_id=1083","title":{"rendered":"Geoigraonica"},"content":{"rendered":"\n<p><strong><a href=\"https:\/\/forms.gle\/tim27GqobJKnMGbh9\" target=\"_blank\" rel=\"noreferrer noopener\" aria-label=\"Obrazac za igru Blended Play (otvara se u novoj kartici)\">Obrazac za igru Blended Play<\/a><\/strong><\/p>\n\n\n\n<h3 class=\"wp-block-heading\">&nbsp;<a href=\"https:\/\/drive.google.com\/drive\/folders\/0B2FuRdlFFzbGZ3RwOVc0Zl9KU2c?usp=sharing\" target=\"_blank\" rel=\"noopener noreferrer\">micro:bit<\/a><\/h3>\n\n\n\n<hr class=\"wp-block-separator\"\/>\n\n\n\n<h4 class=\"wp-block-heading\"><a href=\"https:\/\/vesnajanko.eu\/?page_id=1486\">PurposeGames -vje\u017ebe na karti<\/a><\/h4>\n\n\n\n<hr class=\"wp-block-separator\"\/>\n\n\n\n<h4 class=\"wp-block-heading\"><a href=\"https:\/\/vesnajanko.eu\/?page_id=1676\">Kahoot<\/a> &#8211; kviz<\/h4>\n\n\n\n<hr class=\"wp-block-separator\"\/>\n\n\n\n<h4 class=\"wp-block-heading\"><a href=\"https:\/\/vesnajanko.eu\/?page_id=3056\">Puzzle<\/a><\/h4>\n\n\n\n<hr class=\"wp-block-separator\"\/>\n\n\n\n<h4 class=\"wp-block-heading\"><a href=\"https:\/\/vesnajanko.eu\/?page_id=4211\">GeoGuessr<\/a> &#8211; igra poga\u0111anja mjesta<\/h4>\n\n\n\n<hr class=\"wp-block-separator\"\/>\n\n\n\n<h4 class=\"wp-block-heading\"><a href=\"https:\/\/vesnajanko.eu\/?page_id=4222\">ClassTools.net<\/a> &#8211; igre i vje\u017ebe<\/h4>\n\n\n\n<hr class=\"wp-block-separator\"\/>\n\n\n\n<!--nextpage-->\n\n\n\n<h4 class=\"wp-block-heading\">IGRE ZA PC (potrebno preuzeti na ra\u010dunalo)<\/h4>\n\n\n\n<p><a href=\"https:\/\/drive.google.com\/file\/d\/0B2FuRdlFFzbGNkxSdzEtXzNwRXM\/view?usp=sharing\" target=\"_blank\" rel=\"noopener noreferrer\">Njema\u010dka<\/a><\/p>\n\n\n\n<p><a href=\"https:\/\/drive.google.com\/file\/d\/0B2FuRdlFFzbGeWVuN18zRllnWVU\/view?usp=sharing\" target=\"_blank\" rel=\"noopener noreferrer\">Promet u Europi<\/a><\/p>\n\n\n\n<hr class=\"wp-block-separator\"\/>\n\n\n\n<p><strong>POPULARNE IGRE NA INTERNETU<\/strong><\/p>\n\n\n\n<p><a href=\"https:\/\/geoguessr.com\/\" target=\"_blank\" rel=\"noopener noreferrer\">Geoguessr<\/a><\/p>\n\n\n\n<p><a href=\"http:\/\/www.earth-picker.com\/\" target=\"_blank\" rel=\"noopener noreferrer\">Earth-Picker<\/a><\/p>\n\n\n\n<p><a href=\"http:\/\/googlemapsmania.blogspot.hr\/2017\/09\/10-street-view-games-to-kill-your-day.html\">http:\/\/googlemapsmania.blogspot.hr\/2017\/09\/10-street-view-games-to-kill-your-day.html<\/a><\/p>\n\n\n\n<p><a href=\"http:\/\/gameon.world\/\">http:\/\/gameon.world\/<\/a><\/p>\n\n\n\n<p><a href=\"http:\/\/world-geography-games.com\/\">http:\/\/world-geography-games.com\/<\/a><\/p>\n\n\n\n<p><a href=\"http:\/\/www.sheppardsoftware.com\/Geography.htm\">http:\/\/www.sheppardsoftware.com\/Geography.htm<\/a><\/p>\n\n\n\n<p><a href=\"https:\/\/online.seterra.com\/en\">https:\/\/online.seterra.com\/en<\/a><\/p>\n","protected":false},"excerpt":{"rendered":"<p>Obrazac za igru Blended Play &nbsp;micro:bit PurposeGames -vje\u017ebe na karti Kahoot &#8211; kviz Puzzle GeoGuessr &#8211; igra poga\u0111anja mjesta ClassTools.net &#8211; igre i vje\u017ebe<\/p>\n","protected":false},"author":1,"featured_media":0,"parent":0,"menu_order":0,"comment_status":"closed","ping_status":"closed","template":"","meta":{"footnotes":""},"class_list":["post-1083","page","type-page","status-publish","hentry"],"_links":{"self":[{"href":"https:\/\/vesnajanko.eu\/index.php?rest_route=\/wp\/v2\/pages\/1083","targetHints":{"allow":["GET"]}}],"collection":[{"href":"https:\/\/vesnajanko.eu\/index.php?rest_route=\/wp\/v2\/pages"}],"about":[{"href":"https:\/\/vesnajanko.eu\/index.php?rest_route=\/wp\/v2\/types\/page"}],"author":[{"embeddable":true,"href":"https:\/\/vesnajanko.eu\/index.php?rest_route=\/wp\/v2\/users\/1"}],"replies":[{"embeddable":true,"href":"https:\/\/vesnajanko.eu\/index.php?rest_route=%2Fwp%2Fv2%2Fcomments&post=1083"}],"version-history":[{"count":56,"href":"https:\/\/vesnajanko.eu\/index.php?rest_route=\/wp\/v2\/pages\/1083\/revisions"}],"predecessor-version":[{"id":5629,"href":"https:\/\/vesnajanko.eu\/index.php?rest_route=\/wp\/v2\/pages\/1083\/revisions\/5629"}],"wp:attachment":[{"href":"https:\/\/vesnajanko.eu\/index.php?rest_route=%2Fwp%2Fv2%2Fmedia&parent=1083"}],"curies":[{"name":"wp","href":"https:\/\/api.w.org\/{rel}","templated":true}]}}