{"id":1025,"date":"2016-02-01T18:26:46","date_gmt":"2016-02-01T18:26:46","guid":{"rendered":"https:\/\/vesnajanko.eu\/?page_id=1025"},"modified":"2026-03-04T19:10:08","modified_gmt":"2026-03-04T18:10:08","slug":"7-36-njemacka-regionalna-obiljezja","status":"publish","type":"page","link":"https:\/\/vesnajanko.eu\/?page_id=1025","title":{"rendered":"Njema\u010dka &#8211; regionalna obilje\u017eja"},"content":{"rendered":"\n<h4 class=\"wp-block-heading\">\u0160to \u0107e\u0161 nau\u010diti<\/h4>\n\n\n\n<ul class=\"wp-block-list\">\n<li>opisati geografske posebnosti njema\u010dkih regija<\/li>\n\n\n\n<li>imenovati i pokazati na karti ve\u0107e gradove regija<\/li>\n\n\n\n<li>razvijati suradnju u grupnome radu<\/li>\n\n\n\n<li>razvijati digitalne vje\u0161tine radom na tabletu, znati prona\u0107i bitne i vjerodostojne \u010dinjenice na internetu<\/li>\n<\/ul>\n\n\n\n<div style=\"height:38px\" aria-hidden=\"true\" class=\"wp-block-spacer\"><\/div>\n\n\n\n<h4 class=\"wp-block-heading\">Tijek nastavnog sata<\/h4>\n\n\n\n<p><strong>Regije Njema\u010dke:<\/strong><\/p>\n\n\n\n<ol class=\"wp-block-list\">\n<li>Sjeverna Njema\u010dka<\/li>\n\n\n\n<li>Srednja Njema\u010dka (s Porajnjem)<\/li>\n\n\n\n<li>Ju\u017ena Njema\u010dka<\/li>\n<\/ol>\n\n\n\n<hr class=\"wp-block-separator has-css-opacity\"\/>\n\n\n\n<p><strong><a href=\"https:\/\/www.scribblemaps.com\/maps\/view\/Njemacka\/Njemacka\" target=\"_blank\" rel=\"noreferrer noopener\" aria-label=\"Karta regija Njema\u010dke (otvara se u novoj kartici)\">Karta regija Njema\u010dke<\/a><\/strong><\/p>\n\n\n\n<hr class=\"wp-block-separator has-css-opacity\"\/>\n\n\n\n<p>VERZIJA 1<\/p>\n\n\n\n<p>Samostalan rad. Popuni tablicu uz pomo\u0107 ud\u017ebenika, str. 106.<\/p>\n\n\n\n<img decoding=\"async\" src=\"https:\/\/docs.google.com\/drawings\/d\/e\/2PACX-1vQnN_bOC5Qdq3QqRqE6plNtX4BRxgLGb7B4ORNQ1C06VuEhWtOTT7WAOZp5WqeDojmNCvr_-BGXHRyR\/pub?w=480&amp;h=360\">\n\n\n\n<hr class=\"wp-block-separator has-css-opacity\"\/>\n\n\n\n<p>VERZIJA 2<\/p>\n\n\n\n<p>Samostalan rad ili u paru. Izradi umnu mapu o regijama Njema\u010dke prema <strong><a href=\"https:\/\/coggle.it\/diagram\/Y72qsvnDY3PfAVEv\/t\/regije-njema%C4%8Dke\/32deded62a1b5f8e9a63f363e3fbfd352fc155021743045892433fdbaf6ad8a4\" target=\"_blank\" rel=\"noreferrer noopener\">ovom predlo\u0161ku<\/a><\/strong>.<\/p>\n\n\n\n<hr class=\"wp-block-separator has-alpha-channel-opacity\"\/>\n\n\n\n<p>VERZIJA 3<\/p>\n\n\n\n<p>Rad u paru. <strong><a href=\"https:\/\/forms.gle\/4EBtYrwV3PTDgvdh7\" target=\"_blank\" rel=\"noreferrer noopener\">Odgovorite na pitanja ovdje<\/a><\/strong>.<\/p>\n\n\n\n<hr class=\"wp-block-separator has-css-opacity\"\/>\n\n\n\n<h4 class=\"wp-block-heading has-pale-cyan-blue-background-color has-background\"><a href=\"https:\/\/docs.google.com\/document\/d\/e\/2PACX-1vR9LEIV1JEhzsIt_p1ryXEGWcgTFKQ5uxho5Rugce_2Z8GBv9kG36st3mafZfOmCOzH95U2AqYYW5_b\/pub\" target=\"_blank\" rel=\"noreferrer noopener\">Geobilje\u017enica<\/a><\/h4>\n\n\n\n<p><\/p>\n","protected":false},"excerpt":{"rendered":"<p>\u0160to \u0107e\u0161 nau\u010diti Tijek nastavnog sata Regije Njema\u010dke: Karta regija Njema\u010dke VERZIJA 1 Samostalan rad. Popuni tablicu uz pomo\u0107 ud\u017ebenika, str. 106. VERZIJA 2 Samostalan rad ili u paru. Izradi umnu mapu o regijama Njema\u010dke prema ovom predlo\u0161ku. VERZIJA 3 Rad u paru. Odgovorite na pitanja ovdje. Geobilje\u017enica<\/p>\n","protected":false},"author":1,"featured_media":0,"parent":7756,"menu_order":0,"comment_status":"closed","ping_status":"closed","template":"","meta":{"footnotes":""},"class_list":["post-1025","page","type-page","status-publish","hentry"],"_links":{"self":[{"href":"https:\/\/vesnajanko.eu\/index.php?rest_route=\/wp\/v2\/pages\/1025","targetHints":{"allow":["GET"]}}],"collection":[{"href":"https:\/\/vesnajanko.eu\/index.php?rest_route=\/wp\/v2\/pages"}],"about":[{"href":"https:\/\/vesnajanko.eu\/index.php?rest_route=\/wp\/v2\/types\/page"}],"author":[{"embeddable":true,"href":"https:\/\/vesnajanko.eu\/index.php?rest_route=\/wp\/v2\/users\/1"}],"replies":[{"embeddable":true,"href":"https:\/\/vesnajanko.eu\/index.php?rest_route=%2Fwp%2Fv2%2Fcomments&post=1025"}],"version-history":[{"count":30,"href":"https:\/\/vesnajanko.eu\/index.php?rest_route=\/wp\/v2\/pages\/1025\/revisions"}],"predecessor-version":[{"id":10237,"href":"https:\/\/vesnajanko.eu\/index.php?rest_route=\/wp\/v2\/pages\/1025\/revisions\/10237"}],"up":[{"embeddable":true,"href":"https:\/\/vesnajanko.eu\/index.php?rest_route=\/wp\/v2\/pages\/7756"}],"wp:attachment":[{"href":"https:\/\/vesnajanko.eu\/index.php?rest_route=%2Fwp%2Fv2%2Fmedia&parent=1025"}],"curies":[{"name":"wp","href":"https:\/\/api.w.org\/{rel}","templated":true}]}}