{"id":1021,"date":"2016-02-01T17:49:29","date_gmt":"2016-02-01T17:49:29","guid":{"rendered":"https:\/\/vesnajanko.eu\/?page_id=1021"},"modified":"2026-01-25T15:50:45","modified_gmt":"2026-01-25T14:50:45","slug":"7-35-njemacka-geografska-obiljezja","status":"publish","type":"page","link":"https:\/\/vesnajanko.eu\/?page_id=1021","title":{"rendered":"Njema\u010dka &#8211; geografska obilje\u017eja"},"content":{"rendered":"\n<h4 class=\"wp-block-heading\">\u0160to \u0107e\u0161 nau\u010diti<\/h4>\n\n\n\n<ul class=\"wp-block-list\">\n<li>pokazati na karti i obrazlo\u017eiti va\u017enost prometnog polo\u017eaja Njema\u010dke<\/li>\n\n\n\n<li>obrazlo\u017eiti zna\u010dajke suvremenog gospodarstva Njema\u010dke<\/li>\n\n\n\n<li>izdvojiti razloge velikog udjela stranih radnika<\/li>\n\n\n\n<li>razvijati kartografske vje\u0161tine<\/li>\n\n\n\n<li>razvijati digitalne vje\u0161tine<\/li>\n\n\n\n<li>razvijati sposobnost usmenog i pisanog izra\u017eavanja\n<ul class=\"wp-block-list\">\n<li><\/li>\n<\/ul>\n<\/li>\n<\/ul>\n\n\n\n<div style=\"height:44px\" aria-hidden=\"true\" class=\"wp-block-spacer\"><\/div>\n\n\n\n<h4 class=\"wp-block-heading\">Tijek nastavnog sata<\/h4>\n\n\n\n<p class=\"has-pale-ocean-gradient-background has-background\">Pogledaj <strong><a href=\"https:\/\/docs.google.com\/presentation\/d\/e\/2PACX-1vRLW4fMbmYbilwsskqDB0KWd4SO_4PR21TTXjV-Hb57lGG4M2stv5vZcfPyssoewMz78ZS5Yt7X7lvj\/pub?start=false&amp;loop=false&amp;delayms=3000\" target=\"_blank\" rel=\"noreferrer noopener\">radni materijal<\/a><\/strong>.<\/p>\n\n\n\n<h4 class=\"wp-block-heading has-medium-font-size\">Geobilje\u017enica<\/h4>\n\n\n\n<p class=\"has-text-align-center\"><span style=\"text-decoration: underline;\">Njema\u010dka &#8211; geografska obilje\u017eja<\/span><\/p>\n\n\n\n<ul class=\"wp-block-list\">\n<li>nalazi se izme\u0111u Alpa na jugu, Sjevernog i Balti\u010dkog mora na sjeveru<\/li>\n\n\n\n<li>reljefne cjeline: Sjevernonjema\u010dka nizina, Sredogorje, Alpe i \u0160vapsko-bavarska visoravan<\/li>\n\n\n\n<li>umjereno topla vla\u017ena klima + kontinentalnost<\/li>\n\n\n\n<li><b><b>\u010d<\/b>etvrta<\/b> gospodarska sila na svijetu i prva u Europi<\/li>\n\n\n\n<li>najmnogoljudnija dr\u017eava Europe i dr\u017eava useljavanja<\/li>\n\n\n\n<li>ujedinjenje Njema\u010dke 1990. nakon ru\u0161enja Berlinskog zida<\/li>\n<\/ul>\n","protected":false},"excerpt":{"rendered":"<p>\u0160to \u0107e\u0161 nau\u010diti Tijek nastavnog sata Pogledaj radni materijal. Geobilje\u017enica Njema\u010dka &#8211; geografska obilje\u017eja<\/p>\n","protected":false},"author":1,"featured_media":0,"parent":7756,"menu_order":0,"comment_status":"closed","ping_status":"closed","template":"","meta":{"footnotes":""},"class_list":["post-1021","page","type-page","status-publish","hentry"],"_links":{"self":[{"href":"https:\/\/vesnajanko.eu\/index.php?rest_route=\/wp\/v2\/pages\/1021","targetHints":{"allow":["GET"]}}],"collection":[{"href":"https:\/\/vesnajanko.eu\/index.php?rest_route=\/wp\/v2\/pages"}],"about":[{"href":"https:\/\/vesnajanko.eu\/index.php?rest_route=\/wp\/v2\/types\/page"}],"author":[{"embeddable":true,"href":"https:\/\/vesnajanko.eu\/index.php?rest_route=\/wp\/v2\/users\/1"}],"replies":[{"embeddable":true,"href":"https:\/\/vesnajanko.eu\/index.php?rest_route=%2Fwp%2Fv2%2Fcomments&post=1021"}],"version-history":[{"count":11,"href":"https:\/\/vesnajanko.eu\/index.php?rest_route=\/wp\/v2\/pages\/1021\/revisions"}],"predecessor-version":[{"id":10222,"href":"https:\/\/vesnajanko.eu\/index.php?rest_route=\/wp\/v2\/pages\/1021\/revisions\/10222"}],"up":[{"embeddable":true,"href":"https:\/\/vesnajanko.eu\/index.php?rest_route=\/wp\/v2\/pages\/7756"}],"wp:attachment":[{"href":"https:\/\/vesnajanko.eu\/index.php?rest_route=%2Fwp%2Fv2%2Fmedia&parent=1021"}],"curies":[{"name":"wp","href":"https:\/\/api.w.org\/{rel}","templated":true}]}}