{"id":1015,"date":"2016-02-01T17:28:20","date_gmt":"2016-02-01T17:28:20","guid":{"rendered":"https:\/\/vesnajanko.eu\/?page_id=1015"},"modified":"2026-02-04T20:56:32","modified_gmt":"2026-02-04T19:56:32","slug":"6-25-26-kina","status":"publish","type":"page","link":"https:\/\/vesnajanko.eu\/?page_id=1015","title":{"rendered":"Kina"},"content":{"rendered":"\n<p><span style=\"text-decoration: underline;\">Uvod<\/span><\/p>\n\n\n\n<ul class=\"wp-block-list\">\n<li>provjera predznanja iz Povijesti<\/li>\n\n\n\n<li>poticanje znati\u017eelje i najava<\/li>\n<\/ul>\n\n\n\n<p>Koje smo izume ba\u0161tinili od kineske civilizacije? (prvi slajd radnog materijala)<\/p>\n\n\n\n<p><span style=\"text-decoration: underline;\">Glavni dio sata<\/span><\/p>\n\n\n\n<ul class=\"wp-block-list\">\n<li>nau\u010diti temeljne pojmove: les<\/li>\n\n\n\n<li>analiza grafi\u010dkih priloga<\/li>\n\n\n\n<li>pa\u017eljivo pratiti nastavu, aktivno sudjelovati u radu<\/li>\n<\/ul>\n\n\n\n<p><a href=\"https:\/\/youtu.be\/sMzfoo4JBLo?si=XbKSv_0D-1QBKfYh\" target=\"_blank\" rel=\"noreferrer noopener\">Pogledaj prirodnu ba\u0161tinu KIne<\/a><\/p>\n\n\n\n<div style=\"height:40px\" aria-hidden=\"true\" class=\"wp-block-spacer\"><\/div>\n\n\n\n<p class=\"has-pale-ocean-gradient-background has-background\">Pogledaj <a href=\"https:\/\/docs.google.com\/presentation\/d\/e\/2PACX-1vTIbxyBVLgY3EA8r18tyqOYu7EiQhquyGC-tV0yb98GwdfQSwQaAd59x2-0HmGYjCJLnwgffzJuvMMs\/pub?start=false&amp;loop=false&amp;delayms=3000\" target=\"_blank\" rel=\"noreferrer noopener\"><strong>prezentaciju<\/strong><\/a>.<\/p>\n\n\n\n<iframe loading=\"lazy\" src=\"https:\/\/docs.google.com\/presentation\/d\/e\/2PACX-1vSjaAneMziIvyR0C1PIiO9oEVwhbJVflstbWk18-KsmV2TyAICljNfBueg6_EdQDUuJBQytzYKP-tAK\/embed?start=false&#038;loop=false&#038;delayms=3000\" frameborder=\"0\" width=\"960\" height=\"569\" allowfullscreen=\"true\" mozallowfullscreen=\"true\" webkitallowfullscreen=\"true\"><\/iframe>\n\n\n\n<p><span style=\"text-decoration: underline;\">Zavr\u0161ni dio sata<\/span><\/p>\n\n\n\n<ul class=\"wp-block-list\">\n<li>primjena nau\u010denog<\/li>\n<\/ul>\n\n\n\n<p>Igra Kahoot &#8211; Kina.<\/p>\n\n\n\n<h4 class=\"wp-block-heading has-pale-cyan-blue-background-color has-background\">Geobilje\u0161ke<\/h4>\n\n\n\n<p class=\"has-text-align-center\"><span style=\"text-decoration: underline;\">Kina<\/span><\/p>\n\n\n\n<p>-Geografski polo\u017eaj: na istoku Azije, izlazi na \u017duto, Isto\u010dnokinesko i Ju\u017enokinesko more<br>-Regije: U\u017ea i Vanjska Kina<br>-Stanovni\u0161tvo: najmnogoljudnija zemlja svijeta (1,4 milijarde), Kinezi i ostali narodi<br>-Izvozni proizvodi: \u010daj, soja, svila, odje\u0107a i obu\u0107a, ku\u0107anski aparati, elektroni\u010dni ure\u0111aji..<br>-Gradovi:&nbsp;<strong>Peking<\/strong>, Shanghai, Hong Kong<\/p>\n","protected":false},"excerpt":{"rendered":"<p>Uvod Koje smo izume ba\u0161tinili od kineske civilizacije? (prvi slajd radnog materijala) Glavni dio sata Pogledaj prirodnu ba\u0161tinu KIne Pogledaj prezentaciju. Zavr\u0161ni dio sata Igra Kahoot &#8211; Kina. Geobilje\u0161ke Kina -Geografski polo\u017eaj: na istoku Azije, izlazi na \u017duto, Isto\u010dnokinesko i Ju\u017enokinesko more-Regije: U\u017ea i Vanjska Kina-Stanovni\u0161tvo: najmnogoljudnija zemlja svijeta (1,4&#8230; <a href=\"https:\/\/vesnajanko.eu\/?page_id=1015\" class=\"readmore\">Vi\u0161e<span class=\"screen-reader-text\">&#8220;Kina&#8221;<\/span><\/a><\/p>\n","protected":false},"author":1,"featured_media":0,"parent":7242,"menu_order":0,"comment_status":"closed","ping_status":"closed","template":"templates\/page-full-width.php","meta":{"footnotes":""},"class_list":["post-1015","page","type-page","status-publish","hentry"],"_links":{"self":[{"href":"https:\/\/vesnajanko.eu\/index.php?rest_route=\/wp\/v2\/pages\/1015","targetHints":{"allow":["GET"]}}],"collection":[{"href":"https:\/\/vesnajanko.eu\/index.php?rest_route=\/wp\/v2\/pages"}],"about":[{"href":"https:\/\/vesnajanko.eu\/index.php?rest_route=\/wp\/v2\/types\/page"}],"author":[{"embeddable":true,"href":"https:\/\/vesnajanko.eu\/index.php?rest_route=\/wp\/v2\/users\/1"}],"replies":[{"embeddable":true,"href":"https:\/\/vesnajanko.eu\/index.php?rest_route=%2Fwp%2Fv2%2Fcomments&post=1015"}],"version-history":[{"count":20,"href":"https:\/\/vesnajanko.eu\/index.php?rest_route=\/wp\/v2\/pages\/1015\/revisions"}],"predecessor-version":[{"id":10231,"href":"https:\/\/vesnajanko.eu\/index.php?rest_route=\/wp\/v2\/pages\/1015\/revisions\/10231"}],"up":[{"embeddable":true,"href":"https:\/\/vesnajanko.eu\/index.php?rest_route=\/wp\/v2\/pages\/7242"}],"wp:attachment":[{"href":"https:\/\/vesnajanko.eu\/index.php?rest_route=%2Fwp%2Fv2%2Fmedia&parent=1015"}],"curies":[{"name":"wp","href":"https:\/\/api.w.org\/{rel}","templated":true}]}}