{"id":10008,"date":"2025-05-18T18:22:45","date_gmt":"2025-05-18T17:22:45","guid":{"rendered":"https:\/\/vesnajanko.eu\/?page_id=10008"},"modified":"2025-05-18T18:41:48","modified_gmt":"2025-05-18T17:41:48","slug":"drustveno-geografska-obiljezja-sjeverne-europe","status":"publish","type":"page","link":"https:\/\/vesnajanko.eu\/?page_id=10008","title":{"rendered":"Dru\u0161tveno-geografska obilje\u017eja Sjeverne Europe"},"content":{"rendered":"\n<p>Stranice ud\u017ebenika: 189. &#8211; 193.<\/p>\n\n\n\n<iframe loading=\"lazy\" src=\"https:\/\/docs.google.com\/forms\/d\/e\/1FAIpQLSdpc5dTjTXIP4YBlfCOicIH_aHNSE1prZavIW1IVNBE-rRQGA\/viewform?embedded=true\" width=\"720\" height=\"4014\" frameborder=\"0\" marginheight=\"0\" marginwidth=\"0\">U\u010ditavanje\u2026<\/iframe>\n\n\n\n<p class=\"has-pale-cyan-blue-background-color has-background\"><a href=\"https:\/\/vesnajanko.eu\/?page_id=10008&amp;page=2\">Geobilje\u0161ke<\/a><\/p>\n\n\n\n<!--nextpage-->\n\n\n\n<p class=\"has-text-align-center has-medium-font-size\">Dru\u0161tveno-geografska obilje\u017eja Sjeverne Europe<\/p>\n\n\n\n<p>Dr\u017eave Sjeverne Europe&nbsp;<\/p>\n\n\n\n<ul class=\"wp-block-list\">\n<li>Nordijske dr\u017eave su dr\u017eave Skandinavskog poluotoka te Danska i Island.&nbsp;<\/li>\n\n\n\n<li>Balti\u010dke dr\u017eave su Estonija, Latvija i Litva.&nbsp;<\/li>\n<\/ul>\n\n\n\n<p>Najrje\u0111e naseljena regija Europe&nbsp;<\/p>\n\n\n\n<ul class=\"wp-block-list\">\n<li>Sjeverna Europa je najrje\u0111e naseljena europska regij.&nbsp;<\/li>\n\n\n\n<li>Glavni \u010dimbenik koji je utjecao na razmje\u0161taj stanovni\u0161tva jesu prirodni uvjeti, ponajprije klima.&nbsp;&nbsp;<\/li>\n<\/ul>\n\n\n\n<p>Poljoprivreda \u2013 velike razlike&nbsp;<\/p>\n\n\n\n<ul class=\"wp-block-list\">\n<li>Poljoprivreda je najrazvijenija u Danskoj, koja ima i najve\u0107i udio plodnih povr\u0161ina.<\/li>\n\n\n\n<li>U poljoprivredi Sjeverne Europe je sto\u010darstvo va\u017enije od poljodjelstva.<\/li>\n<\/ul>\n\n\n\n<p>Raznovrsna prirodna bogatstva&nbsp;<\/p>\n\n\n\n<ul class=\"wp-block-list\">\n<li>Ribarstvo je iznimno va\u017eno za ve\u0107inu dr\u017eava Sjeverne Europe.<\/li>\n\n\n\n<li>\u0160ume su najra\u0161irenije u \u0160vedskoj i Finskoj.&nbsp;<\/li>\n\n\n\n<li>Hidroenergija je bila osnova razvoja norve\u0161ke, \u0161vedske i islandske industrije.<\/li>\n\n\n\n<li>Nordijske dr\u017eave me\u0111u vode\u0107ima su u proizvodnji i iskori\u0161tavanju odr\u017eivih izvora.&nbsp;<\/li>\n\n\n\n<li>Balti\u010dke dr\u017eave su bez velikoga vodnog bogatstva i bez znatnijih vlastitih fosilnih goriva pa elektri\u010dnu energiju i uvoze.&nbsp;<\/li>\n\n\n\n<li>Nordijske dr\u017eave raspola\u017eu i znatnim rudnim bogatstvom; nafta i prirodni plin z podmorja Sjevernoga mora, u \u0160vedskoj ima \u017eeljezne rude u Kiruni, a u Finskoj su va\u017ena nalazi\u0161ta ruda kroma i bakra.&nbsp;<\/li>\n<\/ul>\n\n\n\n<p>Napredna industrija&nbsp;<\/p>\n\n\n\n<ul class=\"wp-block-list\">\n<li>Industrija nordijskih dr\u017eava vrlo je napredna i raznovrsna.&nbsp;<\/li>\n\n\n\n<li>Za razvoj najsuvremenijih industrija va\u017ena je visokoobrazovana radna snaga.<\/li>\n\n\n\n<li>Balti\u010dke dr\u017eave uspje\u0161no su se okrenule tr\u017ei\u0161nom gospodarstvu nakon osamostaljenja i postigle znatan gospodarski napredak.&nbsp;<\/li>\n<\/ul>\n\n\n\n<p>Trgovina i pomorstvo&nbsp;<\/p>\n\n\n\n<ul class=\"wp-block-list\">\n<li>Potreba uvoza sirovina i prehrambenih proizvoda te vi\u0161ak industrijskih proizvoda upu\u0107uju sve dr\u017eave Sjeverne Europe na me\u0111unarodnu trgovinu.&nbsp;<\/li>\n\n\n\n<li>Vjekovna okrenutost moru i suvremena potreba za trgovinom odrazila se na razvoj i dana\u0161nje veliko zna\u010denje pomorstva u Sjevernoj Europi.&nbsp;<\/li>\n<\/ul>\n","protected":false},"excerpt":{"rendered":"<p>Stranice ud\u017ebenika: 189. &#8211; 193. U\u010ditavanje\u2026 Geobilje\u0161ke<\/p>\n","protected":false},"author":1,"featured_media":0,"parent":6729,"menu_order":0,"comment_status":"closed","ping_status":"closed","template":"templates\/page-full-width.php","meta":{"footnotes":""},"class_list":["post-10008","page","type-page","status-publish","hentry"],"_links":{"self":[{"href":"https:\/\/vesnajanko.eu\/index.php?rest_route=\/wp\/v2\/pages\/10008","targetHints":{"allow":["GET"]}}],"collection":[{"href":"https:\/\/vesnajanko.eu\/index.php?rest_route=\/wp\/v2\/pages"}],"about":[{"href":"https:\/\/vesnajanko.eu\/index.php?rest_route=\/wp\/v2\/types\/page"}],"author":[{"embeddable":true,"href":"https:\/\/vesnajanko.eu\/index.php?rest_route=\/wp\/v2\/users\/1"}],"replies":[{"embeddable":true,"href":"https:\/\/vesnajanko.eu\/index.php?rest_route=%2Fwp%2Fv2%2Fcomments&post=10008"}],"version-history":[{"count":6,"href":"https:\/\/vesnajanko.eu\/index.php?rest_route=\/wp\/v2\/pages\/10008\/revisions"}],"predecessor-version":[{"id":10018,"href":"https:\/\/vesnajanko.eu\/index.php?rest_route=\/wp\/v2\/pages\/10008\/revisions\/10018"}],"up":[{"embeddable":true,"href":"https:\/\/vesnajanko.eu\/index.php?rest_route=\/wp\/v2\/pages\/6729"}],"wp:attachment":[{"href":"https:\/\/vesnajanko.eu\/index.php?rest_route=%2Fwp%2Fv2%2Fmedia&parent=10008"}],"curies":[{"name":"wp","href":"https:\/\/api.w.org\/{rel}","templated":true}]}}